{"id":15875,"date":"2022-06-06T12:50:16","date_gmt":"2022-06-06T12:50:16","guid":{"rendered":"https:\/\/grupotorivac.com\/product\/bancos-de-carga\/"},"modified":"2022-06-06T12:50:16","modified_gmt":"2022-06-06T12:50:16","slug":"bancos-de-carga","status":"publish","type":"product","link":"https:\/\/grupotorivac.com\/de\/product\/bancos-de-carga\/","title":{"rendered":"Widerst\u00e4nde &#8211; Lastbank"},"content":{"rendered":"<p><b>Lastbank in der europ\u00e4ischen Spannungsregulierungsindustrie<\/b><br \/>\n<b>Sicherheit und Effizienz von direkt in Europa hergestellten Produkten<\/b><\/p>\n<p><span style=\"font-weight: 400;\">Die Lastbank ist eine wesentliche Komponente in elektrischen Infrastrukturen, die Tests, Validierungen und Pr\u00fcfungen von Energiesystemen erfordern. In der europ\u00e4ischen Industrie, wo Effizienz, Stabilit\u00e4t und Sicherheit in der Stromverteilung den Wettbewerbsunterschied ausmachen, kommt dieser Art von Widerstandsbaugruppen eine entscheidende technische Bedeutung zu. Sie zeichnet sich als technische L\u00f6sung f\u00fcr die Simulation realer Lasten aus und erm\u00f6glicht eine effektive \u00dcberpr\u00fcfung der Qualit\u00e4t von Generatoren, Wechselrichtern und anderen Energieanlagen, ohne sich auf die Last zu verlassen, die sie unter normalen Betriebsbedingungen h\u00e4tten. In Europa, insbesondere in L\u00e4ndern wie Deutschland, Frankreich oder den Niederlanden, in denen strenge gesetzliche Vorschriften gelten, erh\u00f6ht eine pr\u00e4zise konzipierte Lastbank die Standards der internen Qualit\u00e4tskontrolle in vielen Industriezweigen.   <\/span><\/p>\n<p><span style=\"font-weight: 400;\">Die Widerst\u00e4nde, aus denen jede Lastbank besteht, m\u00fcssen strenge Parameter hinsichtlich Verlustleistung, Toleranz und Best\u00e4ndigkeit gegen extreme Temperaturen erf\u00fcllen. Ihre Integration in das Test- oder Validierungsschema ist nicht nur eine technische Anforderung, sondern eine betriebliche Notwendigkeit. Diese technische F\u00e4higkeit ist besonders wichtig f\u00fcr Energiespeicherzentren, Infrastrukturen f\u00fcr erneuerbare Energien und Testsysteme in der Eisenbahn-, Schiffbau- und Luftfahrtindustrie. Der richtige Einsatz der Lastbank erm\u00f6glicht es, beginnende Ausf\u00e4lle in Systemen zu erkennen, die Nutzungsdauer von Ger\u00e4ten zu verl\u00e4ngern und Leistungsabweichungen bei kritischen Projekten zu vermeiden. In einem Umfeld wie dem europ\u00e4ischen mit hoher technischer Kompetenz und strengen regulatorischen Anforderungen ist die Implementierung eines zuverl\u00e4ssigen Testsystems keine Option: Sie ist eine Voraussetzung, um auf dem Markt zu bestehen.    <\/span><\/p>\n<p>&nbsp;<\/p>\n<p><b>Lastpr\u00fcfst\u00e4nde definieren die Qualit\u00e4t eines Stromnetzes.<\/b><\/p>\n<p><span style=\"font-weight: 400;\">Lastpr\u00fcfst\u00e4nde sind zu einem unverzichtbaren Werkzeug in Industrieanlagen geworden, die elektrische Hochspannungssysteme betreiben. Ihre Funktion geht weit \u00fcber einfache Pr\u00fcfaufgaben hinaus. Mit diesen Ger\u00e4ten k\u00f6nnen reale Betriebsbedingungen nachgebildet werden, ohne die Sicherheit und Stabilit\u00e4t der betreffenden Systeme zu gef\u00e4hrden. In Branchen wie der Transformatorenherstellung, der Pr\u00fcfung von Generatoren oder der Wartung von Backup-Systemen sind genaue und zuverl\u00e4ssige Lastb\u00e4nke von entscheidender Bedeutung f\u00fcr die betriebliche Effizienz und die Einhaltung von Vorschriften.   <\/span><\/p>\n<p><span style=\"font-weight: 400;\">F\u00fcr solche Industriekunden werden die Anforderungen an die elektrische Validierung durch Faktoren wie IEC-Normen oder die Einhaltung europ\u00e4ischer Sicherheitsrichtlinien bestimmt, so dass die Lastbankkomponente mit vollst\u00e4ndiger technischer Dokumentation, Materialr\u00fcckverfolgbarkeit und spezifischen Testparametern integriert werden muss. Ein Lieferant, der das Produkt entwickelt und herstellt, ist von entscheidender Bedeutung, insbesondere wenn der Kunde unter anspruchsvollen technischen Bedingungen oder in regulierten Umgebungen arbeitet, wie z.B. bei Anlagen f\u00fcr erneuerbare Energien in Deutschland oder industriellen Effizienzprogrammen in den nordischen L\u00e4ndern. <\/span><\/p>\n<p>&nbsp;<\/p>\n<p><b>Direkte Hersteller von Widerst\u00e4nden und Lastpr\u00fcfst\u00e4nden<\/b><\/p>\n<p><span style=\"font-weight: 400;\">In Umgebungen, in denen erhebliche Spannungs- und Stromst\u00e4rken gehandhabt werden, ist es wichtig, \u00fcber Mechanismen zu verf\u00fcgen, die auch die anspruchsvollsten Szenarien genau simulieren. Lastb\u00e4nke werden genau zu diesem Zweck eingesetzt, da sie es erm\u00f6glichen, elektrische Ger\u00e4te unter verschiedenen Bedingungen zu testen, ohne die Hauptinfrastruktur einem unn\u00f6tigen Risiko auszusetzen. Auf diese Weise k\u00f6nnen Elektroingenieure das Verhalten von Systemen validieren, bevor sie in den endg\u00fcltigen Betrieb gehen oder nach Wartungseingriffen.  <\/span><\/p>\n<p><span style=\"font-weight: 400;\">Der von Torivac entwickelte und produzierte Lasttisch ist eine robuste, langlebige L\u00f6sung, die f\u00fcr den Einsatz in kritischen industriellen Anwendungen optimiert ist. Dar\u00fcber hinaus ist Torivac als Hersteller in der Lage, die Produktparameter innerhalb kurzer Vorlaufzeiten und mit einer auf die spezifischen Anforderungen jedes Kunden abgestimmten technischen Antwort anzupassen. Das ausgezeichnete Verh\u00e4ltnis zwischen Leistung, Kosten und R\u00fcckverfolgbarkeit macht die Widerst\u00e4nde und Lastb\u00e4nke von Torivac zu einer sicheren strategischen Wahl. F\u00fcr Projekte, die in regulierten Umgebungen oder in Sektoren mit hohen regulatorischen Anforderungen durchgef\u00fchrt werden, ist ein zuverl\u00e4ssiger technischer Partner keine Frage der Pr\u00e4ferenz, sondern eine operative Notwendigkeit.   <\/span><\/p>\n<p>&nbsp;<\/p>\n<p><b>Torivac stellt Widerst\u00e4nde her &#8211; hochpr\u00e4zise Lastb\u00e4nke f\u00fcr kritische Tests.<\/b><\/p>\n<p><span style=\"font-weight: 400;\">Der Einsatz einer hochpr\u00e4zisen Lastbank gew\u00e4hrleistet nicht nur die Zuverl\u00e4ssigkeit des Stromnetzes, in dem sie installiert wird, sondern optimiert auch die Zyklen der vorbeugenden Wartung und verringert das Risiko von Ausf\u00e4llen in kritischen Situationen. Im wettbewerbsintensiven europ\u00e4ischen Industrieumfeld, in dem jede technische Abweichung zu finanziellen Verlusten oder vertraglichen Repressalien f\u00fchren kann, bieten Systeme wie die von Torivac einen greifbaren langfristigen Vorteil. Jeder von diesem Unternehmen entwickelte Widerstand wird unter strengen technischen Kriterien hergestellt, um L\u00f6sungen mit hoher Lebensdauer, Energieeffizienz und regulatorischer Kompatibilit\u00e4t anzubieten.  <\/span><\/p>\n<p><span style=\"font-weight: 400;\">Und schlie\u00dflich ist es wichtig zu wissen, dass eine gut konzipierte Lastbank nicht nur die technischen Prozesse verbessert, sondern auch ein Bild des Engagements f\u00fcr Qualit\u00e4t und Sicherheit vermittelt. In Branchen, in denen Zuverl\u00e4ssigkeit das A und O ist, schafft die Demonstration fortschrittlicher Pr\u00fcfger\u00e4te Vertrauen bei Kunden und Gesch\u00e4ftspartnern. Hier positioniert sich Torivac als strategischer Partner, der L\u00f6sungen anbietet, die technische Pr\u00e4zision, Anpassungsf\u00e4higkeit und ein gr\u00fcndliches Verst\u00e4ndnis der Anforderungen des modernen industriellen Umfelds vereinen.  <\/span><\/p>\n<p><span style=\"font-weight: 400;\">Vertrauen, Pr\u00e4zision und langfristige technische Zusammenarbeit sind die Prinzipien, die das Wertversprechen von Torivac definieren. F\u00fcr Unternehmen, die t\u00e4glich mit der Herausforderung konfrontiert sind, die Effizienz ihrer Einrichtungen durch anspruchsvolle Testsysteme zu gew\u00e4hrleisten, ist die Wahl einer zertifizierten, robusten und von Spezialisten hergestellten Lastbank nicht nur ein Ma\u00df f\u00fcr Qualit\u00e4t, sondern auch eine strategische Investition in Nachhaltigkeit und technische Zuverl\u00e4ssigkeit. Wenn Sie sich f\u00fcr Torivac entscheiden, sind Sie nicht nur ein weiterer Lieferant, sondern einer, der versteht, dass jeder hergestellte Widerstand ein erf\u00fclltes technisches Versprechen ist.  <\/span><\/p>\n","protected":false},"excerpt":{"rendered":"<p>Als Hersteller von Widerstandselementen k\u00f6nnen wir Herstellern von Lastb\u00e4nken und Dumpb\u00e4nken Widerstandslasten liefern: Je nach Anwendung und Leistungsanforderungen k\u00f6nnen wir Lastb\u00e4nke mit hoher Verlustleistung und hervorragender Widerstandsf\u00e4higkeit gegen thermische Schocks und \u00dcberlastungen liefern, die besonders f\u00fcr kleine Leistungen (bis zu 30 kW) und f\u00fcr h\u00f6here Leistungen, Lasten mit niedrigem Induktionskoeffizienten und hoher Energieabsorptionskapazit\u00e4t empfohlen werden.<\/p>\n<p>&nbsp;<\/p>\n","protected":false},"featured_media":9404,"template":"","meta":{"_acf_changed":false},"product_brand":[],"product_cat":[510,478],"product_tag":[],"class_list":{"0":"post-15875","1":"product","2":"type-product","3":"status-publish","4":"has-post-thumbnail","6":"product_cat-ladebanke","7":"product_cat-widerstande-lastbanke","9":"first","10":"instock","11":"product-type-simple"},"acf":[],"yoast_head":"<!-- This site is optimized with the Yoast SEO plugin v27.2 - https:\/\/yoast.com\/product\/yoast-seo-wordpress\/ -->\n<title>Widerst\u00e4nde - Lastb\u00e4nke f\u00fcr Torivac-Tests<\/title>\n<meta name=\"description\" content=\"Widerst\u00e4nde - Lastb\u00e4nke, ideal f\u00fcr hochwertige elektrische Tests in Fabriken, Industrieanlagen und Hochspannungsinstallationen.\" \/>\n<meta name=\"robots\" content=\"index, follow, max-snippet:-1, max-image-preview:large, max-video-preview:-1\" \/>\n<link rel=\"canonical\" href=\"https:\/\/grupotorivac.com\/de\/product\/bancos-de-carga\/\" \/>\n<meta property=\"og:locale\" content=\"de_DE\" \/>\n<meta property=\"og:type\" content=\"article\" \/>\n<meta property=\"og:title\" content=\"Widerst\u00e4nde - Lastb\u00e4nke f\u00fcr Torivac-Tests\" \/>\n<meta property=\"og:description\" content=\"Widerst\u00e4nde - Lastb\u00e4nke, ideal f\u00fcr hochwertige elektrische Tests in Fabriken, Industrieanlagen und Hochspannungsinstallationen.\" \/>\n<meta property=\"og:url\" content=\"https:\/\/grupotorivac.com\/de\/product\/bancos-de-carga\/\" \/>\n<meta property=\"og:site_name\" content=\"Torivac\" \/>\n<meta property=\"og:image\" content=\"https:\/\/grupotorivac.com\/wp-content\/uploads\/2022\/06\/banco-de-carga1-1.jpg\" \/>\n\t<meta property=\"og:image:width\" content=\"900\" \/>\n\t<meta property=\"og:image:height\" content=\"900\" \/>\n\t<meta property=\"og:image:type\" content=\"image\/jpeg\" \/>\n<meta name=\"twitter:card\" content=\"summary_large_image\" \/>\n<meta name=\"twitter:label1\" content=\"Gesch\u00e4tzte Lesezeit\" \/>\n\t<meta name=\"twitter:data1\" content=\"5\u00a0Minuten\" \/>\n<script type=\"application\/ld+json\" class=\"yoast-schema-graph\">{\"@context\":\"https:\/\/schema.org\",\"@graph\":[{\"@type\":\"WebPage\",\"@id\":\"https:\/\/grupotorivac.com\/de\/product\/bancos-de-carga\/\",\"url\":\"https:\/\/grupotorivac.com\/de\/product\/bancos-de-carga\/\",\"name\":\"Widerst\u00e4nde - Lastb\u00e4nke f\u00fcr Torivac-Tests\",\"isPartOf\":{\"@id\":\"https:\/\/grupotorivac.com\/#website\"},\"primaryImageOfPage\":{\"@id\":\"https:\/\/grupotorivac.com\/de\/product\/bancos-de-carga\/#primaryimage\"},\"image\":{\"@id\":\"https:\/\/grupotorivac.com\/de\/product\/bancos-de-carga\/#primaryimage\"},\"thumbnailUrl\":\"https:\/\/grupotorivac.com\/wp-content\/uploads\/2022\/06\/banco-de-carga1-1.jpg\",\"datePublished\":\"2022-06-06T12:50:16+00:00\",\"description\":\"Widerst\u00e4nde - Lastb\u00e4nke, ideal f\u00fcr hochwertige elektrische Tests in Fabriken, Industrieanlagen und Hochspannungsinstallationen.\",\"breadcrumb\":{\"@id\":\"https:\/\/grupotorivac.com\/de\/product\/bancos-de-carga\/#breadcrumb\"},\"inLanguage\":\"de\",\"potentialAction\":[{\"@type\":\"ReadAction\",\"target\":[\"https:\/\/grupotorivac.com\/de\/product\/bancos-de-carga\/\"]}]},{\"@type\":\"ImageObject\",\"inLanguage\":\"de\",\"@id\":\"https:\/\/grupotorivac.com\/de\/product\/bancos-de-carga\/#primaryimage\",\"url\":\"https:\/\/grupotorivac.com\/wp-content\/uploads\/2022\/06\/banco-de-carga1-1.jpg\",\"contentUrl\":\"https:\/\/grupotorivac.com\/wp-content\/uploads\/2022\/06\/banco-de-carga1-1.jpg\",\"width\":900,\"height\":900,\"caption\":\"Widerst\u00e4nde - Lastb\u00e4nke f\u00fcr elektrische Tests in Fabriken, Industrieanlagen, etc.\"},{\"@type\":\"BreadcrumbList\",\"@id\":\"https:\/\/grupotorivac.com\/de\/product\/bancos-de-carga\/#breadcrumb\",\"itemListElement\":[{\"@type\":\"ListItem\",\"position\":1,\"name\":\"Portada\",\"item\":\"https:\/\/grupotorivac.com\/de\/\"},{\"@type\":\"ListItem\",\"position\":2,\"name\":\"Products\",\"item\":\"https:\/\/grupotorivac.com\/en\/shop\/\"},{\"@type\":\"ListItem\",\"position\":3,\"name\":\"Widerst\u00e4nde &#8211; Lastbank\"}]},{\"@type\":\"WebSite\",\"@id\":\"https:\/\/grupotorivac.com\/#website\",\"url\":\"https:\/\/grupotorivac.com\/\",\"name\":\"Torivac\",\"description\":\"Especializados en dise\u00f1o y fabricaci\u00f3n de variados de tensi\u00f3n\",\"publisher\":{\"@id\":\"https:\/\/grupotorivac.com\/#organization\"},\"alternateName\":\"Torivac S.L\",\"potentialAction\":[{\"@type\":\"SearchAction\",\"target\":{\"@type\":\"EntryPoint\",\"urlTemplate\":\"https:\/\/grupotorivac.com\/?s={search_term_string}\"},\"query-input\":{\"@type\":\"PropertyValueSpecification\",\"valueRequired\":true,\"valueName\":\"search_term_string\"}}],\"inLanguage\":\"de\"},{\"@type\":\"Organization\",\"@id\":\"https:\/\/grupotorivac.com\/#organization\",\"name\":\"Torivac\",\"alternateName\":\"Torivac S.L\",\"url\":\"https:\/\/grupotorivac.com\/\",\"logo\":{\"@type\":\"ImageObject\",\"inLanguage\":\"de\",\"@id\":\"https:\/\/grupotorivac.com\/#\/schema\/logo\/image\/\",\"url\":\"https:\/\/grupotorivac.com\/wp-content\/uploads\/2025\/02\/Diseno-sin-titulo-73.png\",\"contentUrl\":\"https:\/\/grupotorivac.com\/wp-content\/uploads\/2025\/02\/Diseno-sin-titulo-73.png\",\"width\":250,\"height\":250,\"caption\":\"Torivac\"},\"image\":{\"@id\":\"https:\/\/grupotorivac.com\/#\/schema\/logo\/image\/\"}}]}<\/script>\n<!-- \/ Yoast SEO plugin. -->","yoast_head_json":{"title":"Widerst\u00e4nde - Lastb\u00e4nke f\u00fcr Torivac-Tests","description":"Widerst\u00e4nde - Lastb\u00e4nke, ideal f\u00fcr hochwertige elektrische Tests in Fabriken, Industrieanlagen und Hochspannungsinstallationen.","robots":{"index":"index","follow":"follow","max-snippet":"max-snippet:-1","max-image-preview":"max-image-preview:large","max-video-preview":"max-video-preview:-1"},"canonical":"https:\/\/grupotorivac.com\/de\/product\/bancos-de-carga\/","og_locale":"de_DE","og_type":"article","og_title":"Widerst\u00e4nde - Lastb\u00e4nke f\u00fcr Torivac-Tests","og_description":"Widerst\u00e4nde - Lastb\u00e4nke, ideal f\u00fcr hochwertige elektrische Tests in Fabriken, Industrieanlagen und Hochspannungsinstallationen.","og_url":"https:\/\/grupotorivac.com\/de\/product\/bancos-de-carga\/","og_site_name":"Torivac","og_image":[{"width":900,"height":900,"url":"https:\/\/grupotorivac.com\/wp-content\/uploads\/2022\/06\/banco-de-carga1-1.jpg","type":"image\/jpeg"}],"twitter_card":"summary_large_image","twitter_misc":{"Gesch\u00e4tzte Lesezeit":"5\u00a0Minuten"},"schema":{"@context":"https:\/\/schema.org","@graph":[{"@type":"WebPage","@id":"https:\/\/grupotorivac.com\/de\/product\/bancos-de-carga\/","url":"https:\/\/grupotorivac.com\/de\/product\/bancos-de-carga\/","name":"Widerst\u00e4nde - Lastb\u00e4nke f\u00fcr Torivac-Tests","isPartOf":{"@id":"https:\/\/grupotorivac.com\/#website"},"primaryImageOfPage":{"@id":"https:\/\/grupotorivac.com\/de\/product\/bancos-de-carga\/#primaryimage"},"image":{"@id":"https:\/\/grupotorivac.com\/de\/product\/bancos-de-carga\/#primaryimage"},"thumbnailUrl":"https:\/\/grupotorivac.com\/wp-content\/uploads\/2022\/06\/banco-de-carga1-1.jpg","datePublished":"2022-06-06T12:50:16+00:00","description":"Widerst\u00e4nde - Lastb\u00e4nke, ideal f\u00fcr hochwertige elektrische Tests in Fabriken, Industrieanlagen und Hochspannungsinstallationen.","breadcrumb":{"@id":"https:\/\/grupotorivac.com\/de\/product\/bancos-de-carga\/#breadcrumb"},"inLanguage":"de","potentialAction":[{"@type":"ReadAction","target":["https:\/\/grupotorivac.com\/de\/product\/bancos-de-carga\/"]}]},{"@type":"ImageObject","inLanguage":"de","@id":"https:\/\/grupotorivac.com\/de\/product\/bancos-de-carga\/#primaryimage","url":"https:\/\/grupotorivac.com\/wp-content\/uploads\/2022\/06\/banco-de-carga1-1.jpg","contentUrl":"https:\/\/grupotorivac.com\/wp-content\/uploads\/2022\/06\/banco-de-carga1-1.jpg","width":900,"height":900,"caption":"Widerst\u00e4nde - Lastb\u00e4nke f\u00fcr elektrische Tests in Fabriken, Industrieanlagen, etc."},{"@type":"BreadcrumbList","@id":"https:\/\/grupotorivac.com\/de\/product\/bancos-de-carga\/#breadcrumb","itemListElement":[{"@type":"ListItem","position":1,"name":"Portada","item":"https:\/\/grupotorivac.com\/de\/"},{"@type":"ListItem","position":2,"name":"Products","item":"https:\/\/grupotorivac.com\/en\/shop\/"},{"@type":"ListItem","position":3,"name":"Widerst\u00e4nde &#8211; Lastbank"}]},{"@type":"WebSite","@id":"https:\/\/grupotorivac.com\/#website","url":"https:\/\/grupotorivac.com\/","name":"Torivac","description":"Especializados en dise\u00f1o y fabricaci\u00f3n de variados de tensi\u00f3n","publisher":{"@id":"https:\/\/grupotorivac.com\/#organization"},"alternateName":"Torivac S.L","potentialAction":[{"@type":"SearchAction","target":{"@type":"EntryPoint","urlTemplate":"https:\/\/grupotorivac.com\/?s={search_term_string}"},"query-input":{"@type":"PropertyValueSpecification","valueRequired":true,"valueName":"search_term_string"}}],"inLanguage":"de"},{"@type":"Organization","@id":"https:\/\/grupotorivac.com\/#organization","name":"Torivac","alternateName":"Torivac S.L","url":"https:\/\/grupotorivac.com\/","logo":{"@type":"ImageObject","inLanguage":"de","@id":"https:\/\/grupotorivac.com\/#\/schema\/logo\/image\/","url":"https:\/\/grupotorivac.com\/wp-content\/uploads\/2025\/02\/Diseno-sin-titulo-73.png","contentUrl":"https:\/\/grupotorivac.com\/wp-content\/uploads\/2025\/02\/Diseno-sin-titulo-73.png","width":250,"height":250,"caption":"Torivac"},"image":{"@id":"https:\/\/grupotorivac.com\/#\/schema\/logo\/image\/"}}]}},"_links":{"self":[{"href":"https:\/\/grupotorivac.com\/de\/wp-json\/wp\/v2\/product\/15875","targetHints":{"allow":["GET"]}}],"collection":[{"href":"https:\/\/grupotorivac.com\/de\/wp-json\/wp\/v2\/product"}],"about":[{"href":"https:\/\/grupotorivac.com\/de\/wp-json\/wp\/v2\/types\/product"}],"wp:featuredmedia":[{"embeddable":true,"href":"https:\/\/grupotorivac.com\/de\/wp-json\/wp\/v2\/media\/9404"}],"wp:attachment":[{"href":"https:\/\/grupotorivac.com\/de\/wp-json\/wp\/v2\/media?parent=15875"}],"wp:term":[{"taxonomy":"product_brand","embeddable":true,"href":"https:\/\/grupotorivac.com\/de\/wp-json\/wp\/v2\/product_brand?post=15875"},{"taxonomy":"product_cat","embeddable":true,"href":"https:\/\/grupotorivac.com\/de\/wp-json\/wp\/v2\/product_cat?post=15875"},{"taxonomy":"product_tag","embeddable":true,"href":"https:\/\/grupotorivac.com\/de\/wp-json\/wp\/v2\/product_tag?post=15875"}],"curies":[{"name":"wp","href":"https:\/\/api.w.org\/{rel}","templated":true}]}}