{"id":15874,"date":"2022-06-06T12:50:24","date_gmt":"2022-06-06T12:50:24","guid":{"rendered":"https:\/\/grupotorivac.com\/product\/convertidores-y-variadores-de-frecuencia-para-ensayos\/"},"modified":"2022-06-06T12:50:24","modified_gmt":"2022-06-06T12:50:24","slug":"convertidores-y-variadores-de-frecuencia-para-ensayos","status":"publish","type":"product","link":"https:\/\/grupotorivac.com\/de\/product\/convertidores-y-variadores-de-frecuencia-para-ensayos\/","title":{"rendered":"Frequenzumrichter"},"content":{"rendered":"<p><b>Wof\u00fcr werden diese Frequenzumrichter verwendet?<\/b><br \/>\nFrequenzumrichter steuern die Leistung von Elektromotoren effizient und passen die Drehzahl an die jeweiligen Lastanforderungen an. Sie optimieren den Energieverbrauch, reduzieren die mechanische Belastung der Ger\u00e4te und verbessern die Zuverl\u00e4ssigkeit des Systems. Dank ihrer fortschrittlichen Technologie sorgen diese Ger\u00e4te f\u00fcr einen effizienteren und sichereren Betrieb, was sie zu einer strategischen Investition f\u00fcr jede Branche macht, die ihre elektrische Leistung maximieren m\u00f6chte.  <\/p>\n<p><b>Was ist die grundlegende Funktion des Frequenzumrichters?<\/b><br \/>\nFrequenzumrichter steuern die Leistung von Elektromotoren effizient und passen die Drehzahl an die jeweiligen Lastanforderungen an. Sie optimieren den Energieverbrauch, reduzieren die mechanische Belastung der Ger\u00e4te und verbessern die Zuverl\u00e4ssigkeit des Systems. Dank ihrer fortschrittlichen Technologie sorgen diese Ger\u00e4te f\u00fcr einen effizienteren und sichereren Betrieb, was sie zu einer strategischen Investition f\u00fcr jede Branche macht, die ihre elektrische Leistung maximieren m\u00f6chte.  <\/p>\n<p><b>Was ist die grundlegende Funktion des Frequenzumrichters?<\/b><br \/>\nDie F\u00e4higkeit, Motordrehzahl und -drehmoment entsprechend dem tats\u00e4chlichen Anwendungsbedarf zu regulieren, verbessert nicht nur die Betriebseffizienz, sondern senkt auch den Energieverbrauch und verl\u00e4ngert die Lebensdauer der Ger\u00e4te. In Industrien, in denen die Leistungssteuerung von entscheidender Bedeutung ist, stellt diese Technologie einen Wettbewerbsvorteil dar, da sie die Betriebskosten minimiert und die Stabilit\u00e4t der elektrischen Systeme verbessert. <\/p>\n<p>Diese Ger\u00e4te erm\u00f6glichen eine pr\u00e4zise Einstellung der Motordrehzahl und vermeiden so abrupte Starts, die Spannungsspitzen und vorzeitigen Verschlei\u00df von Komponenten verursachen k\u00f6nnen. Ihr Einsatz ist unerl\u00e4sslich in Kraftwerken, Pumpsystemen, industriellen L\u00fcftungsanlagen und jeder Infrastruktur, die eine pr\u00e4zise Steuerung des Stromflusses erfordert. Dar\u00fcber hinaus werden durch ihren Einsatz W\u00e4rmeabstrahlung und Vibrationen reduziert, was zu einem stabileren und sichereren Betrieb f\u00fchrt.  <\/p>\n<p><b>Wie erg\u00e4nzt es andere Ger\u00e4te in einem hochanspruchsvollen elektrischen System?<\/b><\/p>\n<p>In Kombination mit Ringkerntransformatoren und Spartransformatoren passen die Wechselrichter die Ausgangsspannung und -frequenz an, um eine stabile, an die Bed\u00fcrfnisse des Motors angepasste Versorgung zu gew\u00e4hrleisten und Spannungsspitzen oder -einbr\u00fcche zu vermeiden, die seine Leistung beeintr\u00e4chtigen k\u00f6nnten. In Verbindung mit Anlaufwiderst\u00e4nden erm\u00f6glichen sie einen sanften Start, minimieren Stromspitzen und sch\u00fctzen die elektrische Infrastruktur.<br \/>\nSie werden au\u00dferdem durch Batterieentlader und \u00dcberwachungssysteme erg\u00e4nzt, die eine Pr\u00fcfung und Anpassung in Echtzeit erm\u00f6glichen, um eine optimale Leistung zu erhalten. Bei Anwendungen, bei denen die Stabilit\u00e4t entscheidend ist, wie z.B. bei automatisierten Produktionsprozessen, Pumpsystemen und industriellen Klimaanlagen, sorgen die Antriebe daf\u00fcr, dass die Motoren mit dem geringstm\u00f6glichen Stromverbrauch arbeiten.  <\/p>\n<p><b>Torivac ist ein Unternehmen, das sich auf die Entwicklung und Herstellung von Ringkerntransformatoren und Spannungsreglern spezialisiert hat<\/b><br \/>\nWir verf\u00fcgen \u00fcber eine fast 60-j\u00e4hrige Erfahrung in diesem Sektor, die es uns erm\u00f6glicht hat, in mehr als 30 L\u00e4ndern pr\u00e4sent zu sein.<br \/>\nWir verf\u00fcgen \u00fcber ein technisches Team, das die Herstellung von hochpr\u00e4zisen und effizienten Ger\u00e4ten garantiert. Unsere Arbeitsmethodik erm\u00f6glicht es uns, in jeder Phase eines Projekts fortschrittliche Simulationen durchzuf\u00fchren, um zu gew\u00e4hrleisten, dass jedes Bauteil, von Ringspannungswandlern, Regeltransformatoren, Batterieentladern, Potentiometern und Ringbandkernen, den h\u00f6chsten Standards des Sektors entspricht.<br \/>\nWir arbeiten eng mit Unternehmen zusammen, die \u00fcber eine gro\u00dfe Infrastruktur verf\u00fcgen, um ma\u00dfgeschneiderte und effiziente L\u00f6sungen zu gew\u00e4hrleisten. Wir sind bestrebt, auf die Anforderungen von Branchen wie Technologie, Energie und Automobil zu reagieren. Unser Ziel ist es, weiterhin innovativ zu sein, strategische Allianzen zu st\u00e4rken und unsere globale Reichweite zu erweitern, wobei wir stets das G\u00fctesiegel f\u00fcr Qualit\u00e4t und Exzellenz beibehalten, das uns seit unseren Anf\u00e4ngen auszeichnet.   <\/p>\n","protected":false},"excerpt":{"rendered":"<p>Eine mehr als 3-j\u00e4hrige Entwicklung hat uns zu einer in Spannung und Frequenz variablen Stromversorgung in einem Leistungsbereich von 25-300KVA gef\u00fchrt,<br \/>\nUnser Umrichter kann ein Netz von 16Hz bis 200Hz mit einer Aufl\u00f6sung von 0. 1Hz und einer variablen Ausgangsspannung von 0-240VAC in einphasig und 0- 440VAC in dreiphasig versorgen.1Hz und eine variable Ausgangsspannung von 0-240VAC einphasig und 0- 440VAC dreiphasig.<br \/>\nDie Ausstattung umfasst einen Ethernet-Anschluss, eine Anzeige aller Ausgangs- und Eingangsparameter, einen Touchscreen, einen IP20-Schrank, eine Zwangsbel\u00fcftung (&gt;50dB in 1m).<\/p>\n","protected":false},"featured_media":9459,"template":"","meta":{"_acf_changed":false},"product_brand":[],"product_cat":[495,501],"product_tag":[],"class_list":{"0":"post-15874","1":"product","2":"type-product","3":"status-publish","4":"has-post-thumbnail","6":"product_cat-elektronische-ausrustung","7":"product_cat-konverter","9":"first","10":"instock","11":"product-type-simple"},"acf":[],"yoast_head":"<!-- This site is optimized with the Yoast SEO plugin v27.2 - https:\/\/yoast.com\/product\/yoast-seo-wordpress\/ -->\n<title>Frequenzumrichter - Torivac<\/title>\n<meta name=\"description\" content=\"Frequenzumrichter regulieren effizient die Leistung Ihres Elektromotors. Besonders f\u00fcr gro\u00dfe Energieinfrastrukturen.\" \/>\n<meta name=\"robots\" content=\"index, follow, max-snippet:-1, max-image-preview:large, max-video-preview:-1\" \/>\n<link rel=\"canonical\" href=\"https:\/\/grupotorivac.com\/de\/product\/convertidores-y-variadores-de-frecuencia-para-ensayos\/\" \/>\n<meta property=\"og:locale\" content=\"de_DE\" \/>\n<meta property=\"og:type\" content=\"article\" \/>\n<meta property=\"og:title\" content=\"Frequenzumrichter - Torivac\" \/>\n<meta property=\"og:description\" content=\"Frequenzumrichter regulieren effizient die Leistung Ihres Elektromotors. Besonders f\u00fcr gro\u00dfe Energieinfrastrukturen.\" \/>\n<meta property=\"og:url\" content=\"https:\/\/grupotorivac.com\/de\/product\/convertidores-y-variadores-de-frecuencia-para-ensayos\/\" \/>\n<meta property=\"og:site_name\" content=\"Torivac\" \/>\n<meta property=\"og:image\" content=\"https:\/\/grupotorivac.com\/wp-content\/uploads\/2022\/06\/convertidor1-1.jpg\" \/>\n\t<meta property=\"og:image:width\" content=\"1500\" \/>\n\t<meta property=\"og:image:height\" content=\"1500\" \/>\n\t<meta property=\"og:image:type\" content=\"image\/jpeg\" \/>\n<meta name=\"twitter:card\" content=\"summary_large_image\" \/>\n<meta name=\"twitter:label1\" content=\"Gesch\u00e4tzte Lesezeit\" \/>\n\t<meta name=\"twitter:data1\" content=\"3\u00a0Minuten\" \/>\n<script type=\"application\/ld+json\" class=\"yoast-schema-graph\">{\"@context\":\"https:\/\/schema.org\",\"@graph\":[{\"@type\":\"WebPage\",\"@id\":\"https:\/\/grupotorivac.com\/de\/product\/convertidores-y-variadores-de-frecuencia-para-ensayos\/\",\"url\":\"https:\/\/grupotorivac.com\/de\/product\/convertidores-y-variadores-de-frecuencia-para-ensayos\/\",\"name\":\"Frequenzumrichter - Torivac\",\"isPartOf\":{\"@id\":\"https:\/\/grupotorivac.com\/#website\"},\"primaryImageOfPage\":{\"@id\":\"https:\/\/grupotorivac.com\/de\/product\/convertidores-y-variadores-de-frecuencia-para-ensayos\/#primaryimage\"},\"image\":{\"@id\":\"https:\/\/grupotorivac.com\/de\/product\/convertidores-y-variadores-de-frecuencia-para-ensayos\/#primaryimage\"},\"thumbnailUrl\":\"https:\/\/grupotorivac.com\/wp-content\/uploads\/2022\/06\/convertidor1-1.jpg\",\"datePublished\":\"2022-06-06T12:50:24+00:00\",\"description\":\"Frequenzumrichter regulieren effizient die Leistung Ihres Elektromotors. Besonders f\u00fcr gro\u00dfe Energieinfrastrukturen.\",\"breadcrumb\":{\"@id\":\"https:\/\/grupotorivac.com\/de\/product\/convertidores-y-variadores-de-frecuencia-para-ensayos\/#breadcrumb\"},\"inLanguage\":\"de\",\"potentialAction\":[{\"@type\":\"ReadAction\",\"target\":[\"https:\/\/grupotorivac.com\/de\/product\/convertidores-y-variadores-de-frecuencia-para-ensayos\/\"]}]},{\"@type\":\"ImageObject\",\"inLanguage\":\"de\",\"@id\":\"https:\/\/grupotorivac.com\/de\/product\/convertidores-y-variadores-de-frecuencia-para-ensayos\/#primaryimage\",\"url\":\"https:\/\/grupotorivac.com\/wp-content\/uploads\/2022\/06\/convertidor1-1.jpg\",\"contentUrl\":\"https:\/\/grupotorivac.com\/wp-content\/uploads\/2022\/06\/convertidor1-1.jpg\",\"width\":1500,\"height\":1500,\"caption\":\"Frequenzumrichter, die f\u00fcr die Steuerung der Leistung von Elektromotoren in anspruchsvollen elektrischen Systemen entwickelt wurden.\"},{\"@type\":\"BreadcrumbList\",\"@id\":\"https:\/\/grupotorivac.com\/de\/product\/convertidores-y-variadores-de-frecuencia-para-ensayos\/#breadcrumb\",\"itemListElement\":[{\"@type\":\"ListItem\",\"position\":1,\"name\":\"Portada\",\"item\":\"https:\/\/grupotorivac.com\/de\/\"},{\"@type\":\"ListItem\",\"position\":2,\"name\":\"Products\",\"item\":\"https:\/\/grupotorivac.com\/en\/shop\/\"},{\"@type\":\"ListItem\",\"position\":3,\"name\":\"Frequenzumrichter\"}]},{\"@type\":\"WebSite\",\"@id\":\"https:\/\/grupotorivac.com\/#website\",\"url\":\"https:\/\/grupotorivac.com\/\",\"name\":\"Torivac\",\"description\":\"Especializados en dise\u00f1o y fabricaci\u00f3n de variados de tensi\u00f3n\",\"publisher\":{\"@id\":\"https:\/\/grupotorivac.com\/#organization\"},\"alternateName\":\"Torivac S.L\",\"potentialAction\":[{\"@type\":\"SearchAction\",\"target\":{\"@type\":\"EntryPoint\",\"urlTemplate\":\"https:\/\/grupotorivac.com\/?s={search_term_string}\"},\"query-input\":{\"@type\":\"PropertyValueSpecification\",\"valueRequired\":true,\"valueName\":\"search_term_string\"}}],\"inLanguage\":\"de\"},{\"@type\":\"Organization\",\"@id\":\"https:\/\/grupotorivac.com\/#organization\",\"name\":\"Torivac\",\"alternateName\":\"Torivac S.L\",\"url\":\"https:\/\/grupotorivac.com\/\",\"logo\":{\"@type\":\"ImageObject\",\"inLanguage\":\"de\",\"@id\":\"https:\/\/grupotorivac.com\/#\/schema\/logo\/image\/\",\"url\":\"https:\/\/grupotorivac.com\/wp-content\/uploads\/2025\/02\/Diseno-sin-titulo-73.png\",\"contentUrl\":\"https:\/\/grupotorivac.com\/wp-content\/uploads\/2025\/02\/Diseno-sin-titulo-73.png\",\"width\":250,\"height\":250,\"caption\":\"Torivac\"},\"image\":{\"@id\":\"https:\/\/grupotorivac.com\/#\/schema\/logo\/image\/\"}}]}<\/script>\n<!-- \/ Yoast SEO plugin. -->","yoast_head_json":{"title":"Frequenzumrichter - Torivac","description":"Frequenzumrichter regulieren effizient die Leistung Ihres Elektromotors. Besonders f\u00fcr gro\u00dfe Energieinfrastrukturen.","robots":{"index":"index","follow":"follow","max-snippet":"max-snippet:-1","max-image-preview":"max-image-preview:large","max-video-preview":"max-video-preview:-1"},"canonical":"https:\/\/grupotorivac.com\/de\/product\/convertidores-y-variadores-de-frecuencia-para-ensayos\/","og_locale":"de_DE","og_type":"article","og_title":"Frequenzumrichter - Torivac","og_description":"Frequenzumrichter regulieren effizient die Leistung Ihres Elektromotors. Besonders f\u00fcr gro\u00dfe Energieinfrastrukturen.","og_url":"https:\/\/grupotorivac.com\/de\/product\/convertidores-y-variadores-de-frecuencia-para-ensayos\/","og_site_name":"Torivac","og_image":[{"width":1500,"height":1500,"url":"https:\/\/grupotorivac.com\/wp-content\/uploads\/2022\/06\/convertidor1-1.jpg","type":"image\/jpeg"}],"twitter_card":"summary_large_image","twitter_misc":{"Gesch\u00e4tzte Lesezeit":"3\u00a0Minuten"},"schema":{"@context":"https:\/\/schema.org","@graph":[{"@type":"WebPage","@id":"https:\/\/grupotorivac.com\/de\/product\/convertidores-y-variadores-de-frecuencia-para-ensayos\/","url":"https:\/\/grupotorivac.com\/de\/product\/convertidores-y-variadores-de-frecuencia-para-ensayos\/","name":"Frequenzumrichter - Torivac","isPartOf":{"@id":"https:\/\/grupotorivac.com\/#website"},"primaryImageOfPage":{"@id":"https:\/\/grupotorivac.com\/de\/product\/convertidores-y-variadores-de-frecuencia-para-ensayos\/#primaryimage"},"image":{"@id":"https:\/\/grupotorivac.com\/de\/product\/convertidores-y-variadores-de-frecuencia-para-ensayos\/#primaryimage"},"thumbnailUrl":"https:\/\/grupotorivac.com\/wp-content\/uploads\/2022\/06\/convertidor1-1.jpg","datePublished":"2022-06-06T12:50:24+00:00","description":"Frequenzumrichter regulieren effizient die Leistung Ihres Elektromotors. Besonders f\u00fcr gro\u00dfe Energieinfrastrukturen.","breadcrumb":{"@id":"https:\/\/grupotorivac.com\/de\/product\/convertidores-y-variadores-de-frecuencia-para-ensayos\/#breadcrumb"},"inLanguage":"de","potentialAction":[{"@type":"ReadAction","target":["https:\/\/grupotorivac.com\/de\/product\/convertidores-y-variadores-de-frecuencia-para-ensayos\/"]}]},{"@type":"ImageObject","inLanguage":"de","@id":"https:\/\/grupotorivac.com\/de\/product\/convertidores-y-variadores-de-frecuencia-para-ensayos\/#primaryimage","url":"https:\/\/grupotorivac.com\/wp-content\/uploads\/2022\/06\/convertidor1-1.jpg","contentUrl":"https:\/\/grupotorivac.com\/wp-content\/uploads\/2022\/06\/convertidor1-1.jpg","width":1500,"height":1500,"caption":"Frequenzumrichter, die f\u00fcr die Steuerung der Leistung von Elektromotoren in anspruchsvollen elektrischen Systemen entwickelt wurden."},{"@type":"BreadcrumbList","@id":"https:\/\/grupotorivac.com\/de\/product\/convertidores-y-variadores-de-frecuencia-para-ensayos\/#breadcrumb","itemListElement":[{"@type":"ListItem","position":1,"name":"Portada","item":"https:\/\/grupotorivac.com\/de\/"},{"@type":"ListItem","position":2,"name":"Products","item":"https:\/\/grupotorivac.com\/en\/shop\/"},{"@type":"ListItem","position":3,"name":"Frequenzumrichter"}]},{"@type":"WebSite","@id":"https:\/\/grupotorivac.com\/#website","url":"https:\/\/grupotorivac.com\/","name":"Torivac","description":"Especializados en dise\u00f1o y fabricaci\u00f3n de variados de tensi\u00f3n","publisher":{"@id":"https:\/\/grupotorivac.com\/#organization"},"alternateName":"Torivac S.L","potentialAction":[{"@type":"SearchAction","target":{"@type":"EntryPoint","urlTemplate":"https:\/\/grupotorivac.com\/?s={search_term_string}"},"query-input":{"@type":"PropertyValueSpecification","valueRequired":true,"valueName":"search_term_string"}}],"inLanguage":"de"},{"@type":"Organization","@id":"https:\/\/grupotorivac.com\/#organization","name":"Torivac","alternateName":"Torivac S.L","url":"https:\/\/grupotorivac.com\/","logo":{"@type":"ImageObject","inLanguage":"de","@id":"https:\/\/grupotorivac.com\/#\/schema\/logo\/image\/","url":"https:\/\/grupotorivac.com\/wp-content\/uploads\/2025\/02\/Diseno-sin-titulo-73.png","contentUrl":"https:\/\/grupotorivac.com\/wp-content\/uploads\/2025\/02\/Diseno-sin-titulo-73.png","width":250,"height":250,"caption":"Torivac"},"image":{"@id":"https:\/\/grupotorivac.com\/#\/schema\/logo\/image\/"}}]}},"_links":{"self":[{"href":"https:\/\/grupotorivac.com\/de\/wp-json\/wp\/v2\/product\/15874","targetHints":{"allow":["GET"]}}],"collection":[{"href":"https:\/\/grupotorivac.com\/de\/wp-json\/wp\/v2\/product"}],"about":[{"href":"https:\/\/grupotorivac.com\/de\/wp-json\/wp\/v2\/types\/product"}],"wp:featuredmedia":[{"embeddable":true,"href":"https:\/\/grupotorivac.com\/de\/wp-json\/wp\/v2\/media\/9459"}],"wp:attachment":[{"href":"https:\/\/grupotorivac.com\/de\/wp-json\/wp\/v2\/media?parent=15874"}],"wp:term":[{"taxonomy":"product_brand","embeddable":true,"href":"https:\/\/grupotorivac.com\/de\/wp-json\/wp\/v2\/product_brand?post=15874"},{"taxonomy":"product_cat","embeddable":true,"href":"https:\/\/grupotorivac.com\/de\/wp-json\/wp\/v2\/product_cat?post=15874"},{"taxonomy":"product_tag","embeddable":true,"href":"https:\/\/grupotorivac.com\/de\/wp-json\/wp\/v2\/product_tag?post=15874"}],"curies":[{"name":"wp","href":"https:\/\/api.w.org\/{rel}","templated":true}]}}