{"id":15871,"date":"2022-06-06T12:49:57","date_gmt":"2022-06-06T12:49:57","guid":{"rendered":"https:\/\/grupotorivac.com\/product\/bobinas-para-electroimanes\/"},"modified":"2022-06-06T12:49:57","modified_gmt":"2022-06-06T12:49:57","slug":"bobinas-para-electroimanes","status":"publish","type":"product","link":"https:\/\/grupotorivac.com\/de\/product\/bobinas-para-electroimanes\/","title":{"rendered":"Spulen f\u00fcr Elektromagnete"},"content":{"rendered":"<h4 class=\"p1\"><b>Was ist seine elementare Funktion innerhalb eines elektrischen Systems?<\/b><\/h4>\n<p>Diese elektromagnetischen Spulen erzeugen kontrollierte Magnetfelder, wenn sie erregt werden, wodurch sie in einer Vielzahl von elektromagnetischen Ger\u00e4ten und Systemen eingesetzt werden k\u00f6nnen. Diese pr\u00e4zise Steuerungsm\u00f6glichkeit ist entscheidend f\u00fcr Anwendungen, bei denen eine genaue Manipulation magnetischer Kr\u00e4fte erforderlich ist.<br \/>\nErm\u00f6glicht pr\u00e4zise Abl\u00e4ufe in automatisierten Systemen und verbessert die Genauigkeit und Effizienz industrieller Prozesse. Dies ist besonders vorteilhaft in Produktionslinien, wo Timing und Kontrolle entscheidend f\u00fcr die Aufrechterhaltung von Qualit\u00e4t und Produktionsgeschwindigkeit sind.<br \/>\nDar\u00fcber hinaus k\u00f6nnen sie in eine Vielzahl von Systemen und Ger\u00e4ten integriert werden, von schweren Maschinen bis hin zu Pr\u00e4zisionsger\u00e4ten, und bieten so ma\u00dfgeschneiderte L\u00f6sungen f\u00fcr unterschiedliche industrielle Anforderungen.  <\/p>\n<h4 class=\"p1\"><b>Warum ist eine Elektromagnetspule in elektrischen Hochleistungssystemen notwendig?<\/b><\/h4>\n<p>Sie erm\u00f6glichen eine effiziente und sichere Kontrolle der Bewegung von metallischen Materialien, optimieren Produktionsprozesse und verbessern die Pr\u00e4zision in automatisierten Systemen. Sie sind \u00e4u\u00dferst notwendig, da sie die Aktivierung und Deaktivierung der Magnetkraft erm\u00f6glichen. Vor allem in Umgebungen, in denen eine schnelle und kontrollierte Handhabung erforderlich ist, wie z.B. bei Montagelinien, Industriekr\u00e4nen und elektromagnetischen Spannsystemen.  <\/p>\n<p>In Sektoren wie der Metallurgie, der Automobilindustrie und der Logistik erleichtern diese Spulen Aufgaben wie das Heben schwerer Teile, die Trennung von Materialien und die Automatisierung von Transportsystemen, wodurch der manuelle Aufwand verringert und die Produktivit\u00e4t erh\u00f6ht wird.<br \/>\nDar\u00fcber hinaus sorgt ihre Integration in elektromagnetische Bremsen und Kupplungen f\u00fcr mehr Sicherheit und Pr\u00e4zision in Hochleistungsmaschinen. Dank ihrer Zuverl\u00e4ssigkeit und Effizienz sind elektromagnetische Spulen eine Schl\u00fcssell\u00f6sung f\u00fcr Industrien, die eine bessere Kontrolle, Geschwindigkeit und Energieoptimierung ihrer Abl\u00e4ufe anstreben. <\/p>\n<p>Die Spulen sind so konstruiert, dass sie mit effizientem Stromverbrauch arbeiten und sicherstellen, dass die eingesetzte Energie in ein starkes Magnetfeld umgesetzt wird, ohne Ressourcen zu verschwenden.<\/p>\n<h4 class=\"p1\"><b>Torivac ist ein Unternehmen, das sich auf die Entwicklung und Herstellung von Ringkerntransformatoren und Antrieben mit variabler Spannung spezialisiert hat.<\/b><\/h4>\n<p>Wir verf\u00fcgen \u00fcber fast 60 Jahre Erfahrung in der Branche, die uns zu einer Pr\u00e4senz in mehr als 30 L\u00e4ndern gef\u00fchrt hat.<br \/>\nWir verf\u00fcgen \u00fcber ein technisches Team, das die Herstellung von hochpr\u00e4zisen und effizienten Ger\u00e4ten garantiert. Unsere Arbeitsmethodik erm\u00f6glicht es uns, in jeder Phase eines Projekts fortschrittliche Simulationen durchzuf\u00fchren, um zu gew\u00e4hrleisten, dass jedes Bauteil, von Ringkernspannungswandlern, Regeltransformatoren, Batterieentladern, Potentiometern und Ringbandkernen, den h\u00f6chsten Standards der Branche entspricht. <\/p>\n<p>Wir arbeiten eng mit Unternehmen zusammen, die \u00fcber eine gro\u00dfe Infrastruktur verf\u00fcgen, und versuchen, ihnen ma\u00dfgeschneiderte und effiziente L\u00f6sungen zu garantieren. Wir sind bestrebt, auf die Anforderungen von Branchen wie Technologie, Energie und Automobil zu reagieren. Unser Ziel ist es, weiterhin innovativ zu sein, strategische Allianzen zu st\u00e4rken und unsere globale Reichweite zu erweitern, wobei wir stets das Qualit\u00e4tssiegel und die Exzellenz beibehalten, die uns seit unseren Anf\u00e4ngen auszeichnen.  <\/p>\n","protected":false},"excerpt":{"rendered":"<p>Rundspulen mit zentraler Durchgangsbohrung f\u00fcr glatte oder abgesetzte Wellen. Mit verschiedenen Kabelausgangsl\u00e4ngen und so konzipiert, dass sie auch den st\u00e4rksten Vibrationen standhalten. <\/p>\n<p class=\"p1\"><strong>Was sind elektromagnetische Spulen?<\/strong><\/p>\n<p>Elektromagnetische Spulen sind eine elektromagnetische Komponente, die aus einem spiralf\u00f6rmig gewickelten leitenden Draht besteht, der ein Magnetfeld erzeugt, wenn elektrischer Strom an ihn angelegt wird. Dieses Feld erm\u00f6glicht es ihr, metallische Objekte anzuziehen oder kontrolliert zu bewegen. Das macht sie zu einem Schl\u00fcsselelement in Hebesystemen, industrieller Automation, elektromagnetischen Bremsen und Magnetschl\u00f6ssern. <\/p>\n<p><a class=\"button button_size_2 button_dark\" href=\"https:\/\/grupotorivac.com\/wp-content\/uploads\/2026\/02\/Caracteristicas_Bobinas_Encapsuladas.pdf\" target=\"_blank\" rel=\"noopener\"><span class=\"button_label\"><strong>Siehe technisches Datenblatt<\/strong><\/span><\/a><\/p>\n","protected":false},"featured_media":15873,"template":"","meta":{"_acf_changed":false},"product_brand":[],"product_cat":[518,519],"product_tag":[],"class_list":{"0":"post-15871","1":"product","2":"type-product","3":"status-publish","4":"has-post-thumbnail","6":"product_cat-gekapselte-spulen","7":"product_cat-rund","9":"first","10":"instock","11":"product-type-simple"},"acf":[],"yoast_head":"<!-- This site is optimized with the Yoast SEO plugin v27.2 - https:\/\/yoast.com\/product\/yoast-seo-wordpress\/ -->\n<title>Spulen f\u00fcr Elektromagnete - Torivac<\/title>\n<meta name=\"description\" content=\"Wir vermarkten Spulen f\u00fcr Elektromagnete, die ein Minimum an Energie f\u00fcr die Anziehungskr\u00e4fte des Magneten verbrauchen.\" \/>\n<meta name=\"robots\" content=\"index, follow, max-snippet:-1, max-image-preview:large, max-video-preview:-1\" \/>\n<link rel=\"canonical\" href=\"https:\/\/grupotorivac.com\/product\/bobinas-para-electroimanes\/\" \/>\n<meta property=\"og:locale\" content=\"de_DE\" \/>\n<meta property=\"og:type\" content=\"article\" \/>\n<meta property=\"og:title\" content=\"Spulen f\u00fcr Elektromagnete - Torivac\" \/>\n<meta property=\"og:description\" content=\"Wir vermarkten Spulen f\u00fcr Elektromagnete, die ein Minimum an Energie f\u00fcr die Anziehungskr\u00e4fte des Magneten verbrauchen.\" \/>\n<meta property=\"og:url\" content=\"https:\/\/grupotorivac.com\/product\/bobinas-para-electroimanes\/\" \/>\n<meta property=\"og:site_name\" content=\"Torivac\" \/>\n<meta property=\"og:image\" content=\"https:\/\/grupotorivac.com\/wp-content\/uploads\/2022\/06\/bobina_redonda.png\" \/>\n\t<meta property=\"og:image:width\" content=\"1949\" \/>\n\t<meta property=\"og:image:height\" content=\"1949\" \/>\n\t<meta property=\"og:image:type\" content=\"image\/png\" \/>\n<meta name=\"twitter:card\" content=\"summary_large_image\" \/>\n<meta name=\"twitter:label1\" content=\"Gesch\u00e4tzte Lesezeit\" \/>\n\t<meta name=\"twitter:data1\" content=\"2\u00a0Minuten\" \/>\n<script type=\"application\/ld+json\" class=\"yoast-schema-graph\">{\"@context\":\"https:\/\/schema.org\",\"@graph\":[{\"@type\":\"WebPage\",\"@id\":\"https:\/\/grupotorivac.com\/product\/bobinas-para-electroimanes\/\",\"url\":\"https:\/\/grupotorivac.com\/product\/bobinas-para-electroimanes\/\",\"name\":\"Spulen f\u00fcr Elektromagnete - Torivac\",\"isPartOf\":{\"@id\":\"https:\/\/grupotorivac.com\/#website\"},\"primaryImageOfPage\":{\"@id\":\"https:\/\/grupotorivac.com\/product\/bobinas-para-electroimanes\/#primaryimage\"},\"image\":{\"@id\":\"https:\/\/grupotorivac.com\/product\/bobinas-para-electroimanes\/#primaryimage\"},\"thumbnailUrl\":\"https:\/\/grupotorivac.com\/wp-content\/uploads\/2022\/06\/bobina_redonda.png\",\"datePublished\":\"2022-06-06T12:49:57+00:00\",\"description\":\"Wir vermarkten Spulen f\u00fcr Elektromagnete, die ein Minimum an Energie f\u00fcr die Anziehungskr\u00e4fte des Magneten verbrauchen.\",\"breadcrumb\":{\"@id\":\"https:\/\/grupotorivac.com\/product\/bobinas-para-electroimanes\/#breadcrumb\"},\"inLanguage\":\"de\",\"potentialAction\":[{\"@type\":\"ReadAction\",\"target\":[\"https:\/\/grupotorivac.com\/product\/bobinas-para-electroimanes\/\"]}]},{\"@type\":\"ImageObject\",\"inLanguage\":\"de\",\"@id\":\"https:\/\/grupotorivac.com\/product\/bobinas-para-electroimanes\/#primaryimage\",\"url\":\"https:\/\/grupotorivac.com\/wp-content\/uploads\/2022\/06\/bobina_redonda.png\",\"contentUrl\":\"https:\/\/grupotorivac.com\/wp-content\/uploads\/2022\/06\/bobina_redonda.png\",\"width\":1949,\"height\":1949},{\"@type\":\"BreadcrumbList\",\"@id\":\"https:\/\/grupotorivac.com\/product\/bobinas-para-electroimanes\/#breadcrumb\",\"itemListElement\":[{\"@type\":\"ListItem\",\"position\":1,\"name\":\"Portada\",\"item\":\"https:\/\/grupotorivac.com\/de\/\"},{\"@type\":\"ListItem\",\"position\":2,\"name\":\"Products\",\"item\":\"https:\/\/grupotorivac.com\/en\/shop\/\"},{\"@type\":\"ListItem\",\"position\":3,\"name\":\"Spulen f\u00fcr Elektromagnete\"}]},{\"@type\":\"WebSite\",\"@id\":\"https:\/\/grupotorivac.com\/#website\",\"url\":\"https:\/\/grupotorivac.com\/\",\"name\":\"Torivac\",\"description\":\"Especializados en dise\u00f1o y fabricaci\u00f3n de variados de tensi\u00f3n\",\"publisher\":{\"@id\":\"https:\/\/grupotorivac.com\/#organization\"},\"alternateName\":\"Torivac S.L\",\"potentialAction\":[{\"@type\":\"SearchAction\",\"target\":{\"@type\":\"EntryPoint\",\"urlTemplate\":\"https:\/\/grupotorivac.com\/?s={search_term_string}\"},\"query-input\":{\"@type\":\"PropertyValueSpecification\",\"valueRequired\":true,\"valueName\":\"search_term_string\"}}],\"inLanguage\":\"de\"},{\"@type\":\"Organization\",\"@id\":\"https:\/\/grupotorivac.com\/#organization\",\"name\":\"Torivac\",\"alternateName\":\"Torivac S.L\",\"url\":\"https:\/\/grupotorivac.com\/\",\"logo\":{\"@type\":\"ImageObject\",\"inLanguage\":\"de\",\"@id\":\"https:\/\/grupotorivac.com\/#\/schema\/logo\/image\/\",\"url\":\"https:\/\/grupotorivac.com\/wp-content\/uploads\/2025\/02\/Diseno-sin-titulo-73.png\",\"contentUrl\":\"https:\/\/grupotorivac.com\/wp-content\/uploads\/2025\/02\/Diseno-sin-titulo-73.png\",\"width\":250,\"height\":250,\"caption\":\"Torivac\"},\"image\":{\"@id\":\"https:\/\/grupotorivac.com\/#\/schema\/logo\/image\/\"}}]}<\/script>\n<!-- \/ Yoast SEO plugin. -->","yoast_head_json":{"title":"Spulen f\u00fcr Elektromagnete - Torivac","description":"Wir vermarkten Spulen f\u00fcr Elektromagnete, die ein Minimum an Energie f\u00fcr die Anziehungskr\u00e4fte des Magneten verbrauchen.","robots":{"index":"index","follow":"follow","max-snippet":"max-snippet:-1","max-image-preview":"max-image-preview:large","max-video-preview":"max-video-preview:-1"},"canonical":"https:\/\/grupotorivac.com\/product\/bobinas-para-electroimanes\/","og_locale":"de_DE","og_type":"article","og_title":"Spulen f\u00fcr Elektromagnete - Torivac","og_description":"Wir vermarkten Spulen f\u00fcr Elektromagnete, die ein Minimum an Energie f\u00fcr die Anziehungskr\u00e4fte des Magneten verbrauchen.","og_url":"https:\/\/grupotorivac.com\/product\/bobinas-para-electroimanes\/","og_site_name":"Torivac","og_image":[{"width":1949,"height":1949,"url":"https:\/\/grupotorivac.com\/wp-content\/uploads\/2022\/06\/bobina_redonda.png","type":"image\/png"}],"twitter_card":"summary_large_image","twitter_misc":{"Gesch\u00e4tzte Lesezeit":"2\u00a0Minuten"},"schema":{"@context":"https:\/\/schema.org","@graph":[{"@type":"WebPage","@id":"https:\/\/grupotorivac.com\/product\/bobinas-para-electroimanes\/","url":"https:\/\/grupotorivac.com\/product\/bobinas-para-electroimanes\/","name":"Spulen f\u00fcr Elektromagnete - Torivac","isPartOf":{"@id":"https:\/\/grupotorivac.com\/#website"},"primaryImageOfPage":{"@id":"https:\/\/grupotorivac.com\/product\/bobinas-para-electroimanes\/#primaryimage"},"image":{"@id":"https:\/\/grupotorivac.com\/product\/bobinas-para-electroimanes\/#primaryimage"},"thumbnailUrl":"https:\/\/grupotorivac.com\/wp-content\/uploads\/2022\/06\/bobina_redonda.png","datePublished":"2022-06-06T12:49:57+00:00","description":"Wir vermarkten Spulen f\u00fcr Elektromagnete, die ein Minimum an Energie f\u00fcr die Anziehungskr\u00e4fte des Magneten verbrauchen.","breadcrumb":{"@id":"https:\/\/grupotorivac.com\/product\/bobinas-para-electroimanes\/#breadcrumb"},"inLanguage":"de","potentialAction":[{"@type":"ReadAction","target":["https:\/\/grupotorivac.com\/product\/bobinas-para-electroimanes\/"]}]},{"@type":"ImageObject","inLanguage":"de","@id":"https:\/\/grupotorivac.com\/product\/bobinas-para-electroimanes\/#primaryimage","url":"https:\/\/grupotorivac.com\/wp-content\/uploads\/2022\/06\/bobina_redonda.png","contentUrl":"https:\/\/grupotorivac.com\/wp-content\/uploads\/2022\/06\/bobina_redonda.png","width":1949,"height":1949},{"@type":"BreadcrumbList","@id":"https:\/\/grupotorivac.com\/product\/bobinas-para-electroimanes\/#breadcrumb","itemListElement":[{"@type":"ListItem","position":1,"name":"Portada","item":"https:\/\/grupotorivac.com\/de\/"},{"@type":"ListItem","position":2,"name":"Products","item":"https:\/\/grupotorivac.com\/en\/shop\/"},{"@type":"ListItem","position":3,"name":"Spulen f\u00fcr Elektromagnete"}]},{"@type":"WebSite","@id":"https:\/\/grupotorivac.com\/#website","url":"https:\/\/grupotorivac.com\/","name":"Torivac","description":"Especializados en dise\u00f1o y fabricaci\u00f3n de variados de tensi\u00f3n","publisher":{"@id":"https:\/\/grupotorivac.com\/#organization"},"alternateName":"Torivac S.L","potentialAction":[{"@type":"SearchAction","target":{"@type":"EntryPoint","urlTemplate":"https:\/\/grupotorivac.com\/?s={search_term_string}"},"query-input":{"@type":"PropertyValueSpecification","valueRequired":true,"valueName":"search_term_string"}}],"inLanguage":"de"},{"@type":"Organization","@id":"https:\/\/grupotorivac.com\/#organization","name":"Torivac","alternateName":"Torivac S.L","url":"https:\/\/grupotorivac.com\/","logo":{"@type":"ImageObject","inLanguage":"de","@id":"https:\/\/grupotorivac.com\/#\/schema\/logo\/image\/","url":"https:\/\/grupotorivac.com\/wp-content\/uploads\/2025\/02\/Diseno-sin-titulo-73.png","contentUrl":"https:\/\/grupotorivac.com\/wp-content\/uploads\/2025\/02\/Diseno-sin-titulo-73.png","width":250,"height":250,"caption":"Torivac"},"image":{"@id":"https:\/\/grupotorivac.com\/#\/schema\/logo\/image\/"}}]}},"_links":{"self":[{"href":"https:\/\/grupotorivac.com\/de\/wp-json\/wp\/v2\/product\/15871","targetHints":{"allow":["GET"]}}],"collection":[{"href":"https:\/\/grupotorivac.com\/de\/wp-json\/wp\/v2\/product"}],"about":[{"href":"https:\/\/grupotorivac.com\/de\/wp-json\/wp\/v2\/types\/product"}],"wp:featuredmedia":[{"embeddable":true,"href":"https:\/\/grupotorivac.com\/de\/wp-json\/wp\/v2\/media\/15873"}],"wp:attachment":[{"href":"https:\/\/grupotorivac.com\/de\/wp-json\/wp\/v2\/media?parent=15871"}],"wp:term":[{"taxonomy":"product_brand","embeddable":true,"href":"https:\/\/grupotorivac.com\/de\/wp-json\/wp\/v2\/product_brand?post=15871"},{"taxonomy":"product_cat","embeddable":true,"href":"https:\/\/grupotorivac.com\/de\/wp-json\/wp\/v2\/product_cat?post=15871"},{"taxonomy":"product_tag","embeddable":true,"href":"https:\/\/grupotorivac.com\/de\/wp-json\/wp\/v2\/product_tag?post=15871"}],"curies":[{"name":"wp","href":"https:\/\/api.w.org\/{rel}","templated":true}]}}