{"id":15870,"date":"2022-06-06T12:50:24","date_gmt":"2022-06-06T12:50:24","guid":{"rendered":"https:\/\/grupotorivac.com\/product\/fuente-de-alimentacion-de-corriente-constante-150a\/"},"modified":"2022-06-06T12:50:24","modified_gmt":"2022-06-06T12:50:24","slug":"fuente-de-alimentacion-de-corriente-constante-150a","status":"publish","type":"product","link":"https:\/\/grupotorivac.com\/de\/product\/fuente-de-alimentacion-de-corriente-constante-150a\/","title":{"rendered":"150A Stromversorgungen"},"content":{"rendered":"<p class=\"p1\"><b>150A Stromversorgung<\/b><\/p>\n<p>Die 150A-Netzteile von Torivac sind Ger\u00e4te zur stabilen und kontinuierlichen Stromversorgung von Ger\u00e4ten und Systemen, die Str\u00f6me bis zu 150 Ampere ben\u00f6tigen. Ihre Hauptfunktion ist die Umwandlung von Wechselstrom (AC) aus dem Stromnetz in geregelten Gleichstrom (DC), um eine zuverl\u00e4ssige und sichere Versorgung f\u00fcr industrielle Anwendungen zu gew\u00e4hrleisten. <\/p>\n<p class=\"p1\"><b>Was ist die grundlegende Funktion des Frequenzumrichters?<\/b><\/p>\n<p>Sie sind unverzichtbar f\u00fcr Laboranwendungen, bei denen die Stabilit\u00e4t der Stromversorgung von entscheidender Bedeutung ist, sowie f\u00fcr industrielle Kontrollsysteme und moderne elektronische Ger\u00e4te. Sie zeichnen sich durch eine hohe Energieeffizienz, einen \u00dcberlastungsschutz und ein kompaktes Design aus, das eine einfache Integration in verschiedene industrielle Konfigurationen erm\u00f6glicht. Ihr Einsatz gew\u00e4hrleistet eine sicherere und effizientere Leistung in jeder energieintensiven Umgebung.  <\/p>\n<p class=\"p1\"><b>Wof\u00fcr sind Konstantstrom-Netzteile gedacht?<\/b><\/p>\n<p>Sie sind unverzichtbar f\u00fcr Laboranwendungen, bei denen die Stabilit\u00e4t der Stromversorgung von entscheidender Bedeutung ist, sowie f\u00fcr industrielle Kontrollsysteme und moderne elektronische Ger\u00e4te. Sie zeichnen sich durch eine hohe Energieeffizienz, einen \u00dcberlastungsschutz und ein kompaktes Design aus, das eine einfache Integration in verschiedene industrielle Konfigurationen erm\u00f6glicht. Ihr Einsatz gew\u00e4hrleistet eine sicherere und effizientere Leistung in jeder energieintensiven Umgebung.  <\/p>\n<p class=\"p1\"><b>Torivac ist ein Unternehmen, das sich auf die Entwicklung und Herstellung von Ringkerntransformatoren und Antrieben mit variabler Spannung spezialisiert hat.<\/b><\/p>\n<p>Wir verf\u00fcgen \u00fcber fast 60 Jahre Erfahrung in der Branche, die uns zu einer Pr\u00e4senz in mehr als 30 L\u00e4ndern gef\u00fchrt hat.<br \/>\nWir verf\u00fcgen \u00fcber ein technisches Team, das die Herstellung von hochpr\u00e4zisen und effizienten Ger\u00e4ten garantiert. Unsere Arbeitsmethodik erm\u00f6glicht es uns, in jeder Phase eines Projekts fortschrittliche Simulationen durchzuf\u00fchren, um sicherzustellen, dass jedes Bauteil, von Ringspannungswandlern, Regeltransformatoren, Batterieentladern, Potentiometern und Ringbandkernen, den h\u00f6chsten Standards der Branche entspricht.<br \/>\nWir arbeiten eng mit Unternehmen zusammen, die \u00fcber eine gro\u00dfe Infrastruktur verf\u00fcgen, um ma\u00dfgeschneiderte und effiziente L\u00f6sungen zu gew\u00e4hrleisten. Wir sind bestrebt, auf die Anforderungen von Branchen wie Technologie, Energie und Automobil zu reagieren. Unser Ziel ist es, weiterhin innovativ zu sein, strategische Allianzen zu st\u00e4rken und unsere globale Reichweite zu erweitern, wobei wir stets das G\u00fctesiegel f\u00fcr Qualit\u00e4t und Exzellenz beibehalten, das uns seit unseren Anf\u00e4ngen auszeichnet.   <\/p>\n","protected":false},"excerpt":{"rendered":"<p>Konstantstrom-Schaltnetzteile jeder Gr\u00f6\u00dfe<\/p>\n<p><strong>ALLGEMEINE MERKMALE<\/strong><\/p>\n<ul>\n<li>Einphasen-Wechselstromeingang <strong>230V 50Hz<\/strong><\/li>\n<li>DC-Ausgang<strong> 0 bis 30V<\/strong><\/li>\n<li>Maximaler Ausgangsstrom <strong>100A<\/strong><\/li>\n<li>Programmierung der maximalen Ausgangsspannung und des Stroms \u00fcber Drucktasten, Mikroprozessorsteuerung.<\/li>\n<li>Alphanumerisches Display zur Anzeige von Spannung und Stromst\u00e4rke.<\/li>\n<li>Nichtfl\u00fcchtiger Speicher f\u00fcr die konfigurierten Werte.<\/li>\n<li>Gesteuerter Eingangsgleichrichter, mit Einschaltstrombegrenzung<\/li>\n<li>Wechselrichter mit <strong>IGBT-Transistoren<\/strong>, schaltend mit Pulsweitenmodulation bei 40kHz.<\/li>\n<li>Gleichrichter mit hohem Wirkungsgrad, ausgestattet mit Schottky-Dioden.<\/li>\n<li>Trennt Transformator und Ausgangsfilter und gew\u00e4hrleistet so eine galvanische Isolierung<\/li>\n<li>Elektronischer Kurzschluss- und \u00dcberlastungsschutz.<\/li>\n<li>Komplettes Set in einer Metallbox f\u00fcr die Verwendung auf dem Labortisch.<\/li>\n<li>Optional: <strong>RS-232-Fernbedienung.<\/strong><\/li>\n<\/ul>\n","protected":false},"featured_media":9472,"template":"","meta":{"_acf_changed":false},"product_brand":[],"product_cat":[500,495],"product_tag":[],"class_list":{"0":"post-15870","1":"product","2":"type-product","3":"status-publish","4":"has-post-thumbnail","6":"product_cat-dc-stromversorgungen","7":"product_cat-elektronische-ausrustung","9":"first","10":"instock","11":"product-type-simple"},"acf":[],"yoast_head":"<!-- This site is optimized with the Yoast SEO plugin v27.2 - https:\/\/yoast.com\/product\/yoast-seo-wordpress\/ -->\n<title>150A Stromversorgungen - Torivac<\/title>\n<meta name=\"description\" content=\"150A-Netzteile liefern eine feste Stromst\u00e4rke, unabh\u00e4ngig von Schwankungen der Last oder der Eingangsspannung.\" \/>\n<meta name=\"robots\" content=\"index, follow, max-snippet:-1, max-image-preview:large, max-video-preview:-1\" \/>\n<link rel=\"canonical\" href=\"https:\/\/grupotorivac.com\/de\/product\/fuente-de-alimentacion-de-corriente-constante-150a\/\" \/>\n<meta property=\"og:locale\" content=\"de_DE\" \/>\n<meta property=\"og:type\" content=\"article\" \/>\n<meta property=\"og:title\" content=\"150A Stromversorgungen - Torivac\" \/>\n<meta property=\"og:description\" content=\"150A-Netzteile liefern eine feste Stromst\u00e4rke, unabh\u00e4ngig von Schwankungen der Last oder der Eingangsspannung.\" \/>\n<meta property=\"og:url\" content=\"https:\/\/grupotorivac.com\/de\/product\/fuente-de-alimentacion-de-corriente-constante-150a\/\" \/>\n<meta property=\"og:site_name\" content=\"Torivac\" \/>\n<meta property=\"og:image\" content=\"https:\/\/grupotorivac.com\/wp-content\/uploads\/2022\/06\/fuentes_alimentacion_cc-1.jpg\" \/>\n\t<meta property=\"og:image:width\" content=\"900\" \/>\n\t<meta property=\"og:image:height\" content=\"900\" \/>\n\t<meta property=\"og:image:type\" content=\"image\/jpeg\" \/>\n<meta name=\"twitter:card\" content=\"summary_large_image\" \/>\n<meta name=\"twitter:label1\" content=\"Gesch\u00e4tzte Lesezeit\" \/>\n\t<meta name=\"twitter:data1\" content=\"2\u00a0Minuten\" \/>\n<script type=\"application\/ld+json\" class=\"yoast-schema-graph\">{\"@context\":\"https:\/\/schema.org\",\"@graph\":[{\"@type\":\"WebPage\",\"@id\":\"https:\/\/grupotorivac.com\/de\/product\/fuente-de-alimentacion-de-corriente-constante-150a\/\",\"url\":\"https:\/\/grupotorivac.com\/de\/product\/fuente-de-alimentacion-de-corriente-constante-150a\/\",\"name\":\"150A Stromversorgungen - Torivac\",\"isPartOf\":{\"@id\":\"https:\/\/grupotorivac.com\/#website\"},\"primaryImageOfPage\":{\"@id\":\"https:\/\/grupotorivac.com\/de\/product\/fuente-de-alimentacion-de-corriente-constante-150a\/#primaryimage\"},\"image\":{\"@id\":\"https:\/\/grupotorivac.com\/de\/product\/fuente-de-alimentacion-de-corriente-constante-150a\/#primaryimage\"},\"thumbnailUrl\":\"https:\/\/grupotorivac.com\/wp-content\/uploads\/2022\/06\/fuentes_alimentacion_cc-1.jpg\",\"datePublished\":\"2022-06-06T12:50:24+00:00\",\"description\":\"150A-Netzteile liefern eine feste Stromst\u00e4rke, unabh\u00e4ngig von Schwankungen der Last oder der Eingangsspannung.\",\"breadcrumb\":{\"@id\":\"https:\/\/grupotorivac.com\/de\/product\/fuente-de-alimentacion-de-corriente-constante-150a\/#breadcrumb\"},\"inLanguage\":\"de\",\"potentialAction\":[{\"@type\":\"ReadAction\",\"target\":[\"https:\/\/grupotorivac.com\/de\/product\/fuente-de-alimentacion-de-corriente-constante-150a\/\"]}]},{\"@type\":\"ImageObject\",\"inLanguage\":\"de\",\"@id\":\"https:\/\/grupotorivac.com\/de\/product\/fuente-de-alimentacion-de-corriente-constante-150a\/#primaryimage\",\"url\":\"https:\/\/grupotorivac.com\/wp-content\/uploads\/2022\/06\/fuentes_alimentacion_cc-1.jpg\",\"contentUrl\":\"https:\/\/grupotorivac.com\/wp-content\/uploads\/2022\/06\/fuentes_alimentacion_cc-1.jpg\",\"width\":900,\"height\":900,\"caption\":\"150A-Netzteile, speziell entwickelt, um die Stabilit\u00e4t bei der Stromverteilung von modernen elektronischen Ger\u00e4ten zu gew\u00e4hrleisten.\"},{\"@type\":\"BreadcrumbList\",\"@id\":\"https:\/\/grupotorivac.com\/de\/product\/fuente-de-alimentacion-de-corriente-constante-150a\/#breadcrumb\",\"itemListElement\":[{\"@type\":\"ListItem\",\"position\":1,\"name\":\"Portada\",\"item\":\"https:\/\/grupotorivac.com\/de\/\"},{\"@type\":\"ListItem\",\"position\":2,\"name\":\"Products\",\"item\":\"https:\/\/grupotorivac.com\/en\/shop\/\"},{\"@type\":\"ListItem\",\"position\":3,\"name\":\"150A Stromversorgungen\"}]},{\"@type\":\"WebSite\",\"@id\":\"https:\/\/grupotorivac.com\/#website\",\"url\":\"https:\/\/grupotorivac.com\/\",\"name\":\"Torivac\",\"description\":\"Especializados en dise\u00f1o y fabricaci\u00f3n de variados de tensi\u00f3n\",\"publisher\":{\"@id\":\"https:\/\/grupotorivac.com\/#organization\"},\"alternateName\":\"Torivac S.L\",\"potentialAction\":[{\"@type\":\"SearchAction\",\"target\":{\"@type\":\"EntryPoint\",\"urlTemplate\":\"https:\/\/grupotorivac.com\/?s={search_term_string}\"},\"query-input\":{\"@type\":\"PropertyValueSpecification\",\"valueRequired\":true,\"valueName\":\"search_term_string\"}}],\"inLanguage\":\"de\"},{\"@type\":\"Organization\",\"@id\":\"https:\/\/grupotorivac.com\/#organization\",\"name\":\"Torivac\",\"alternateName\":\"Torivac S.L\",\"url\":\"https:\/\/grupotorivac.com\/\",\"logo\":{\"@type\":\"ImageObject\",\"inLanguage\":\"de\",\"@id\":\"https:\/\/grupotorivac.com\/#\/schema\/logo\/image\/\",\"url\":\"https:\/\/grupotorivac.com\/wp-content\/uploads\/2025\/02\/Diseno-sin-titulo-73.png\",\"contentUrl\":\"https:\/\/grupotorivac.com\/wp-content\/uploads\/2025\/02\/Diseno-sin-titulo-73.png\",\"width\":250,\"height\":250,\"caption\":\"Torivac\"},\"image\":{\"@id\":\"https:\/\/grupotorivac.com\/#\/schema\/logo\/image\/\"}}]}<\/script>\n<!-- \/ Yoast SEO plugin. -->","yoast_head_json":{"title":"150A Stromversorgungen - Torivac","description":"150A-Netzteile liefern eine feste Stromst\u00e4rke, unabh\u00e4ngig von Schwankungen der Last oder der Eingangsspannung.","robots":{"index":"index","follow":"follow","max-snippet":"max-snippet:-1","max-image-preview":"max-image-preview:large","max-video-preview":"max-video-preview:-1"},"canonical":"https:\/\/grupotorivac.com\/de\/product\/fuente-de-alimentacion-de-corriente-constante-150a\/","og_locale":"de_DE","og_type":"article","og_title":"150A Stromversorgungen - Torivac","og_description":"150A-Netzteile liefern eine feste Stromst\u00e4rke, unabh\u00e4ngig von Schwankungen der Last oder der Eingangsspannung.","og_url":"https:\/\/grupotorivac.com\/de\/product\/fuente-de-alimentacion-de-corriente-constante-150a\/","og_site_name":"Torivac","og_image":[{"width":900,"height":900,"url":"https:\/\/grupotorivac.com\/wp-content\/uploads\/2022\/06\/fuentes_alimentacion_cc-1.jpg","type":"image\/jpeg"}],"twitter_card":"summary_large_image","twitter_misc":{"Gesch\u00e4tzte Lesezeit":"2\u00a0Minuten"},"schema":{"@context":"https:\/\/schema.org","@graph":[{"@type":"WebPage","@id":"https:\/\/grupotorivac.com\/de\/product\/fuente-de-alimentacion-de-corriente-constante-150a\/","url":"https:\/\/grupotorivac.com\/de\/product\/fuente-de-alimentacion-de-corriente-constante-150a\/","name":"150A Stromversorgungen - Torivac","isPartOf":{"@id":"https:\/\/grupotorivac.com\/#website"},"primaryImageOfPage":{"@id":"https:\/\/grupotorivac.com\/de\/product\/fuente-de-alimentacion-de-corriente-constante-150a\/#primaryimage"},"image":{"@id":"https:\/\/grupotorivac.com\/de\/product\/fuente-de-alimentacion-de-corriente-constante-150a\/#primaryimage"},"thumbnailUrl":"https:\/\/grupotorivac.com\/wp-content\/uploads\/2022\/06\/fuentes_alimentacion_cc-1.jpg","datePublished":"2022-06-06T12:50:24+00:00","description":"150A-Netzteile liefern eine feste Stromst\u00e4rke, unabh\u00e4ngig von Schwankungen der Last oder der Eingangsspannung.","breadcrumb":{"@id":"https:\/\/grupotorivac.com\/de\/product\/fuente-de-alimentacion-de-corriente-constante-150a\/#breadcrumb"},"inLanguage":"de","potentialAction":[{"@type":"ReadAction","target":["https:\/\/grupotorivac.com\/de\/product\/fuente-de-alimentacion-de-corriente-constante-150a\/"]}]},{"@type":"ImageObject","inLanguage":"de","@id":"https:\/\/grupotorivac.com\/de\/product\/fuente-de-alimentacion-de-corriente-constante-150a\/#primaryimage","url":"https:\/\/grupotorivac.com\/wp-content\/uploads\/2022\/06\/fuentes_alimentacion_cc-1.jpg","contentUrl":"https:\/\/grupotorivac.com\/wp-content\/uploads\/2022\/06\/fuentes_alimentacion_cc-1.jpg","width":900,"height":900,"caption":"150A-Netzteile, speziell entwickelt, um die Stabilit\u00e4t bei der Stromverteilung von modernen elektronischen Ger\u00e4ten zu gew\u00e4hrleisten."},{"@type":"BreadcrumbList","@id":"https:\/\/grupotorivac.com\/de\/product\/fuente-de-alimentacion-de-corriente-constante-150a\/#breadcrumb","itemListElement":[{"@type":"ListItem","position":1,"name":"Portada","item":"https:\/\/grupotorivac.com\/de\/"},{"@type":"ListItem","position":2,"name":"Products","item":"https:\/\/grupotorivac.com\/en\/shop\/"},{"@type":"ListItem","position":3,"name":"150A Stromversorgungen"}]},{"@type":"WebSite","@id":"https:\/\/grupotorivac.com\/#website","url":"https:\/\/grupotorivac.com\/","name":"Torivac","description":"Especializados en dise\u00f1o y fabricaci\u00f3n de variados de tensi\u00f3n","publisher":{"@id":"https:\/\/grupotorivac.com\/#organization"},"alternateName":"Torivac S.L","potentialAction":[{"@type":"SearchAction","target":{"@type":"EntryPoint","urlTemplate":"https:\/\/grupotorivac.com\/?s={search_term_string}"},"query-input":{"@type":"PropertyValueSpecification","valueRequired":true,"valueName":"search_term_string"}}],"inLanguage":"de"},{"@type":"Organization","@id":"https:\/\/grupotorivac.com\/#organization","name":"Torivac","alternateName":"Torivac S.L","url":"https:\/\/grupotorivac.com\/","logo":{"@type":"ImageObject","inLanguage":"de","@id":"https:\/\/grupotorivac.com\/#\/schema\/logo\/image\/","url":"https:\/\/grupotorivac.com\/wp-content\/uploads\/2025\/02\/Diseno-sin-titulo-73.png","contentUrl":"https:\/\/grupotorivac.com\/wp-content\/uploads\/2025\/02\/Diseno-sin-titulo-73.png","width":250,"height":250,"caption":"Torivac"},"image":{"@id":"https:\/\/grupotorivac.com\/#\/schema\/logo\/image\/"}}]}},"_links":{"self":[{"href":"https:\/\/grupotorivac.com\/de\/wp-json\/wp\/v2\/product\/15870","targetHints":{"allow":["GET"]}}],"collection":[{"href":"https:\/\/grupotorivac.com\/de\/wp-json\/wp\/v2\/product"}],"about":[{"href":"https:\/\/grupotorivac.com\/de\/wp-json\/wp\/v2\/types\/product"}],"wp:featuredmedia":[{"embeddable":true,"href":"https:\/\/grupotorivac.com\/de\/wp-json\/wp\/v2\/media\/9472"}],"wp:attachment":[{"href":"https:\/\/grupotorivac.com\/de\/wp-json\/wp\/v2\/media?parent=15870"}],"wp:term":[{"taxonomy":"product_brand","embeddable":true,"href":"https:\/\/grupotorivac.com\/de\/wp-json\/wp\/v2\/product_brand?post=15870"},{"taxonomy":"product_cat","embeddable":true,"href":"https:\/\/grupotorivac.com\/de\/wp-json\/wp\/v2\/product_cat?post=15870"},{"taxonomy":"product_tag","embeddable":true,"href":"https:\/\/grupotorivac.com\/de\/wp-json\/wp\/v2\/product_tag?post=15870"}],"curies":[{"name":"wp","href":"https:\/\/api.w.org\/{rel}","templated":true}]}}