{"id":15869,"date":"2022-06-06T12:49:11","date_gmt":"2022-06-06T12:49:11","guid":{"rendered":"https:\/\/grupotorivac.com\/product\/transformadores-convencionales-encapsulados\/"},"modified":"2022-06-06T12:49:11","modified_gmt":"2022-06-06T12:49:11","slug":"transformadores-convencionales-encapsulados","status":"publish","type":"product","link":"https:\/\/grupotorivac.com\/de\/product\/transformadores-convencionales-encapsulados\/","title":{"rendered":"Gekapselter konventioneller Transformator"},"content":{"rendered":"<p><b>Gekapselter konventioneller Transformator f\u00fcr erneuerbare Energien.<\/b><\/p>\n<p>Der Einsatz konventioneller gekapselter Transformatoren ist in zahlreichen Industrie- und Energieanwendungen in ganz Spanien und Europa von grundlegender Bedeutung. Trotz des modernen Trends zu mehr automatisierten oder digitalen L\u00f6sungen verlassen sich viele Industrien aufgrund ihrer Zuverl\u00e4ssigkeit, Leistungsstabilit\u00e4t und Betriebskontinuit\u00e4t weiterhin auf konventionelle Ger\u00e4te. Auf dem europ\u00e4ischen Markt gibt es jedoch nur wenige Hersteller, die das geforderte Qualit\u00e4tsniveau erf\u00fcllen, was die Herausforderung f\u00fcr Hersteller und H\u00e4ndler von elektrischen Ger\u00e4ten erh\u00f6ht, die anspruchsvolle technische Garantien bieten m\u00fcssen. Die derzeitige Situation auf dem Kontinent zeigt einen erheblichen Mangel an Anbietern, die Erfahrung, Standards und zertifizierte Qualit\u00e4t in L\u00f6sungen vereinen, die unter unterschiedlichen industriellen Bedingungen stabil bleiben.   <\/p>\n<p>In diesem Rahmen gewinnen herk\u00f6mmliche gekapselte Transformatoren als erwartete, praktische und robuste L\u00f6sung, die bei ihrer ordnungsgem\u00e4\u00dfen Herstellung nicht verloren gehen sollte, noch mehr an Bedeutung. Elektrische Anlagen ben\u00f6tigen Komponenten, die pr\u00e4zise funktionieren, ohne Schwankungen oder unn\u00f6tige Risiken. Das bedeutet, dass die richtige Wahl der Lieferanten und Hersteller nicht nur einen Unterschied bei den Kosten, sondern auch bei der Betriebssicherheit macht. In anspruchsvollen M\u00e4rkten wie Europa unterscheiden die Einhaltung von EN-Normen und die Erfahrung mit Dauerlastbedingungen wettbewerbsf\u00e4hige konventionelle gekapselte Transformatoren von einer billigen Kopie. Es geht nicht nur um den Kauf, sondern darum, jedem Projekt das technische Vertrauen zu geben, um Ausf\u00e4lle zu minimieren und drastische Wartungsarbeiten zu reduzieren.    <\/p>\n<p><b>Zertifizierte Qualit\u00e4t bei herk\u00f6mmlichen gekapselten Transformatoren im Vergleich zu asiatischen Kopien<\/b><\/p>\n<p>Der europ\u00e4ische Elektrosektor durchl\u00e4uft derzeit ein besonderes Szenario, in dem das begrenzte Angebot an Herstellern, die sich ethisch der Qualit\u00e4t verpflichtet f\u00fchlen, offensichtliche Hindernisse f\u00fcr einen einheitlichen technologischen Fortschritt darstellt. Einige asiatische Hersteller bieten zwar preisg\u00fcnstige Transformatoren an, aber eine Geschichte von inkonsistenten Qualit\u00e4tsprozessen und mangelhafter R\u00fcckverfolgbarkeit von Zertifizierungen hat bei vielen europ\u00e4ischen H\u00e4ndlern und Technikern Alarm ausgel\u00f6st. Es ist wichtig zu verstehen, dass ein herk\u00f6mmlicher gekapselter Transformator, auch wenn er als passives Bauteil erscheinen mag, kritische Funktionen im elektrischen Verteilungssystem erf\u00fcllt. Sein direktes Verhalten bei wechselnden Spannungen, Str\u00f6men und Lasten entscheidet dar\u00fcber, ob eine ganze Anlage normal funktioniert oder unter den Schwankungen zusammenbricht.   <\/p>\n<p>Produkte aus bestimmten, wenig regulierten M\u00e4rkten, wie z.B. China, bieten oft wettbewerbsf\u00e4hige Preise, gehen aber zu Lasten der Betriebsstabilit\u00e4t, Langlebigkeit und Sicherheit. Die Anpassung dieser Technologien birgt das Risiko von Ausf\u00e4llen, h\u00f6heren Wartungskosten und einem Verlust an Energieeffizienz. Im Gegensatz dazu haben die europ\u00e4ischen Hersteller, die weiterhin aktiv sind, aufgrund ihrer transparenten Produktionspolitik, ihrer aktuellen Zertifizierungen und ihres Engagements f\u00fcr regionale technische Anforderungen ein nachhaltiges Wachstum erlebt. Hier werden seri\u00f6se Namen wie Torivac zu einer zuverl\u00e4ssigen L\u00f6sung f\u00fcr Akteure im Energiesektor, die mehr als nur ein Produkt suchen, n\u00e4mlich ein Leistungsversprechen.   <\/p>\n<p>Es sei darauf hingewiesen, dass diejenigen, die mit Mittel- oder Hochspannungsanlagen arbeiten, wie z.B. Schalttafelhersteller oder professionelle Verteiler in der Industrie, gro\u00dfen Wert auf Stabilit\u00e4t legen. Die Bedeutung des gekapselten konventionellen Transformators liegt nicht nur in seiner ordnungsgem\u00e4\u00dfen Herstellung, sondern auch in der Zuverl\u00e4ssigkeit, die mit jeder Einheit verbunden ist. Der fehlende Wettbewerb in Europa spiegelt nicht einen Mangel an industriellen Kapazit\u00e4ten wider, sondern vielmehr eine tiefe Spezialisierung, die nur diejenigen beherrschen, die die technischen Anforderungen eines jeden Projekts verstehen. Das Engagement f\u00fcr zuverl\u00e4ssige Hersteller, die f\u00fcr Qualit\u00e4t stehen, im Gegensatz zu Nachahmungen und nicht normgerechten Produkten, ist f\u00fcr die Wahrung des guten Namens eines jeden Elektroanbieters unerl\u00e4sslich.   <\/p>\n<p><b>Effizienz und Qualit\u00e4t des spanischen Herstellers Torivac bei konventionellen gekapselten Transformatoren f\u00fcr die Wind- und Photovoltaikindustrie.<\/b><\/p>\n<p>Torivac, ein f\u00fchrendes Unternehmen mit solider Erfahrung in der Entwicklung elektrischer Komponenten f\u00fcr anspruchsvolle Umgebungen, hat sich als eine der wenigen europ\u00e4ischen Marken etabliert, die sich auf die Produktion von konventionellen Standardtransformatoren, gekapselten konventionellen Transformatoren und TT-Serien mit hohen Qualit\u00e4tsstandards konzentrieren. Im Gegensatz zu billigen Alternativen investiert die Marke in validierte technische Prozesse, Ger\u00e4te mit \u00e4u\u00dferlich widerstandsf\u00e4higen Beschichtungen und interne Strukturen, die nach \u00fcberpr\u00fcfbaren ISO-Normen hergestellt werden. Dies gibt europ\u00e4ischen H\u00e4ndlern und Herstellern das n\u00f6tige Vertrauen, wenn sie Energieanlagen in Industriegeb\u00e4uden, Logistiklagern oder Umspannwerken entwerfen, installieren oder warten.  <\/p>\n<p>Dar\u00fcber hinaus gew\u00e4hrleistet der Kundendienst klare technische Antworten, effiziente Lieferzeiten und einen Produktionsprozess, der eine vollst\u00e4ndige R\u00fcckverfolgbarkeit von der Wicklung bis zur Endpr\u00fcfung erm\u00f6glicht. Das macht es zu einer strategischen, kosteneffizienten und technisch nachhaltigen Entscheidung, sich auf Torivac als Standardlieferant f\u00fcr konventionelle Transformatoren zu verlassen. F\u00fcr diejenigen, die Wert auf Langlebigkeit, zuverl\u00e4ssige Integration und europ\u00e4ische Standards legen, ist dieses Unternehmen die bestm\u00f6gliche Wahl, w\u00e4hrend andere Marken ihre Kosten auf Kosten der Qualit\u00e4t senken.  <\/p>\n<p><b>Wie w\u00e4hlt man einen zuverl\u00e4ssigen konventionellen Standardtransformator aus?<\/b><\/p>\n<p>Ganz einfach: Wenn Sie sich f\u00fcr Torivac als Lieferanten von <a href=\"https:\/\/grupotorivac.com\/de\/categoria-producto\/transformatoren\/konventioneller-transformator\/\">konventionellen Transformatoren<\/a> in Europa entscheiden, entscheiden Sie sich bewusst f\u00fcr L\u00f6sungen, die funktionieren, die langlebig sind und die in jedem Betriebszyklus einen echten Mehrwert bieten. Wenn elektrische Projekte wesentliche Komponenten erfordern, die Langlebigkeit, elektrische Kontinuit\u00e4t und Energieeffizienz garantieren, gibt es keinen Platz f\u00fcr Abk\u00fcrzungen. Der Markt hat erkannt, dass der Unterschied zwischen einer stabilen Installation und einem problematischen System oft in der technischen Ehrlichkeit des urspr\u00fcnglichen Lieferanten liegt.  <\/p>\n<p><b>Warum sollten Sie Torivac als Transformatorlieferant vertrauen?<\/b><\/p>\n<p>Der europ\u00e4ische Energiemarkt entwickelt sich weiter und nur wenige Akteure haben die Vision und die F\u00e4higkeit, sich auf die Herausforderungen vorzubereiten. Torivac beweist mit jeder Lieferung, dass die Herstellung robuster L\u00f6sungen weiterhin m\u00f6glich, kosteneffizient und wichtig ist. Wenn Sie als Hersteller, Integrator oder Elektroh\u00e4ndler auf der Suche nach Zuverl\u00e4ssigkeit sind, sollten Sie den Wert eines von Experten entwickelten konventionellen Standardtransformators nicht untersch\u00e4tzen. Es geht nicht darum, Elektronik zu verkaufen, sondern darum, Leistung, Stabilit\u00e4t und Glaubw\u00fcrdigkeit in einem Markt zu gew\u00e4hrleisten, in dem der technische Druck am h\u00f6chsten ist und Fehlermargen inakzeptabel sind.   <\/p>\n","protected":false},"excerpt":{"rendered":"<p>Gekapselte konventionelle Transformatoren mit Einzelausgang, symmetrischem Ausgang oder Doppelausgang, die in selbstverl\u00f6schendes Epoxidharz eingekapselt sind und den internationalen Sicherheits- und Qualit\u00e4tsstandards entsprechen (EN 61558, VDE 0570, VDE 0550-0551, UL-506, CSA C22.2, CEE 15, SEMKO 115), was eine optimale Leistung gegen Temperaturschwankungen, Feuchtigkeit und aggressive Umgebungen garantiert. Dieses Produkt hat eine W\u00e4rmereduktion von ca. 25% im Vergleich zu herk\u00f6mmlichen Produkten. <\/p>\n","protected":false},"featured_media":9176,"template":"","meta":{"_acf_changed":false},"product_brand":[],"product_cat":[460,468],"product_tag":[],"class_list":{"0":"post-15869","1":"product","2":"type-product","3":"status-publish","4":"has-post-thumbnail","6":"product_cat-konventioneller-transformator","7":"product_cat-tce-serie","9":"first","10":"instock","11":"product-type-simple"},"acf":[],"yoast_head":"<!-- This site is optimized with the Yoast SEO plugin v27.2 - https:\/\/yoast.com\/product\/yoast-seo-wordpress\/ -->\n<title>Gekapselte konventionelle Transformatorenfabrik | Torivac<\/title>\n<meta name=\"description\" content=\"Herk\u00f6mmliche gekapselte Transformatoren von Torivac herstellen zu lassen, ist eine strategische, kosteneffektive und technisch nachhaltige Entscheidung.\" \/>\n<meta name=\"robots\" content=\"index, follow, max-snippet:-1, max-image-preview:large, max-video-preview:-1\" \/>\n<link rel=\"canonical\" href=\"https:\/\/grupotorivac.com\/product\/transformadores-convencionales-encapsulados\/\" \/>\n<meta property=\"og:locale\" content=\"de_DE\" \/>\n<meta property=\"og:type\" content=\"article\" \/>\n<meta property=\"og:title\" content=\"Gekapselte konventionelle Transformatorenfabrik | Torivac\" \/>\n<meta property=\"og:description\" content=\"Herk\u00f6mmliche gekapselte Transformatoren von Torivac herstellen zu lassen, ist eine strategische, kosteneffektive und technisch nachhaltige Entscheidung.\" \/>\n<meta property=\"og:url\" content=\"https:\/\/grupotorivac.com\/product\/transformadores-convencionales-encapsulados\/\" \/>\n<meta property=\"og:site_name\" content=\"Torivac\" \/>\n<meta property=\"og:image\" content=\"https:\/\/grupotorivac.com\/wp-content\/uploads\/2022\/06\/TCE.jpg\" \/>\n\t<meta property=\"og:image:width\" content=\"800\" \/>\n\t<meta property=\"og:image:height\" content=\"600\" \/>\n\t<meta property=\"og:image:type\" content=\"image\/png\" \/>\n<meta name=\"twitter:card\" content=\"summary_large_image\" \/>\n<meta name=\"twitter:label1\" content=\"Gesch\u00e4tzte Lesezeit\" \/>\n\t<meta name=\"twitter:data1\" content=\"5\u00a0Minuten\" \/>\n<script type=\"application\/ld+json\" class=\"yoast-schema-graph\">{\"@context\":\"https:\/\/schema.org\",\"@graph\":[{\"@type\":\"WebPage\",\"@id\":\"https:\/\/grupotorivac.com\/product\/transformadores-convencionales-encapsulados\/\",\"url\":\"https:\/\/grupotorivac.com\/product\/transformadores-convencionales-encapsulados\/\",\"name\":\"Gekapselte konventionelle Transformatorenfabrik | Torivac\",\"isPartOf\":{\"@id\":\"https:\/\/grupotorivac.com\/#website\"},\"primaryImageOfPage\":{\"@id\":\"https:\/\/grupotorivac.com\/product\/transformadores-convencionales-encapsulados\/#primaryimage\"},\"image\":{\"@id\":\"https:\/\/grupotorivac.com\/product\/transformadores-convencionales-encapsulados\/#primaryimage\"},\"thumbnailUrl\":\"https:\/\/grupotorivac.com\/wp-content\/uploads\/2022\/06\/TCE.jpg\",\"datePublished\":\"2022-06-06T12:49:11+00:00\",\"description\":\"Herk\u00f6mmliche gekapselte Transformatoren von Torivac herstellen zu lassen, ist eine strategische, kosteneffektive und technisch nachhaltige Entscheidung.\",\"breadcrumb\":{\"@id\":\"https:\/\/grupotorivac.com\/product\/transformadores-convencionales-encapsulados\/#breadcrumb\"},\"inLanguage\":\"de\",\"potentialAction\":[{\"@type\":\"ReadAction\",\"target\":[\"https:\/\/grupotorivac.com\/product\/transformadores-convencionales-encapsulados\/\"]}]},{\"@type\":\"ImageObject\",\"inLanguage\":\"de\",\"@id\":\"https:\/\/grupotorivac.com\/product\/transformadores-convencionales-encapsulados\/#primaryimage\",\"url\":\"https:\/\/grupotorivac.com\/wp-content\/uploads\/2022\/06\/TCE.jpg\",\"contentUrl\":\"https:\/\/grupotorivac.com\/wp-content\/uploads\/2022\/06\/TCE.jpg\",\"width\":800,\"height\":600,\"caption\":\"konventionelle gekapselte Transformatoren\"},{\"@type\":\"BreadcrumbList\",\"@id\":\"https:\/\/grupotorivac.com\/product\/transformadores-convencionales-encapsulados\/#breadcrumb\",\"itemListElement\":[{\"@type\":\"ListItem\",\"position\":1,\"name\":\"Portada\",\"item\":\"https:\/\/grupotorivac.com\/de\/\"},{\"@type\":\"ListItem\",\"position\":2,\"name\":\"Products\",\"item\":\"https:\/\/grupotorivac.com\/en\/shop\/\"},{\"@type\":\"ListItem\",\"position\":3,\"name\":\"Gekapselter konventioneller Transformator\"}]},{\"@type\":\"WebSite\",\"@id\":\"https:\/\/grupotorivac.com\/#website\",\"url\":\"https:\/\/grupotorivac.com\/\",\"name\":\"Torivac\",\"description\":\"Especializados en dise\u00f1o y fabricaci\u00f3n de variados de tensi\u00f3n\",\"publisher\":{\"@id\":\"https:\/\/grupotorivac.com\/#organization\"},\"alternateName\":\"Torivac S.L\",\"potentialAction\":[{\"@type\":\"SearchAction\",\"target\":{\"@type\":\"EntryPoint\",\"urlTemplate\":\"https:\/\/grupotorivac.com\/?s={search_term_string}\"},\"query-input\":{\"@type\":\"PropertyValueSpecification\",\"valueRequired\":true,\"valueName\":\"search_term_string\"}}],\"inLanguage\":\"de\"},{\"@type\":\"Organization\",\"@id\":\"https:\/\/grupotorivac.com\/#organization\",\"name\":\"Torivac\",\"alternateName\":\"Torivac S.L\",\"url\":\"https:\/\/grupotorivac.com\/\",\"logo\":{\"@type\":\"ImageObject\",\"inLanguage\":\"de\",\"@id\":\"https:\/\/grupotorivac.com\/#\/schema\/logo\/image\/\",\"url\":\"https:\/\/grupotorivac.com\/wp-content\/uploads\/2025\/02\/Diseno-sin-titulo-73.png\",\"contentUrl\":\"https:\/\/grupotorivac.com\/wp-content\/uploads\/2025\/02\/Diseno-sin-titulo-73.png\",\"width\":250,\"height\":250,\"caption\":\"Torivac\"},\"image\":{\"@id\":\"https:\/\/grupotorivac.com\/#\/schema\/logo\/image\/\"}}]}<\/script>\n<!-- \/ Yoast SEO plugin. -->","yoast_head_json":{"title":"Gekapselte konventionelle Transformatorenfabrik | Torivac","description":"Herk\u00f6mmliche gekapselte Transformatoren von Torivac herstellen zu lassen, ist eine strategische, kosteneffektive und technisch nachhaltige Entscheidung.","robots":{"index":"index","follow":"follow","max-snippet":"max-snippet:-1","max-image-preview":"max-image-preview:large","max-video-preview":"max-video-preview:-1"},"canonical":"https:\/\/grupotorivac.com\/product\/transformadores-convencionales-encapsulados\/","og_locale":"de_DE","og_type":"article","og_title":"Gekapselte konventionelle Transformatorenfabrik | Torivac","og_description":"Herk\u00f6mmliche gekapselte Transformatoren von Torivac herstellen zu lassen, ist eine strategische, kosteneffektive und technisch nachhaltige Entscheidung.","og_url":"https:\/\/grupotorivac.com\/product\/transformadores-convencionales-encapsulados\/","og_site_name":"Torivac","og_image":[{"width":800,"height":600,"url":"https:\/\/grupotorivac.com\/wp-content\/uploads\/2022\/06\/TCE.jpg","type":"image\/png"}],"twitter_card":"summary_large_image","twitter_misc":{"Gesch\u00e4tzte Lesezeit":"5\u00a0Minuten"},"schema":{"@context":"https:\/\/schema.org","@graph":[{"@type":"WebPage","@id":"https:\/\/grupotorivac.com\/product\/transformadores-convencionales-encapsulados\/","url":"https:\/\/grupotorivac.com\/product\/transformadores-convencionales-encapsulados\/","name":"Gekapselte konventionelle Transformatorenfabrik | Torivac","isPartOf":{"@id":"https:\/\/grupotorivac.com\/#website"},"primaryImageOfPage":{"@id":"https:\/\/grupotorivac.com\/product\/transformadores-convencionales-encapsulados\/#primaryimage"},"image":{"@id":"https:\/\/grupotorivac.com\/product\/transformadores-convencionales-encapsulados\/#primaryimage"},"thumbnailUrl":"https:\/\/grupotorivac.com\/wp-content\/uploads\/2022\/06\/TCE.jpg","datePublished":"2022-06-06T12:49:11+00:00","description":"Herk\u00f6mmliche gekapselte Transformatoren von Torivac herstellen zu lassen, ist eine strategische, kosteneffektive und technisch nachhaltige Entscheidung.","breadcrumb":{"@id":"https:\/\/grupotorivac.com\/product\/transformadores-convencionales-encapsulados\/#breadcrumb"},"inLanguage":"de","potentialAction":[{"@type":"ReadAction","target":["https:\/\/grupotorivac.com\/product\/transformadores-convencionales-encapsulados\/"]}]},{"@type":"ImageObject","inLanguage":"de","@id":"https:\/\/grupotorivac.com\/product\/transformadores-convencionales-encapsulados\/#primaryimage","url":"https:\/\/grupotorivac.com\/wp-content\/uploads\/2022\/06\/TCE.jpg","contentUrl":"https:\/\/grupotorivac.com\/wp-content\/uploads\/2022\/06\/TCE.jpg","width":800,"height":600,"caption":"konventionelle gekapselte Transformatoren"},{"@type":"BreadcrumbList","@id":"https:\/\/grupotorivac.com\/product\/transformadores-convencionales-encapsulados\/#breadcrumb","itemListElement":[{"@type":"ListItem","position":1,"name":"Portada","item":"https:\/\/grupotorivac.com\/de\/"},{"@type":"ListItem","position":2,"name":"Products","item":"https:\/\/grupotorivac.com\/en\/shop\/"},{"@type":"ListItem","position":3,"name":"Gekapselter konventioneller Transformator"}]},{"@type":"WebSite","@id":"https:\/\/grupotorivac.com\/#website","url":"https:\/\/grupotorivac.com\/","name":"Torivac","description":"Especializados en dise\u00f1o y fabricaci\u00f3n de variados de tensi\u00f3n","publisher":{"@id":"https:\/\/grupotorivac.com\/#organization"},"alternateName":"Torivac S.L","potentialAction":[{"@type":"SearchAction","target":{"@type":"EntryPoint","urlTemplate":"https:\/\/grupotorivac.com\/?s={search_term_string}"},"query-input":{"@type":"PropertyValueSpecification","valueRequired":true,"valueName":"search_term_string"}}],"inLanguage":"de"},{"@type":"Organization","@id":"https:\/\/grupotorivac.com\/#organization","name":"Torivac","alternateName":"Torivac S.L","url":"https:\/\/grupotorivac.com\/","logo":{"@type":"ImageObject","inLanguage":"de","@id":"https:\/\/grupotorivac.com\/#\/schema\/logo\/image\/","url":"https:\/\/grupotorivac.com\/wp-content\/uploads\/2025\/02\/Diseno-sin-titulo-73.png","contentUrl":"https:\/\/grupotorivac.com\/wp-content\/uploads\/2025\/02\/Diseno-sin-titulo-73.png","width":250,"height":250,"caption":"Torivac"},"image":{"@id":"https:\/\/grupotorivac.com\/#\/schema\/logo\/image\/"}}]}},"_links":{"self":[{"href":"https:\/\/grupotorivac.com\/de\/wp-json\/wp\/v2\/product\/15869","targetHints":{"allow":["GET"]}}],"collection":[{"href":"https:\/\/grupotorivac.com\/de\/wp-json\/wp\/v2\/product"}],"about":[{"href":"https:\/\/grupotorivac.com\/de\/wp-json\/wp\/v2\/types\/product"}],"wp:featuredmedia":[{"embeddable":true,"href":"https:\/\/grupotorivac.com\/de\/wp-json\/wp\/v2\/media\/9176"}],"wp:attachment":[{"href":"https:\/\/grupotorivac.com\/de\/wp-json\/wp\/v2\/media?parent=15869"}],"wp:term":[{"taxonomy":"product_brand","embeddable":true,"href":"https:\/\/grupotorivac.com\/de\/wp-json\/wp\/v2\/product_brand?post=15869"},{"taxonomy":"product_cat","embeddable":true,"href":"https:\/\/grupotorivac.com\/de\/wp-json\/wp\/v2\/product_cat?post=15869"},{"taxonomy":"product_tag","embeddable":true,"href":"https:\/\/grupotorivac.com\/de\/wp-json\/wp\/v2\/product_tag?post=15869"}],"curies":[{"name":"wp","href":"https:\/\/api.w.org\/{rel}","templated":true}]}}