{"id":15866,"date":"2022-06-06T12:49:11","date_gmt":"2022-06-06T12:49:11","guid":{"rendered":"https:\/\/grupotorivac.com\/product\/transformador-trifasico-2\/"},"modified":"2022-06-06T12:49:11","modified_gmt":"2022-06-06T12:49:11","slug":"transformador-trifasico-2","status":"publish","type":"product","link":"https:\/\/grupotorivac.com\/de\/product\/transformador-trifasico-2\/","title":{"rendered":"Drehstromtransformator"},"content":{"rendered":"<p><b>Warum ist die Wahl des richtigen Drehstromtransformators so wichtig?<\/b><\/p>\n<p>In der europ\u00e4ischen Industrielandschaft, insbesondere in L\u00e4ndern wie Spanien, Deutschland und Italien, spielt der Drehstromtransformator eine wesentliche Rolle f\u00fcr die elektrische Infrastruktur und die Energieeffizienz. Diese Komponente ist von grundlegender Bedeutung f\u00fcr die effiziente Verteilung von Energie in dreiphasigen Systemen, die in Automatisierungsumgebungen, Industrieprozessen und Logistiknetzwerken weit verbreitet sind. Seine ordnungsgem\u00e4\u00dfe Implementierung gew\u00e4hrleistet nicht nur Sicherheit und Betriebsstabilit\u00e4t, sondern tr\u00e4gt auch dazu bei, die steigenden gesetzlichen Anforderungen an die Energieeffizienz zu erf\u00fcllen. F\u00fcr Hersteller und H\u00e4ndler von Mittel- und Hochspannungsanlagen ist ein Drehstromtransformator nicht einfach nur ein Produkt: Er stellt eine strategische Investition mit gro\u00dfer Wirkung dar.   <\/p>\n<p>Die Nachfrage in Sektoren wie Elektromobilit\u00e4t, erneuerbare Energien und KI hat diesen Markt in einen hochspezialisierten technischen Bereich verwandelt. Die Erwartungen in Bezug auf Qualit\u00e4t, Leistung und Einhaltung von Vorschriften sind h\u00f6her denn je. In diesem Zusammenhang ist die Wahl des richtigen Drehstromtransformators eine betriebliche Notwendigkeit, die sich direkt auf den Wettbewerbsvorteil auswirkt. Die Entscheidung f\u00fcr minderwertige oder nicht konforme Ger\u00e4te birgt Risiken wie Betriebsausf\u00e4lle, \u00dcberhitzung oder sogar rechtliche Sanktionen wegen Nichteinhaltung. Eine sorgf\u00e4ltige Auswahl ist daher nicht l\u00e4nger eine Option, sondern eine Verpflichtung f\u00fcr jeden ernsthaften Akteur im Stromsektor.    <\/p>\n<p><b>Besorgnis \u00fcber die begrenzte europ\u00e4ische Produktion von Drehstromtransformatoren.<\/b><\/p>\n<p>Das europ\u00e4ische Angebot an elektrischen Transformatoren, insbesondere f\u00fcr industrielle Anwendungen im Mittelspannungsbereich, steht vor gro\u00dfen Herausforderungen. Eines der wichtigsten Probleme ist der Mangel an zuverl\u00e4ssigen europ\u00e4ischen Herstellern, die nachweislich in der Lage sind, Spezialger\u00e4te wie den Drehstromtransformator zu entwickeln. Dieser Mangel hat dazu gef\u00fchrt, dass man sich zunehmend auf importierte Produkte, insbesondere aus Asien, verl\u00e4sst, was die Zweifel an der Qualit\u00e4t, Haltbarkeit und R\u00fcckverfolgbarkeit dieser Ger\u00e4te verst\u00e4rkt hat. Bestimmte chinesische Hersteller bieten zwar attraktive Preise, aber ihre Produkte entsprechen oft nicht den Normen wie IEC 60076 oder den EcoDesign-Anforderungen, was die Sicherheit und langfristige Zuverl\u00e4ssigkeit beeintr\u00e4chtigt.   <\/p>\n<p>Im europ\u00e4ischen regulatorischen Umfeld sind Aspekte wie elektromagnetische Vertr\u00e4glichkeit, mechanische Toleranzen und thermisches Verhalten nicht verhandelbar. Ein Transformator, der diese Parameter nicht erf\u00fcllt, kann zu Installationsfehlern, rechtlichen Problemen und einem erheblichen Vertrauensverlust im Handel f\u00fchren. Nur wenige Hersteller in Europa verf\u00fcgen \u00fcber das Fachwissen, um L\u00f6sungen anzubieten, die Genauigkeit, Energieeffizienz und mechanische Festigkeit vereinen &#8211; Eigenschaften, die von Billiganbietern nicht garantiert werden k\u00f6nnen.  <\/p>\n<p>Hinzu kommt, dass der von diesen Anbietern angebotene Kundendienst oft nicht dem technischen Niveau entspricht, das f\u00fcr kritische Operationen erforderlich ist, insbesondere bei Projekten zur Erneuerung oder zum Ersatz von Infrastruktur. Sektoren wie die Wasseraufbereitung, die Stahlindustrie oder die Umwandlung erneuerbarer Energien erfordern eine Zuverl\u00e4ssigkeit, die nicht beeintr\u00e4chtigt werden darf. <\/p>\n<p><b>Der Drehstromtransformator ist ein technisches Herzst\u00fcck f\u00fcr spezialisierte Hersteller.<\/b><\/p>\n<p>Unter den wenigen europ\u00e4ischen Unternehmen, die sich auf die Entwicklung und Herstellung hochentwickelter Transformatoren spezialisiert haben, sticht Torivac als technischer Ma\u00dfstab hervor. Das Unternehmen ist auf ma\u00dfgeschneiderte L\u00f6sungen und effizienzorientierte Fertigung spezialisiert und liefert Drehstromtransformatoren, die die Industriestandards in Bereichen wie Energieverlust, W\u00e4rmewiderstand und Installationsfreundlichkeit \u00fcbertreffen. Jedes Ger\u00e4t verf\u00fcgt \u00fcber Materialzertifizierungen, strenge interne Tests und R\u00fcckverfolgbarkeit nach Normen wie ISO 9001 und ISO 14001, wodurch eine vollst\u00e4ndige Kontrolle vom Entwurf bis zur Endmontage gew\u00e4hrleistet ist.  <\/p>\n<p>F\u00fcr Unternehmen, die in den Bereichen Automatisierung, Hochlast\u00fcbertragung oder Integration erneuerbarer Energien t\u00e4tig sind, bedeutet die Wahl eines Drehstromtransformators von Torivac Kompatibilit\u00e4t mit Technologien wie Oberwellenfilterung, SCADA-Integration und Hybridsystemen. Jedes Ger\u00e4t wird an die spezifischen Kundenparameter wie Lastprofil, Umweltbedingungen oder Netzkonfigurationen angepasst. Dank dieses technischen Ansatzes verk\u00fcrzt Torivac die Inbetriebnahmezeiten erheblich und verbessert die Indikatoren f\u00fcr die Stromqualit\u00e4t wie Leistungsfaktor oder THDi.  <\/p>\n<p>Was Torivac auszeichnet, ist nicht nur sein technisches Niveau, sondern auch sein umfassendes Engagement als Full-Cycle-Partner. Von der Beratung vor der Installation bis zum technischen Support nach der Installation reduziert das Begleitmodell operative Risiken und sichert den Projekterfolg, was besonders f\u00fcr OEMs und EPC-Vertragspartner wertvoll ist. Ob bei einer Neuinstallation oder einer Nachr\u00fcstung, das Vertrauen in Torivac gew\u00e4hrleistet langfristige Stabilit\u00e4t, Leistung und technische Konformit\u00e4t.  <\/p>\n<p><b>Die Zusammenarbeit mit dem technischen Know-how von Torivac macht in Europa und dem Rest der Welt einen Unterschied.<\/b><\/p>\n<p>  In einem Markt, in dem Zuverl\u00e4ssigkeit und Konformit\u00e4t nicht verhandelbar sind, ist die Zusammenarbeit mit einem technisch orientierten Hersteller nicht nur die sicherste, sondern auch die kl\u00fcgste Entscheidung. Da sich Europa in Richtung Digitalisierung, Elektrifizierung und Dekarbonisierung bewegt, wird die Nachfrage nach effizienten und anpassungsf\u00e4higen Transformatoren weiter an Komplexit\u00e4t zunehmen. <\/p>\n<p>Unternehmen, die sich f\u00fcr Hersteller wie Torivac entscheiden, erhalten nicht nur Zugang zu Hochleistungstransformatoren, sondern auch die Gewissheit, dass es sich um zertifizierte, lokal hergestellte L\u00f6sungen handelt, die f\u00fcr anspruchsvolle Umgebungen konzipiert sind. Die F\u00e4higkeit, fortschrittliche K\u00fchlsysteme zu integrieren oder auf komplexe Spannungskonfigurationen zu reagieren, kann nicht generalistischen Anbietern \u00fcberlassen werden. Wenn Sie sich auf einen technischen Spezialisten verlassen, k\u00f6nnen Sie sicher sein, dass jede Investition in die elektrische Infrastruktur einen echten und nachhaltigen Wert darstellt.  <\/p>\n<p>Die Zukunft der Elektroindustrie erfordert mehr als Innovation: Sie erfordert zuverl\u00e4ssige Partner. Torivac beweist, dass technische Exzellenz, Einhaltung von Vorschriften und Anpassungsf\u00e4higkeit keine verhandelbaren Attribute sind, sondern Mindestvoraussetzungen f\u00fcr den Erfolg. Ein in Europa entwickelter Drehstromtransformator ist nicht nur eine elektrische L\u00f6sung, sondern eine Garantie f\u00fcr Stabilit\u00e4t, Kontinuit\u00e4t und echte Leistung in einem Markt, der keine Fehler duldet.  <\/p>\n","protected":false},"excerpt":{"rendered":"<p>Entwickelt mit den besten Qualit\u00e4tskernen und entsprechend den Bed\u00fcrfnissen jedes Kunden.<br \/>\nimpr\u00e4gniert mit Lack der Klasse F und ofengetrocknet, die den internationalen Sicherheits- und Qualit\u00e4tsstandards entsprechen (EN 61558, VDE 0570, VDE 0550-0551, UL-506, CSA C22.2, CEE 15, SEMKO 115), was eine optimale Leistung gegen Temperaturschwankungen, Feuchtigkeit und aggressive Umgebungen garantiert.<\/p>\n","protected":false},"featured_media":9182,"template":"","meta":{"_acf_changed":false},"product_brand":[],"product_cat":[460,528],"product_tag":[],"class_list":{"0":"post-15866","1":"product","2":"type-product","3":"status-publish","4":"has-post-thumbnail","6":"product_cat-konventioneller-transformator","7":"product_cat-tct","9":"first","10":"instock","11":"product-type-simple"},"acf":[],"yoast_head":"<!-- This site is optimized with the Yoast SEO plugin v27.2 - https:\/\/yoast.com\/product\/yoast-seo-wordpress\/ -->\n<title>Drehstromtransformator: Leistung, Zuverl\u00e4ssigkeit und industrielle Qualit\u00e4t<\/title>\n<meta name=\"description\" content=\"Der Drehstromtransformator ist ein technisches Herzst\u00fcck f\u00fcr spezialisierte Hersteller auf der ganzen Welt und wir bei Torivac wissen das.\" \/>\n<meta name=\"robots\" content=\"index, follow, max-snippet:-1, max-image-preview:large, max-video-preview:-1\" \/>\n<link rel=\"canonical\" href=\"https:\/\/grupotorivac.com\/product\/transformador-trifasico-2\/\" \/>\n<meta property=\"og:locale\" content=\"de_DE\" \/>\n<meta property=\"og:type\" content=\"article\" \/>\n<meta property=\"og:title\" content=\"Drehstromtransformator: Leistung, Zuverl\u00e4ssigkeit und industrielle Qualit\u00e4t\" \/>\n<meta property=\"og:description\" content=\"Der Drehstromtransformator ist ein technisches Herzst\u00fcck f\u00fcr spezialisierte Hersteller auf der ganzen Welt und wir bei Torivac wissen das.\" \/>\n<meta property=\"og:url\" content=\"https:\/\/grupotorivac.com\/product\/transformador-trifasico-2\/\" \/>\n<meta property=\"og:site_name\" content=\"Torivac\" \/>\n<meta property=\"og:image\" content=\"https:\/\/grupotorivac.com\/wp-content\/uploads\/2022\/06\/TCT1.png\" \/>\n\t<meta property=\"og:image:width\" content=\"300\" \/>\n\t<meta property=\"og:image:height\" content=\"300\" \/>\n\t<meta property=\"og:image:type\" content=\"image\/png\" \/>\n<meta name=\"twitter:card\" content=\"summary_large_image\" \/>\n<meta name=\"twitter:label1\" content=\"Gesch\u00e4tzte Lesezeit\" \/>\n\t<meta name=\"twitter:data1\" content=\"5\u00a0Minuten\" \/>\n<script type=\"application\/ld+json\" class=\"yoast-schema-graph\">{\"@context\":\"https:\/\/schema.org\",\"@graph\":[{\"@type\":\"WebPage\",\"@id\":\"https:\/\/grupotorivac.com\/product\/transformador-trifasico-2\/\",\"url\":\"https:\/\/grupotorivac.com\/product\/transformador-trifasico-2\/\",\"name\":\"Drehstromtransformator: Leistung, Zuverl\u00e4ssigkeit und industrielle Qualit\u00e4t\",\"isPartOf\":{\"@id\":\"https:\/\/grupotorivac.com\/#website\"},\"primaryImageOfPage\":{\"@id\":\"https:\/\/grupotorivac.com\/product\/transformador-trifasico-2\/#primaryimage\"},\"image\":{\"@id\":\"https:\/\/grupotorivac.com\/product\/transformador-trifasico-2\/#primaryimage\"},\"thumbnailUrl\":\"https:\/\/grupotorivac.com\/wp-content\/uploads\/2022\/06\/TCT1.png\",\"datePublished\":\"2022-06-06T12:49:11+00:00\",\"description\":\"Der Drehstromtransformator ist ein technisches Herzst\u00fcck f\u00fcr spezialisierte Hersteller auf der ganzen Welt und wir bei Torivac wissen das.\",\"breadcrumb\":{\"@id\":\"https:\/\/grupotorivac.com\/product\/transformador-trifasico-2\/#breadcrumb\"},\"inLanguage\":\"de\",\"potentialAction\":[{\"@type\":\"ReadAction\",\"target\":[\"https:\/\/grupotorivac.com\/product\/transformador-trifasico-2\/\"]}]},{\"@type\":\"ImageObject\",\"inLanguage\":\"de\",\"@id\":\"https:\/\/grupotorivac.com\/product\/transformador-trifasico-2\/#primaryimage\",\"url\":\"https:\/\/grupotorivac.com\/wp-content\/uploads\/2022\/06\/TCT1.png\",\"contentUrl\":\"https:\/\/grupotorivac.com\/wp-content\/uploads\/2022\/06\/TCT1.png\",\"width\":300,\"height\":300,\"caption\":\"transformador convencional tif\u00e1sico\"},{\"@type\":\"BreadcrumbList\",\"@id\":\"https:\/\/grupotorivac.com\/product\/transformador-trifasico-2\/#breadcrumb\",\"itemListElement\":[{\"@type\":\"ListItem\",\"position\":1,\"name\":\"Portada\",\"item\":\"https:\/\/grupotorivac.com\/de\/\"},{\"@type\":\"ListItem\",\"position\":2,\"name\":\"Products\",\"item\":\"https:\/\/grupotorivac.com\/en\/shop\/\"},{\"@type\":\"ListItem\",\"position\":3,\"name\":\"Drehstromtransformator\"}]},{\"@type\":\"WebSite\",\"@id\":\"https:\/\/grupotorivac.com\/#website\",\"url\":\"https:\/\/grupotorivac.com\/\",\"name\":\"Torivac\",\"description\":\"Especializados en dise\u00f1o y fabricaci\u00f3n de variados de tensi\u00f3n\",\"publisher\":{\"@id\":\"https:\/\/grupotorivac.com\/#organization\"},\"alternateName\":\"Torivac S.L\",\"potentialAction\":[{\"@type\":\"SearchAction\",\"target\":{\"@type\":\"EntryPoint\",\"urlTemplate\":\"https:\/\/grupotorivac.com\/?s={search_term_string}\"},\"query-input\":{\"@type\":\"PropertyValueSpecification\",\"valueRequired\":true,\"valueName\":\"search_term_string\"}}],\"inLanguage\":\"de\"},{\"@type\":\"Organization\",\"@id\":\"https:\/\/grupotorivac.com\/#organization\",\"name\":\"Torivac\",\"alternateName\":\"Torivac S.L\",\"url\":\"https:\/\/grupotorivac.com\/\",\"logo\":{\"@type\":\"ImageObject\",\"inLanguage\":\"de\",\"@id\":\"https:\/\/grupotorivac.com\/#\/schema\/logo\/image\/\",\"url\":\"https:\/\/grupotorivac.com\/wp-content\/uploads\/2025\/02\/Diseno-sin-titulo-73.png\",\"contentUrl\":\"https:\/\/grupotorivac.com\/wp-content\/uploads\/2025\/02\/Diseno-sin-titulo-73.png\",\"width\":250,\"height\":250,\"caption\":\"Torivac\"},\"image\":{\"@id\":\"https:\/\/grupotorivac.com\/#\/schema\/logo\/image\/\"}}]}<\/script>\n<!-- \/ Yoast SEO plugin. -->","yoast_head_json":{"title":"Drehstromtransformator: Leistung, Zuverl\u00e4ssigkeit und industrielle Qualit\u00e4t","description":"Der Drehstromtransformator ist ein technisches Herzst\u00fcck f\u00fcr spezialisierte Hersteller auf der ganzen Welt und wir bei Torivac wissen das.","robots":{"index":"index","follow":"follow","max-snippet":"max-snippet:-1","max-image-preview":"max-image-preview:large","max-video-preview":"max-video-preview:-1"},"canonical":"https:\/\/grupotorivac.com\/product\/transformador-trifasico-2\/","og_locale":"de_DE","og_type":"article","og_title":"Drehstromtransformator: Leistung, Zuverl\u00e4ssigkeit und industrielle Qualit\u00e4t","og_description":"Der Drehstromtransformator ist ein technisches Herzst\u00fcck f\u00fcr spezialisierte Hersteller auf der ganzen Welt und wir bei Torivac wissen das.","og_url":"https:\/\/grupotorivac.com\/product\/transformador-trifasico-2\/","og_site_name":"Torivac","og_image":[{"width":300,"height":300,"url":"https:\/\/grupotorivac.com\/wp-content\/uploads\/2022\/06\/TCT1.png","type":"image\/png"}],"twitter_card":"summary_large_image","twitter_misc":{"Gesch\u00e4tzte Lesezeit":"5\u00a0Minuten"},"schema":{"@context":"https:\/\/schema.org","@graph":[{"@type":"WebPage","@id":"https:\/\/grupotorivac.com\/product\/transformador-trifasico-2\/","url":"https:\/\/grupotorivac.com\/product\/transformador-trifasico-2\/","name":"Drehstromtransformator: Leistung, Zuverl\u00e4ssigkeit und industrielle Qualit\u00e4t","isPartOf":{"@id":"https:\/\/grupotorivac.com\/#website"},"primaryImageOfPage":{"@id":"https:\/\/grupotorivac.com\/product\/transformador-trifasico-2\/#primaryimage"},"image":{"@id":"https:\/\/grupotorivac.com\/product\/transformador-trifasico-2\/#primaryimage"},"thumbnailUrl":"https:\/\/grupotorivac.com\/wp-content\/uploads\/2022\/06\/TCT1.png","datePublished":"2022-06-06T12:49:11+00:00","description":"Der Drehstromtransformator ist ein technisches Herzst\u00fcck f\u00fcr spezialisierte Hersteller auf der ganzen Welt und wir bei Torivac wissen das.","breadcrumb":{"@id":"https:\/\/grupotorivac.com\/product\/transformador-trifasico-2\/#breadcrumb"},"inLanguage":"de","potentialAction":[{"@type":"ReadAction","target":["https:\/\/grupotorivac.com\/product\/transformador-trifasico-2\/"]}]},{"@type":"ImageObject","inLanguage":"de","@id":"https:\/\/grupotorivac.com\/product\/transformador-trifasico-2\/#primaryimage","url":"https:\/\/grupotorivac.com\/wp-content\/uploads\/2022\/06\/TCT1.png","contentUrl":"https:\/\/grupotorivac.com\/wp-content\/uploads\/2022\/06\/TCT1.png","width":300,"height":300,"caption":"transformador convencional tif\u00e1sico"},{"@type":"BreadcrumbList","@id":"https:\/\/grupotorivac.com\/product\/transformador-trifasico-2\/#breadcrumb","itemListElement":[{"@type":"ListItem","position":1,"name":"Portada","item":"https:\/\/grupotorivac.com\/de\/"},{"@type":"ListItem","position":2,"name":"Products","item":"https:\/\/grupotorivac.com\/en\/shop\/"},{"@type":"ListItem","position":3,"name":"Drehstromtransformator"}]},{"@type":"WebSite","@id":"https:\/\/grupotorivac.com\/#website","url":"https:\/\/grupotorivac.com\/","name":"Torivac","description":"Especializados en dise\u00f1o y fabricaci\u00f3n de variados de tensi\u00f3n","publisher":{"@id":"https:\/\/grupotorivac.com\/#organization"},"alternateName":"Torivac S.L","potentialAction":[{"@type":"SearchAction","target":{"@type":"EntryPoint","urlTemplate":"https:\/\/grupotorivac.com\/?s={search_term_string}"},"query-input":{"@type":"PropertyValueSpecification","valueRequired":true,"valueName":"search_term_string"}}],"inLanguage":"de"},{"@type":"Organization","@id":"https:\/\/grupotorivac.com\/#organization","name":"Torivac","alternateName":"Torivac S.L","url":"https:\/\/grupotorivac.com\/","logo":{"@type":"ImageObject","inLanguage":"de","@id":"https:\/\/grupotorivac.com\/#\/schema\/logo\/image\/","url":"https:\/\/grupotorivac.com\/wp-content\/uploads\/2025\/02\/Diseno-sin-titulo-73.png","contentUrl":"https:\/\/grupotorivac.com\/wp-content\/uploads\/2025\/02\/Diseno-sin-titulo-73.png","width":250,"height":250,"caption":"Torivac"},"image":{"@id":"https:\/\/grupotorivac.com\/#\/schema\/logo\/image\/"}}]}},"_links":{"self":[{"href":"https:\/\/grupotorivac.com\/de\/wp-json\/wp\/v2\/product\/15866","targetHints":{"allow":["GET"]}}],"collection":[{"href":"https:\/\/grupotorivac.com\/de\/wp-json\/wp\/v2\/product"}],"about":[{"href":"https:\/\/grupotorivac.com\/de\/wp-json\/wp\/v2\/types\/product"}],"wp:featuredmedia":[{"embeddable":true,"href":"https:\/\/grupotorivac.com\/de\/wp-json\/wp\/v2\/media\/9182"}],"wp:attachment":[{"href":"https:\/\/grupotorivac.com\/de\/wp-json\/wp\/v2\/media?parent=15866"}],"wp:term":[{"taxonomy":"product_brand","embeddable":true,"href":"https:\/\/grupotorivac.com\/de\/wp-json\/wp\/v2\/product_brand?post=15866"},{"taxonomy":"product_cat","embeddable":true,"href":"https:\/\/grupotorivac.com\/de\/wp-json\/wp\/v2\/product_cat?post=15866"},{"taxonomy":"product_tag","embeddable":true,"href":"https:\/\/grupotorivac.com\/de\/wp-json\/wp\/v2\/product_tag?post=15866"}],"curies":[{"name":"wp","href":"https:\/\/api.w.org\/{rel}","templated":true}]}}