{"id":15864,"date":"2022-06-06T12:50:24","date_gmt":"2022-06-06T12:50:24","guid":{"rendered":"https:\/\/grupotorivac.com\/product\/regulador-a-tiristores\/"},"modified":"2022-06-06T12:50:24","modified_gmt":"2022-06-06T12:50:24","slug":"regulador-a-tiristores","status":"publish","type":"product","link":"https:\/\/grupotorivac.com\/de\/product\/regulador-a-tiristores\/","title":{"rendered":"Thyristor-Steuerung"},"content":{"rendered":"","protected":false},"excerpt":{"rendered":"<p>Es handelt sich um eine Thyristor-Steuerkarte f\u00fcr die Phasenanschnittsteuerung.<\/p>\n<p>Mit einem Minimum an externen Komponenten erm\u00f6glicht sie sowohl die AC-Steuerung als auch die Steuerung eines Br\u00fcckengleichrichters.<\/p>\n<p>Die herausragendsten Merkmale sind:<br \/>\n&#8211; Steuerung von bis zu 6 Thyristoren, in W3C- oder B6C-Verbindung<br \/>\n&#8211; 3x400V Stromversorgung ohne Nullleiter.<br \/>\n&#8211; Automatischer Phasenausgleich.<br \/>\n&#8211; 60mV Shunt-Signaleingang.<br \/>\n&#8211; Spannungs- und Stromregelung.<br \/>\n&#8211; Hilfsstromversorgungsausg\u00e4nge f\u00fcr Instrumente.<\/p>\n","protected":false},"featured_media":9530,"template":"","meta":{"_acf_changed":false},"product_brand":[],"product_cat":[495,554],"product_tag":[],"class_list":{"0":"post-15864","1":"product","2":"type-product","3":"status-publish","4":"has-post-thumbnail","6":"product_cat-elektronische-ausrustung","7":"product_cat-industrielle-steuerung","9":"first","10":"instock","11":"product-type-simple"},"acf":[],"yoast_head":"<!-- This site is optimized with the Yoast SEO plugin v27.2 - https:\/\/yoast.com\/product\/yoast-seo-wordpress\/ -->\n<title>Thyristor-Steuerung - Torivac<\/title>\n<meta name=\"robots\" content=\"index, follow, max-snippet:-1, max-image-preview:large, max-video-preview:-1\" \/>\n<link rel=\"canonical\" href=\"https:\/\/grupotorivac.com\/de\/product\/regulador-a-tiristores\/\" \/>\n<meta property=\"og:locale\" content=\"de_DE\" \/>\n<meta property=\"og:type\" content=\"article\" \/>\n<meta property=\"og:title\" content=\"Thyristor-Steuerung - Torivac\" \/>\n<meta property=\"og:description\" content=\"Es handelt sich um eine Thyristor-Steuerkarte f\u00fcr die Phasenanschnittsteuerung. Mit einem Minimum an externen Komponenten erm\u00f6glicht sie sowohl die AC-Steuerung als auch die Steuerung eines Br\u00fcckengleichrichters. Die herausragendsten Merkmale sind: - Steuerung von bis zu 6 Thyristoren, in W3C- oder B6C-Verbindung - 3x400V Stromversorgung ohne Nullleiter. - Automatischer Phasenausgleich. - 60mV Shunt-Signaleingang. - Spannungs- und Stromregelung. - Hilfsstromversorgungsausg\u00e4nge f\u00fcr Instrumente.\" \/>\n<meta property=\"og:url\" content=\"https:\/\/grupotorivac.com\/de\/product\/regulador-a-tiristores\/\" \/>\n<meta property=\"og:site_name\" content=\"Torivac\" \/>\n<meta property=\"og:image\" content=\"https:\/\/grupotorivac.com\/wp-content\/uploads\/2022\/12\/control-src.png\" \/>\n\t<meta property=\"og:image:width\" content=\"600\" \/>\n\t<meta property=\"og:image:height\" content=\"600\" \/>\n\t<meta property=\"og:image:type\" content=\"image\/png\" \/>\n<meta name=\"twitter:card\" content=\"summary_large_image\" \/>\n<script type=\"application\/ld+json\" class=\"yoast-schema-graph\">{\"@context\":\"https:\/\/schema.org\",\"@graph\":[{\"@type\":\"WebPage\",\"@id\":\"https:\/\/grupotorivac.com\/de\/product\/regulador-a-tiristores\/\",\"url\":\"https:\/\/grupotorivac.com\/de\/product\/regulador-a-tiristores\/\",\"name\":\"Thyristor-Steuerung - Torivac\",\"isPartOf\":{\"@id\":\"https:\/\/grupotorivac.com\/#website\"},\"primaryImageOfPage\":{\"@id\":\"https:\/\/grupotorivac.com\/de\/product\/regulador-a-tiristores\/#primaryimage\"},\"image\":{\"@id\":\"https:\/\/grupotorivac.com\/de\/product\/regulador-a-tiristores\/#primaryimage\"},\"thumbnailUrl\":\"https:\/\/grupotorivac.com\/wp-content\/uploads\/2022\/12\/control-src.png\",\"datePublished\":\"2022-06-06T12:50:24+00:00\",\"breadcrumb\":{\"@id\":\"https:\/\/grupotorivac.com\/de\/product\/regulador-a-tiristores\/#breadcrumb\"},\"inLanguage\":\"de\",\"potentialAction\":[{\"@type\":\"ReadAction\",\"target\":[\"https:\/\/grupotorivac.com\/de\/product\/regulador-a-tiristores\/\"]}]},{\"@type\":\"ImageObject\",\"inLanguage\":\"de\",\"@id\":\"https:\/\/grupotorivac.com\/de\/product\/regulador-a-tiristores\/#primaryimage\",\"url\":\"https:\/\/grupotorivac.com\/wp-content\/uploads\/2022\/12\/control-src.png\",\"contentUrl\":\"https:\/\/grupotorivac.com\/wp-content\/uploads\/2022\/12\/control-src.png\",\"width\":600,\"height\":600},{\"@type\":\"BreadcrumbList\",\"@id\":\"https:\/\/grupotorivac.com\/de\/product\/regulador-a-tiristores\/#breadcrumb\",\"itemListElement\":[{\"@type\":\"ListItem\",\"position\":1,\"name\":\"Portada\",\"item\":\"https:\/\/grupotorivac.com\/de\/\"},{\"@type\":\"ListItem\",\"position\":2,\"name\":\"Products\",\"item\":\"https:\/\/grupotorivac.com\/en\/shop\/\"},{\"@type\":\"ListItem\",\"position\":3,\"name\":\"Thyristor-Steuerung\"}]},{\"@type\":\"WebSite\",\"@id\":\"https:\/\/grupotorivac.com\/#website\",\"url\":\"https:\/\/grupotorivac.com\/\",\"name\":\"Torivac\",\"description\":\"Especializados en dise\u00f1o y fabricaci\u00f3n de variados de tensi\u00f3n\",\"publisher\":{\"@id\":\"https:\/\/grupotorivac.com\/#organization\"},\"alternateName\":\"Torivac S.L\",\"potentialAction\":[{\"@type\":\"SearchAction\",\"target\":{\"@type\":\"EntryPoint\",\"urlTemplate\":\"https:\/\/grupotorivac.com\/?s={search_term_string}\"},\"query-input\":{\"@type\":\"PropertyValueSpecification\",\"valueRequired\":true,\"valueName\":\"search_term_string\"}}],\"inLanguage\":\"de\"},{\"@type\":\"Organization\",\"@id\":\"https:\/\/grupotorivac.com\/#organization\",\"name\":\"Torivac\",\"alternateName\":\"Torivac S.L\",\"url\":\"https:\/\/grupotorivac.com\/\",\"logo\":{\"@type\":\"ImageObject\",\"inLanguage\":\"de\",\"@id\":\"https:\/\/grupotorivac.com\/#\/schema\/logo\/image\/\",\"url\":\"https:\/\/grupotorivac.com\/wp-content\/uploads\/2025\/02\/Diseno-sin-titulo-73.png\",\"contentUrl\":\"https:\/\/grupotorivac.com\/wp-content\/uploads\/2025\/02\/Diseno-sin-titulo-73.png\",\"width\":250,\"height\":250,\"caption\":\"Torivac\"},\"image\":{\"@id\":\"https:\/\/grupotorivac.com\/#\/schema\/logo\/image\/\"}}]}<\/script>\n<!-- \/ Yoast SEO plugin. -->","yoast_head_json":{"title":"Thyristor-Steuerung - Torivac","robots":{"index":"index","follow":"follow","max-snippet":"max-snippet:-1","max-image-preview":"max-image-preview:large","max-video-preview":"max-video-preview:-1"},"canonical":"https:\/\/grupotorivac.com\/de\/product\/regulador-a-tiristores\/","og_locale":"de_DE","og_type":"article","og_title":"Thyristor-Steuerung - Torivac","og_description":"Es handelt sich um eine Thyristor-Steuerkarte f\u00fcr die Phasenanschnittsteuerung. Mit einem Minimum an externen Komponenten erm\u00f6glicht sie sowohl die AC-Steuerung als auch die Steuerung eines Br\u00fcckengleichrichters. Die herausragendsten Merkmale sind: - Steuerung von bis zu 6 Thyristoren, in W3C- oder B6C-Verbindung - 3x400V Stromversorgung ohne Nullleiter. - Automatischer Phasenausgleich. - 60mV Shunt-Signaleingang. - Spannungs- und Stromregelung. - Hilfsstromversorgungsausg\u00e4nge f\u00fcr Instrumente.","og_url":"https:\/\/grupotorivac.com\/de\/product\/regulador-a-tiristores\/","og_site_name":"Torivac","og_image":[{"width":600,"height":600,"url":"https:\/\/grupotorivac.com\/wp-content\/uploads\/2022\/12\/control-src.png","type":"image\/png"}],"twitter_card":"summary_large_image","schema":{"@context":"https:\/\/schema.org","@graph":[{"@type":"WebPage","@id":"https:\/\/grupotorivac.com\/de\/product\/regulador-a-tiristores\/","url":"https:\/\/grupotorivac.com\/de\/product\/regulador-a-tiristores\/","name":"Thyristor-Steuerung - Torivac","isPartOf":{"@id":"https:\/\/grupotorivac.com\/#website"},"primaryImageOfPage":{"@id":"https:\/\/grupotorivac.com\/de\/product\/regulador-a-tiristores\/#primaryimage"},"image":{"@id":"https:\/\/grupotorivac.com\/de\/product\/regulador-a-tiristores\/#primaryimage"},"thumbnailUrl":"https:\/\/grupotorivac.com\/wp-content\/uploads\/2022\/12\/control-src.png","datePublished":"2022-06-06T12:50:24+00:00","breadcrumb":{"@id":"https:\/\/grupotorivac.com\/de\/product\/regulador-a-tiristores\/#breadcrumb"},"inLanguage":"de","potentialAction":[{"@type":"ReadAction","target":["https:\/\/grupotorivac.com\/de\/product\/regulador-a-tiristores\/"]}]},{"@type":"ImageObject","inLanguage":"de","@id":"https:\/\/grupotorivac.com\/de\/product\/regulador-a-tiristores\/#primaryimage","url":"https:\/\/grupotorivac.com\/wp-content\/uploads\/2022\/12\/control-src.png","contentUrl":"https:\/\/grupotorivac.com\/wp-content\/uploads\/2022\/12\/control-src.png","width":600,"height":600},{"@type":"BreadcrumbList","@id":"https:\/\/grupotorivac.com\/de\/product\/regulador-a-tiristores\/#breadcrumb","itemListElement":[{"@type":"ListItem","position":1,"name":"Portada","item":"https:\/\/grupotorivac.com\/de\/"},{"@type":"ListItem","position":2,"name":"Products","item":"https:\/\/grupotorivac.com\/en\/shop\/"},{"@type":"ListItem","position":3,"name":"Thyristor-Steuerung"}]},{"@type":"WebSite","@id":"https:\/\/grupotorivac.com\/#website","url":"https:\/\/grupotorivac.com\/","name":"Torivac","description":"Especializados en dise\u00f1o y fabricaci\u00f3n de variados de tensi\u00f3n","publisher":{"@id":"https:\/\/grupotorivac.com\/#organization"},"alternateName":"Torivac S.L","potentialAction":[{"@type":"SearchAction","target":{"@type":"EntryPoint","urlTemplate":"https:\/\/grupotorivac.com\/?s={search_term_string}"},"query-input":{"@type":"PropertyValueSpecification","valueRequired":true,"valueName":"search_term_string"}}],"inLanguage":"de"},{"@type":"Organization","@id":"https:\/\/grupotorivac.com\/#organization","name":"Torivac","alternateName":"Torivac S.L","url":"https:\/\/grupotorivac.com\/","logo":{"@type":"ImageObject","inLanguage":"de","@id":"https:\/\/grupotorivac.com\/#\/schema\/logo\/image\/","url":"https:\/\/grupotorivac.com\/wp-content\/uploads\/2025\/02\/Diseno-sin-titulo-73.png","contentUrl":"https:\/\/grupotorivac.com\/wp-content\/uploads\/2025\/02\/Diseno-sin-titulo-73.png","width":250,"height":250,"caption":"Torivac"},"image":{"@id":"https:\/\/grupotorivac.com\/#\/schema\/logo\/image\/"}}]}},"_links":{"self":[{"href":"https:\/\/grupotorivac.com\/de\/wp-json\/wp\/v2\/product\/15864","targetHints":{"allow":["GET"]}}],"collection":[{"href":"https:\/\/grupotorivac.com\/de\/wp-json\/wp\/v2\/product"}],"about":[{"href":"https:\/\/grupotorivac.com\/de\/wp-json\/wp\/v2\/types\/product"}],"wp:featuredmedia":[{"embeddable":true,"href":"https:\/\/grupotorivac.com\/de\/wp-json\/wp\/v2\/media\/9530"}],"wp:attachment":[{"href":"https:\/\/grupotorivac.com\/de\/wp-json\/wp\/v2\/media?parent=15864"}],"wp:term":[{"taxonomy":"product_brand","embeddable":true,"href":"https:\/\/grupotorivac.com\/de\/wp-json\/wp\/v2\/product_brand?post=15864"},{"taxonomy":"product_cat","embeddable":true,"href":"https:\/\/grupotorivac.com\/de\/wp-json\/wp\/v2\/product_cat?post=15864"},{"taxonomy":"product_tag","embeddable":true,"href":"https:\/\/grupotorivac.com\/de\/wp-json\/wp\/v2\/product_tag?post=15864"}],"curies":[{"name":"wp","href":"https:\/\/api.w.org\/{rel}","templated":true}]}}