{"id":15824,"date":"2022-06-06T12:50:24","date_gmt":"2022-06-06T12:50:24","guid":{"rendered":"https:\/\/grupotorivac.com\/product\/resistencias-de-arranque\/"},"modified":"2026-03-10T02:15:23","modified_gmt":"2026-03-10T02:15:23","slug":"resistencias-de-arranque","status":"publish","type":"product","link":"https:\/\/grupotorivac.com\/de\/product\/resistencias-de-arranque\/","title":{"rendered":"Startwiderst\u00e4nde"},"content":{"rendered":"<p><b>Was sind Startwiderst\u00e4nde?<\/b><\/p>\n<p>Startwiderst\u00e4nde sind Ger\u00e4te zur Begrenzung des Anfangsstroms in Elektromotoren beim Start, um Stromspitzen zu vermeiden, die das System besch\u00e4digen oder die Lebensdauer der Komponenten verk\u00fcrzen k\u00f6nnen. Wenn ein Motor startet, ben\u00f6tigt er einen hohen Energiefluss, um die Tr\u00e4gheit zu \u00fcberwinden und sich zu drehen, was zu \u00fcberm\u00e4\u00dfigem Verbrauch und vorzeitigem Verschlei\u00df f\u00fchren kann.  Sie sind unverzichtbar f\u00fcr die Steuerung und den Schutz von Elektromotoren in gro\u00dfen Energie- und Industrieinfrastrukturen.<br \/>\nSeine Hauptfunktion besteht darin, den Startstrom zu begrenzen, Spannungsspitzen zu reduzieren und eine unn\u00f6tige Belastung des Systems zu vermeiden. Dies erm\u00f6glicht eine allm\u00e4hliche und sichere Z\u00fcndung, optimiert die Funktionsf\u00e4higkeit der Ger\u00e4te und verl\u00e4ngert ihre Lebensdauer. <\/p>\n<p><b>Warum braucht die Gro\u00dfindustrie Startwiderst\u00e4nde?<\/b><\/p>\n<p>In gro\u00dfen Energieinfrastrukturen, in denen der Energiebedarf hoch und konstant ist, ist eine L\u00f6sung, die einen reibungslosen und effizienten Start garantiert, f\u00fcr die Sicherheit und Leistung der Anlagen unerl\u00e4sslich.<\/p>\n<p>Diese Startwiderst\u00e4nde begrenzen den Anfangsstrom und reduzieren die mechanische Belastung des Motors, wodurch eine \u00dcberhitzung verhindert und der vorzeitige Verschlei\u00df der Komponenten verringert wird. Ihr Einsatz ist in Industrien mit gro\u00dfen Motoren, wie z.B. in Kraftwerken, Pumpsystemen, im Bergbau und in der Schwerindustrie, wo ein schlechter Start zu kostspieligen Ausf\u00e4llen und Betriebsunterbrechungen f\u00fchren kann, unerl\u00e4sslich. <\/p>\n<p>In industriellen Systemen arbeiten diese Widerst\u00e4nde in Verbindung mit Drehstrommotoren und Antrieben mit variabler Spannung. Sie reduzieren den Anfangsstrom beim Einschalten der Ger\u00e4te und verhindern Spitzen, die die Leistung beeintr\u00e4chtigen oder Komponenten besch\u00e4digen k\u00f6nnten. Sobald der Motor seine Nenndrehzahl erreicht hat, werden die Widerst\u00e4nde automatisch abgeschaltet, so dass das System mit voller Stabilit\u00e4t arbeiten kann. <\/p>\n<p><b>Torivac ist ein Unternehmen, das sich auf die Entwicklung und Herstellung von Ringkerntransformatoren und Antrieben mit variabler Spannung spezialisiert hat.<\/b><\/p>\n<p>Wir verf\u00fcgen \u00fcber eine fast 60-j\u00e4hrige Erfahrung in diesem Sektor, die es uns erm\u00f6glicht hat, in mehr als 30 L\u00e4ndern pr\u00e4sent zu sein.<br \/>\nWir verf\u00fcgen \u00fcber ein technisches Team, das die Herstellung von hochpr\u00e4zisen und effizienten Ger\u00e4ten garantiert. Unsere Arbeitsmethodik erm\u00f6glicht es uns, in jeder Phase eines Projekts fortschrittliche Simulationen durchzuf\u00fchren, um zu gew\u00e4hrleisten, dass jedes Bauteil, von Ringkernspannungswandlern, Regeltransformatoren, Batterieentladern, Potentiometern und Ringbandkernen, den h\u00f6chsten Standards der Branche entspricht.<br \/>\nWir arbeiten eng mit Unternehmen zusammen, die \u00fcber eine gro\u00dfe Infrastruktur verf\u00fcgen, um ma\u00dfgeschneiderte und effiziente L\u00f6sungen zu gew\u00e4hrleisten. Wir sind bestrebt, auf die Anforderungen von Branchen wie Technologie, Energie und Automobil zu reagieren. Unser Ziel ist es, weiterhin innovativ zu sein, strategische Allianzen zu st\u00e4rken und unsere globale Reichweite zu erweitern, wobei wir stets das G\u00fctesiegel f\u00fcr Qualit\u00e4t und Exzellenz beibehalten, das uns seit unseren Anf\u00e4ngen auszeichnet.   <\/p>\n","protected":false},"excerpt":{"rendered":"<p>Unsere Startwiderst\u00e4nde aus Edelstahl werden immer dann eingesetzt, wenn es darum geht, den Strom eines Elektromotors w\u00e4hrend der Start- und Stopp-Phase zu kontrollieren.<\/p>\n<p>Unsere Startwiderst\u00e4nde aus Edelstahl werden immer dann eingesetzt, wenn es darum geht, den Strom eines Elektromotors w\u00e4hrend der Start- und Stopp-Phase zu kontrollieren.<\/p>\n","protected":false},"featured_media":9413,"template":"","meta":{"_acf_changed":false},"product_brand":[],"product_cat":[513,478],"product_tag":[],"class_list":{"0":"post-15824","1":"product","2":"type-product","3":"status-publish","4":"has-post-thumbnail","6":"product_cat-startwiderstande","7":"product_cat-widerstande-lastbanke","9":"first","10":"instock","11":"product-type-simple"},"acf":[],"yoast_head":"<!-- This site is optimized with the Yoast SEO plugin v27.2 - https:\/\/yoast.com\/product\/yoast-seo-wordpress\/ -->\n<title>Startwiderst\u00e4nde - Torivac<\/title>\n<meta name=\"description\" content=\"Wir vermarkten Startwiderst\u00e4nde, die den Strom eines Elektromotors w\u00e4hrend der Startphasen steuern.\" \/>\n<meta name=\"robots\" content=\"index, follow, max-snippet:-1, max-image-preview:large, max-video-preview:-1\" \/>\n<link rel=\"canonical\" href=\"https:\/\/grupotorivac.com\/de\/product\/resistencias-de-arranque\/\" \/>\n<meta property=\"og:locale\" content=\"de_DE\" \/>\n<meta property=\"og:type\" content=\"article\" \/>\n<meta property=\"og:title\" content=\"Startwiderst\u00e4nde - Torivac\" \/>\n<meta property=\"og:description\" content=\"Wir vermarkten Startwiderst\u00e4nde, die den Strom eines Elektromotors w\u00e4hrend der Startphasen steuern.\" \/>\n<meta property=\"og:url\" content=\"https:\/\/grupotorivac.com\/de\/product\/resistencias-de-arranque\/\" \/>\n<meta property=\"og:site_name\" content=\"Torivac\" \/>\n<meta property=\"article:modified_time\" content=\"2026-03-10T02:15:23+00:00\" \/>\n<meta property=\"og:image\" content=\"https:\/\/grupotorivac.com\/wp-content\/uploads\/2022\/06\/arranque.jpg\" \/>\n\t<meta property=\"og:image:width\" content=\"318\" \/>\n\t<meta property=\"og:image:height\" content=\"321\" \/>\n\t<meta property=\"og:image:type\" content=\"image\/webp\" \/>\n<meta name=\"twitter:card\" content=\"summary_large_image\" \/>\n<meta name=\"twitter:label1\" content=\"Gesch\u00e4tzte Lesezeit\" \/>\n\t<meta name=\"twitter:data1\" content=\"2\u00a0Minuten\" \/>\n<script type=\"application\/ld+json\" class=\"yoast-schema-graph\">{\"@context\":\"https:\/\/schema.org\",\"@graph\":[{\"@type\":\"WebPage\",\"@id\":\"https:\/\/grupotorivac.com\/de\/product\/resistencias-de-arranque\/\",\"url\":\"https:\/\/grupotorivac.com\/de\/product\/resistencias-de-arranque\/\",\"name\":\"Startwiderst\u00e4nde - Torivac\",\"isPartOf\":{\"@id\":\"https:\/\/grupotorivac.com\/#website\"},\"primaryImageOfPage\":{\"@id\":\"https:\/\/grupotorivac.com\/de\/product\/resistencias-de-arranque\/#primaryimage\"},\"image\":{\"@id\":\"https:\/\/grupotorivac.com\/de\/product\/resistencias-de-arranque\/#primaryimage\"},\"thumbnailUrl\":\"https:\/\/grupotorivac.com\/wp-content\/uploads\/2022\/06\/arranque.jpg\",\"datePublished\":\"2022-06-06T12:50:24+00:00\",\"dateModified\":\"2026-03-10T02:15:23+00:00\",\"description\":\"Wir vermarkten Startwiderst\u00e4nde, die den Strom eines Elektromotors w\u00e4hrend der Startphasen steuern.\",\"breadcrumb\":{\"@id\":\"https:\/\/grupotorivac.com\/de\/product\/resistencias-de-arranque\/#breadcrumb\"},\"inLanguage\":\"de\",\"potentialAction\":[{\"@type\":\"ReadAction\",\"target\":[\"https:\/\/grupotorivac.com\/de\/product\/resistencias-de-arranque\/\"]}]},{\"@type\":\"ImageObject\",\"inLanguage\":\"de\",\"@id\":\"https:\/\/grupotorivac.com\/de\/product\/resistencias-de-arranque\/#primaryimage\",\"url\":\"https:\/\/grupotorivac.com\/wp-content\/uploads\/2022\/06\/arranque.jpg\",\"contentUrl\":\"https:\/\/grupotorivac.com\/wp-content\/uploads\/2022\/06\/arranque.jpg\",\"width\":318,\"height\":321,\"caption\":\"Spezielle Torivac Anlaufwiderst\u00e4nde f\u00fcr die Spannungsregelung in gro\u00dfen industriellen Infrastrukturen.\"},{\"@type\":\"BreadcrumbList\",\"@id\":\"https:\/\/grupotorivac.com\/de\/product\/resistencias-de-arranque\/#breadcrumb\",\"itemListElement\":[{\"@type\":\"ListItem\",\"position\":1,\"name\":\"Portada\",\"item\":\"https:\/\/grupotorivac.com\/de\/\"},{\"@type\":\"ListItem\",\"position\":2,\"name\":\"Products\",\"item\":\"https:\/\/grupotorivac.com\/en\/shop\/\"},{\"@type\":\"ListItem\",\"position\":3,\"name\":\"Startwiderst\u00e4nde\"}]},{\"@type\":\"WebSite\",\"@id\":\"https:\/\/grupotorivac.com\/#website\",\"url\":\"https:\/\/grupotorivac.com\/\",\"name\":\"Torivac\",\"description\":\"Especializados en dise\u00f1o y fabricaci\u00f3n de variados de tensi\u00f3n\",\"publisher\":{\"@id\":\"https:\/\/grupotorivac.com\/#organization\"},\"alternateName\":\"Torivac S.L\",\"potentialAction\":[{\"@type\":\"SearchAction\",\"target\":{\"@type\":\"EntryPoint\",\"urlTemplate\":\"https:\/\/grupotorivac.com\/?s={search_term_string}\"},\"query-input\":{\"@type\":\"PropertyValueSpecification\",\"valueRequired\":true,\"valueName\":\"search_term_string\"}}],\"inLanguage\":\"de\"},{\"@type\":\"Organization\",\"@id\":\"https:\/\/grupotorivac.com\/#organization\",\"name\":\"Torivac\",\"alternateName\":\"Torivac S.L\",\"url\":\"https:\/\/grupotorivac.com\/\",\"logo\":{\"@type\":\"ImageObject\",\"inLanguage\":\"de\",\"@id\":\"https:\/\/grupotorivac.com\/#\/schema\/logo\/image\/\",\"url\":\"https:\/\/grupotorivac.com\/wp-content\/uploads\/2025\/02\/Diseno-sin-titulo-73.png\",\"contentUrl\":\"https:\/\/grupotorivac.com\/wp-content\/uploads\/2025\/02\/Diseno-sin-titulo-73.png\",\"width\":250,\"height\":250,\"caption\":\"Torivac\"},\"image\":{\"@id\":\"https:\/\/grupotorivac.com\/#\/schema\/logo\/image\/\"}}]}<\/script>\n<!-- \/ Yoast SEO plugin. -->","yoast_head_json":{"title":"Startwiderst\u00e4nde - Torivac","description":"Wir vermarkten Startwiderst\u00e4nde, die den Strom eines Elektromotors w\u00e4hrend der Startphasen steuern.","robots":{"index":"index","follow":"follow","max-snippet":"max-snippet:-1","max-image-preview":"max-image-preview:large","max-video-preview":"max-video-preview:-1"},"canonical":"https:\/\/grupotorivac.com\/de\/product\/resistencias-de-arranque\/","og_locale":"de_DE","og_type":"article","og_title":"Startwiderst\u00e4nde - Torivac","og_description":"Wir vermarkten Startwiderst\u00e4nde, die den Strom eines Elektromotors w\u00e4hrend der Startphasen steuern.","og_url":"https:\/\/grupotorivac.com\/de\/product\/resistencias-de-arranque\/","og_site_name":"Torivac","article_modified_time":"2026-03-10T02:15:23+00:00","og_image":[{"width":318,"height":321,"url":"https:\/\/grupotorivac.com\/wp-content\/uploads\/2022\/06\/arranque.jpg","type":"image\/webp"}],"twitter_card":"summary_large_image","twitter_misc":{"Gesch\u00e4tzte Lesezeit":"2\u00a0Minuten"},"schema":{"@context":"https:\/\/schema.org","@graph":[{"@type":"WebPage","@id":"https:\/\/grupotorivac.com\/de\/product\/resistencias-de-arranque\/","url":"https:\/\/grupotorivac.com\/de\/product\/resistencias-de-arranque\/","name":"Startwiderst\u00e4nde - Torivac","isPartOf":{"@id":"https:\/\/grupotorivac.com\/#website"},"primaryImageOfPage":{"@id":"https:\/\/grupotorivac.com\/de\/product\/resistencias-de-arranque\/#primaryimage"},"image":{"@id":"https:\/\/grupotorivac.com\/de\/product\/resistencias-de-arranque\/#primaryimage"},"thumbnailUrl":"https:\/\/grupotorivac.com\/wp-content\/uploads\/2022\/06\/arranque.jpg","datePublished":"2022-06-06T12:50:24+00:00","dateModified":"2026-03-10T02:15:23+00:00","description":"Wir vermarkten Startwiderst\u00e4nde, die den Strom eines Elektromotors w\u00e4hrend der Startphasen steuern.","breadcrumb":{"@id":"https:\/\/grupotorivac.com\/de\/product\/resistencias-de-arranque\/#breadcrumb"},"inLanguage":"de","potentialAction":[{"@type":"ReadAction","target":["https:\/\/grupotorivac.com\/de\/product\/resistencias-de-arranque\/"]}]},{"@type":"ImageObject","inLanguage":"de","@id":"https:\/\/grupotorivac.com\/de\/product\/resistencias-de-arranque\/#primaryimage","url":"https:\/\/grupotorivac.com\/wp-content\/uploads\/2022\/06\/arranque.jpg","contentUrl":"https:\/\/grupotorivac.com\/wp-content\/uploads\/2022\/06\/arranque.jpg","width":318,"height":321,"caption":"Spezielle Torivac Anlaufwiderst\u00e4nde f\u00fcr die Spannungsregelung in gro\u00dfen industriellen Infrastrukturen."},{"@type":"BreadcrumbList","@id":"https:\/\/grupotorivac.com\/de\/product\/resistencias-de-arranque\/#breadcrumb","itemListElement":[{"@type":"ListItem","position":1,"name":"Portada","item":"https:\/\/grupotorivac.com\/de\/"},{"@type":"ListItem","position":2,"name":"Products","item":"https:\/\/grupotorivac.com\/en\/shop\/"},{"@type":"ListItem","position":3,"name":"Startwiderst\u00e4nde"}]},{"@type":"WebSite","@id":"https:\/\/grupotorivac.com\/#website","url":"https:\/\/grupotorivac.com\/","name":"Torivac","description":"Especializados en dise\u00f1o y fabricaci\u00f3n de variados de tensi\u00f3n","publisher":{"@id":"https:\/\/grupotorivac.com\/#organization"},"alternateName":"Torivac S.L","potentialAction":[{"@type":"SearchAction","target":{"@type":"EntryPoint","urlTemplate":"https:\/\/grupotorivac.com\/?s={search_term_string}"},"query-input":{"@type":"PropertyValueSpecification","valueRequired":true,"valueName":"search_term_string"}}],"inLanguage":"de"},{"@type":"Organization","@id":"https:\/\/grupotorivac.com\/#organization","name":"Torivac","alternateName":"Torivac S.L","url":"https:\/\/grupotorivac.com\/","logo":{"@type":"ImageObject","inLanguage":"de","@id":"https:\/\/grupotorivac.com\/#\/schema\/logo\/image\/","url":"https:\/\/grupotorivac.com\/wp-content\/uploads\/2025\/02\/Diseno-sin-titulo-73.png","contentUrl":"https:\/\/grupotorivac.com\/wp-content\/uploads\/2025\/02\/Diseno-sin-titulo-73.png","width":250,"height":250,"caption":"Torivac"},"image":{"@id":"https:\/\/grupotorivac.com\/#\/schema\/logo\/image\/"}}]}},"_links":{"self":[{"href":"https:\/\/grupotorivac.com\/de\/wp-json\/wp\/v2\/product\/15824","targetHints":{"allow":["GET"]}}],"collection":[{"href":"https:\/\/grupotorivac.com\/de\/wp-json\/wp\/v2\/product"}],"about":[{"href":"https:\/\/grupotorivac.com\/de\/wp-json\/wp\/v2\/types\/product"}],"wp:featuredmedia":[{"embeddable":true,"href":"https:\/\/grupotorivac.com\/de\/wp-json\/wp\/v2\/media\/9413"}],"wp:attachment":[{"href":"https:\/\/grupotorivac.com\/de\/wp-json\/wp\/v2\/media?parent=15824"}],"wp:term":[{"taxonomy":"product_brand","embeddable":true,"href":"https:\/\/grupotorivac.com\/de\/wp-json\/wp\/v2\/product_brand?post=15824"},{"taxonomy":"product_cat","embeddable":true,"href":"https:\/\/grupotorivac.com\/de\/wp-json\/wp\/v2\/product_cat?post=15824"},{"taxonomy":"product_tag","embeddable":true,"href":"https:\/\/grupotorivac.com\/de\/wp-json\/wp\/v2\/product_tag?post=15824"}],"curies":[{"name":"wp","href":"https:\/\/api.w.org\/{rel}","templated":true}]}}