{"id":15819,"date":"2024-11-12T09:17:01","date_gmt":"2024-11-12T09:17:01","guid":{"rendered":"https:\/\/grupotorivac.com\/product\/resistencias-de-alta-potencia-cementadas\/"},"modified":"2024-11-12T09:17:01","modified_gmt":"2024-11-12T09:17:01","slug":"resistencias-de-alta-potencia-cementadas","status":"publish","type":"product","link":"https:\/\/grupotorivac.com\/de\/product\/resistencias-de-alta-potencia-cementadas\/","title":{"rendered":"Zementierte Widerst\u00e4nde mit hoher Leistung"},"content":{"rendered":"<p><b>Zementierte Widerst\u00e4nde mit hoher Leistung<\/b><\/p>\n<p>Zementierte Hochleistungswiderst\u00e4nde mit einem robusten Design und hoher Belastbarkeit machen sie zur idealen L\u00f6sung f\u00fcr industrielle Systeme und gro\u00dfe Leistungsstrukturen.<br \/>\nHergestellt mit einem Keramikkern, der mit feuerfestem Zement beschichtet ist, gew\u00e4hrleisten diese Widerst\u00e4nde eine hohe Haltbarkeit und thermische Best\u00e4ndigkeit. Ihre Struktur verhindert eine \u00dcberhitzung und verbessert die Betriebssicherheit in anspruchsvollen Umgebungen. Aufgrund ihrer F\u00e4higkeit, hohe Leistungen zu bew\u00e4ltigen, bestehen ihre elementaren Funktionen darin, die Leistung elektrischer Ger\u00e4te zu optimieren, Ausf\u00e4lle zu reduzieren und die Lebensdauer von Systemen zu verl\u00e4ngern.  <\/p>\n<p><b>Wie kann man die Energieverteilung in hochkomplexen Geb\u00e4udestrukturen und Maschinen optimieren?<\/b><\/p>\n<p>Im Energiesektor sind diese Widerst\u00e4nde der Schl\u00fcssel zur Stromregulierung in Verteilungsnetzen, Umspannwerken und Hochspannungsanlagen. Sie spielen auch eine wichtige Rolle bei der Steuerung gro\u00dfer Motoren und beim Lastausgleich in elektrischen Infrastrukturen, indem sie \u00dcberlastungen verhindern und einen effizienten Betrieb gew\u00e4hrleisten.<br \/>\nDank ihrer Genauigkeit und Stabilit\u00e4t k\u00f6nnen sie an verschiedene Konfigurationen angepasst werden und bieten f\u00fcr jeden Bedarf geeignete Widerstandswerte. Dadurch sind sie ideal f\u00fcr Anwendungen, die eine hohe Leistung erfordern, ohne die Sicherheit und Effizienz des Systems zu beeintr\u00e4chtigen.<br \/>\nIm industriellen Bereich optimieren sie die Leistung von schweren Maschinen, Bremssystemen und Automatisierungsprozessen, indem sie eine \u00dcberhitzung verhindern und die Lebensdauer der Ger\u00e4te verl\u00e4ngern. Dank ihrer kompakten und robusten Bauweise bieten sie eine zuverl\u00e4ssige und langlebige L\u00f6sung, die unter anspruchsvollen Bedingungen arbeiten kann, ohne die Sicherheit zu beeintr\u00e4chtigen.   <\/p>\n<p><b>Wie funktioniert es in einem hochanspruchsvollen elektrischen System?<\/b><\/p>\n<p>Sie arbeiten in Verbindung mit Ringkerntransformatoren und Spannungsstabilisatoren, um eine ausgewogene und sichere Stromverteilung in industriellen und kommerziellen Systemen zu gew\u00e4hrleisten. Bei Ringkerntransformatoren tragen sie dazu bei, \u00fcbersch\u00fcssigen Strom abzuf\u00fchren und \u00dcberlastungen zu verhindern. Sie sorgen daf\u00fcr, dass die Ausgangsspannung stabil bleibt und keine Spannungsspitzen oder -einbr\u00fcche auftreten, die die angeschlossenen Ger\u00e4te besch\u00e4digen k\u00f6nnten.<br \/>\nIn Spannungsstabilisatoren spielen diese Widerst\u00e4nde eine wichtige Rolle bei der Absorption von Stromspitzen, die durch die Magnetisierung von Systemen verursacht werden, und sch\u00fctzen empfindliche Ger\u00e4te wie Pr\u00e4zisionsmaschinen, Server und medizinische Ger\u00e4te. Sie sorgen f\u00fcr einen konstanten und sicheren Stromfluss, tragen zur Betriebsstabilit\u00e4t der elektrischen Infrastrukturen bei und verbessern die Effizienz des Energieverbrauchs.  <\/p>\n<p><b>Torivac ist ein Unternehmen, das sich auf die Entwicklung und Herstellung von Ringkerntransformatoren und Antrieben mit variabler Spannung spezialisiert hat.<\/b><\/p>\n<p>Wir verf\u00fcgen \u00fcber eine fast 60-j\u00e4hrige Erfahrung in diesem Sektor, die es uns erm\u00f6glicht hat, in mehr als 30 L\u00e4ndern pr\u00e4sent zu sein.<br \/>\nWir verf\u00fcgen \u00fcber ein technisches Team, das die Herstellung von hochpr\u00e4zisen und effizienten Ger\u00e4ten garantiert. Unsere Arbeitsmethodik erm\u00f6glicht es uns, in jeder Phase eines Projekts fortschrittliche Simulationen durchzuf\u00fchren, um zu gew\u00e4hrleisten, dass jedes Bauteil, von Ringkernspannungswandlern, Regeltransformatoren, Batterieentladern, Potentiometern und Ringbandkernen, den h\u00f6chsten Standards der Branche entspricht.<br \/>\nWir arbeiten eng mit Unternehmen zusammen, die \u00fcber eine gro\u00dfe Infrastruktur verf\u00fcgen, um ma\u00dfgeschneiderte und effiziente L\u00f6sungen zu gew\u00e4hrleisten. Wir sind bestrebt, auf die Anforderungen von Branchen wie Technologie, Energie und Automobil zu reagieren. Unser Ziel ist es, weiterhin innovativ zu sein, strategische Allianzen zu st\u00e4rken und unsere globale Reichweite zu erweitern, wobei wir stets das G\u00fctesiegel f\u00fcr Qualit\u00e4t und Exzellenz beibehalten, das uns seit unseren Anf\u00e4ngen auszeichnet.   <\/p>\n","protected":false},"excerpt":{"rendered":"<p><span data-sheets-root=\"1\">Unsere zementierten Hochleistungswiderst\u00e4nde werden aus hochwertigen Widerstandsdr\u00e4hten hergestellt. Der ohmsche Wert variiert nur wenig mit dem Temperaturanstieg des Elements. <\/span><\/p>\n<p>Es handelt sich um gewickelte Widerst\u00e4nde, die aus einem Widerstandselement bestehen, das auf einen r\u00f6hrenf\u00f6rmigen Keramikkern gewickelt ist, der als Tr\u00e4ger dient und mit einem Harz beschichtet ist, um eine hohe Verlustleistung und eine ausgezeichnete Best\u00e4ndigkeit gegen Temperaturschock und \u00dcberlast zu gew\u00e4hrleisten. Es handelt sich um ein offenes Element mit niedriger Induktivit\u00e4t, das sehr niedrige Ohmwerte erm\u00f6glicht.  <\/p>\n<p>Seine Konstruktion erm\u00f6glicht eine hohe Verlustleistung auf kleinem Raum. Dieses Set mit seitlichen St\u00fctzen und einem Geh\u00e4use aus verzinktem Stahl mit perforierten L\u00f6chern zur Gew\u00e4hrleistung einer angemessenen Bel\u00fcftung erf\u00fcllt die Schutzanforderungen IP20 oder IP23 (je nach Widerstandsmodell). Sie k\u00f6nnen mit W\u00e4rmeschutz und mit dem vom Kunden gew\u00fcnschten Ohmwert geliefert werden.  <\/p>\n<p>Niedriger Temperaturkoeffizient, der einen konstanten Ohmwert \u00fcber einen gro\u00dfen Temperaturbereich bietet. Da es sich bei den Leistungswiderst\u00e4nden um passive Elemente handelt, werden sie nicht von spezifischen EMV-Normen beeinflusst.  Sie erzeugen keine st\u00f6rende Strahlung und werden von ihr nicht beeintr\u00e4chtigt.<\/p>\n<p>Die Eigenschaften unserer Produkte machen unsere Widerst\u00e4nde besonders geeignet f\u00fcr die Begrenzung starker Str\u00f6me, Batterieentladungen usw.<\/p>\n","protected":false},"featured_media":9391,"template":"","meta":{"_acf_changed":false},"product_brand":[],"product_cat":[478,484],"product_tag":[],"class_list":{"0":"post-15819","1":"product","2":"type-product","3":"status-publish","4":"has-post-thumbnail","6":"product_cat-widerstande-lastbanke","7":"product_cat-zementiert","9":"first","10":"instock","11":"product-type-simple"},"acf":[],"yoast_head":"<!-- This site is optimized with the Yoast SEO plugin v27.2 - https:\/\/yoast.com\/product\/yoast-seo-wordpress\/ -->\n<title>Zementierte Widerst\u00e4nde mit hoher Leistung - Torivac<\/title>\n<meta name=\"description\" content=\"Zementierte Hochleistungswiderst\u00e4nde: gew\u00e4hrleisten eine hohe Verlustleistung und eine ausgezeichnete Best\u00e4ndigkeit gegen Temperaturschocks und \u00dcberlastung\" \/>\n<meta name=\"robots\" content=\"index, follow, max-snippet:-1, max-image-preview:large, max-video-preview:-1\" \/>\n<link rel=\"canonical\" href=\"https:\/\/grupotorivac.com\/de\/product\/resistencias-de-alta-potencia-cementadas\/\" \/>\n<meta property=\"og:locale\" content=\"de_DE\" \/>\n<meta property=\"og:type\" content=\"article\" \/>\n<meta property=\"og:title\" content=\"Zementierte Widerst\u00e4nde mit hoher Leistung - Torivac\" \/>\n<meta property=\"og:description\" content=\"Zementierte Hochleistungswiderst\u00e4nde: gew\u00e4hrleisten eine hohe Verlustleistung und eine ausgezeichnete Best\u00e4ndigkeit gegen Temperaturschocks und \u00dcberlastung\" \/>\n<meta property=\"og:url\" content=\"https:\/\/grupotorivac.com\/de\/product\/resistencias-de-alta-potencia-cementadas\/\" \/>\n<meta property=\"og:site_name\" content=\"Torivac\" \/>\n<meta property=\"og:image\" content=\"https:\/\/grupotorivac.com\/wp-content\/uploads\/2024\/11\/cementadas.jpg\" \/>\n\t<meta property=\"og:image:width\" content=\"250\" \/>\n\t<meta property=\"og:image:height\" content=\"250\" \/>\n\t<meta property=\"og:image:type\" content=\"image\/jpeg\" \/>\n<meta name=\"twitter:card\" content=\"summary_large_image\" \/>\n<meta name=\"twitter:label1\" content=\"Gesch\u00e4tzte Lesezeit\" \/>\n\t<meta name=\"twitter:data1\" content=\"3\u00a0Minuten\" \/>\n<script type=\"application\/ld+json\" class=\"yoast-schema-graph\">{\"@context\":\"https:\/\/schema.org\",\"@graph\":[{\"@type\":\"WebPage\",\"@id\":\"https:\/\/grupotorivac.com\/de\/product\/resistencias-de-alta-potencia-cementadas\/\",\"url\":\"https:\/\/grupotorivac.com\/de\/product\/resistencias-de-alta-potencia-cementadas\/\",\"name\":\"Zementierte Widerst\u00e4nde mit hoher Leistung - Torivac\",\"isPartOf\":{\"@id\":\"https:\/\/grupotorivac.com\/#website\"},\"primaryImageOfPage\":{\"@id\":\"https:\/\/grupotorivac.com\/de\/product\/resistencias-de-alta-potencia-cementadas\/#primaryimage\"},\"image\":{\"@id\":\"https:\/\/grupotorivac.com\/de\/product\/resistencias-de-alta-potencia-cementadas\/#primaryimage\"},\"thumbnailUrl\":\"https:\/\/grupotorivac.com\/wp-content\/uploads\/2024\/11\/cementadas.jpg\",\"datePublished\":\"2024-11-12T09:17:01+00:00\",\"description\":\"Zementierte Hochleistungswiderst\u00e4nde: gew\u00e4hrleisten eine hohe Verlustleistung und eine ausgezeichnete Best\u00e4ndigkeit gegen Temperaturschocks und \u00dcberlastung\",\"breadcrumb\":{\"@id\":\"https:\/\/grupotorivac.com\/de\/product\/resistencias-de-alta-potencia-cementadas\/#breadcrumb\"},\"inLanguage\":\"de\",\"potentialAction\":[{\"@type\":\"ReadAction\",\"target\":[\"https:\/\/grupotorivac.com\/de\/product\/resistencias-de-alta-potencia-cementadas\/\"]}]},{\"@type\":\"ImageObject\",\"inLanguage\":\"de\",\"@id\":\"https:\/\/grupotorivac.com\/de\/product\/resistencias-de-alta-potencia-cementadas\/#primaryimage\",\"url\":\"https:\/\/grupotorivac.com\/wp-content\/uploads\/2024\/11\/cementadas.jpg\",\"contentUrl\":\"https:\/\/grupotorivac.com\/wp-content\/uploads\/2024\/11\/cementadas.jpg\",\"width\":250,\"height\":250,\"caption\":\"Zementierte Hochleistungswiderst\u00e4nde: gew\u00e4hrleisten eine hohe Verlustleistung und eine ausgezeichnete Best\u00e4ndigkeit gegen Temperaturschocks und \u00dcberlast.\"},{\"@type\":\"BreadcrumbList\",\"@id\":\"https:\/\/grupotorivac.com\/de\/product\/resistencias-de-alta-potencia-cementadas\/#breadcrumb\",\"itemListElement\":[{\"@type\":\"ListItem\",\"position\":1,\"name\":\"Portada\",\"item\":\"https:\/\/grupotorivac.com\/de\/\"},{\"@type\":\"ListItem\",\"position\":2,\"name\":\"Products\",\"item\":\"https:\/\/grupotorivac.com\/en\/shop\/\"},{\"@type\":\"ListItem\",\"position\":3,\"name\":\"Zementierte Widerst\u00e4nde mit hoher Leistung\"}]},{\"@type\":\"WebSite\",\"@id\":\"https:\/\/grupotorivac.com\/#website\",\"url\":\"https:\/\/grupotorivac.com\/\",\"name\":\"Torivac\",\"description\":\"Especializados en dise\u00f1o y fabricaci\u00f3n de variados de tensi\u00f3n\",\"publisher\":{\"@id\":\"https:\/\/grupotorivac.com\/#organization\"},\"alternateName\":\"Torivac S.L\",\"potentialAction\":[{\"@type\":\"SearchAction\",\"target\":{\"@type\":\"EntryPoint\",\"urlTemplate\":\"https:\/\/grupotorivac.com\/?s={search_term_string}\"},\"query-input\":{\"@type\":\"PropertyValueSpecification\",\"valueRequired\":true,\"valueName\":\"search_term_string\"}}],\"inLanguage\":\"de\"},{\"@type\":\"Organization\",\"@id\":\"https:\/\/grupotorivac.com\/#organization\",\"name\":\"Torivac\",\"alternateName\":\"Torivac S.L\",\"url\":\"https:\/\/grupotorivac.com\/\",\"logo\":{\"@type\":\"ImageObject\",\"inLanguage\":\"de\",\"@id\":\"https:\/\/grupotorivac.com\/#\/schema\/logo\/image\/\",\"url\":\"https:\/\/grupotorivac.com\/wp-content\/uploads\/2025\/02\/Diseno-sin-titulo-73.png\",\"contentUrl\":\"https:\/\/grupotorivac.com\/wp-content\/uploads\/2025\/02\/Diseno-sin-titulo-73.png\",\"width\":250,\"height\":250,\"caption\":\"Torivac\"},\"image\":{\"@id\":\"https:\/\/grupotorivac.com\/#\/schema\/logo\/image\/\"}}]}<\/script>\n<!-- \/ Yoast SEO plugin. -->","yoast_head_json":{"title":"Zementierte Widerst\u00e4nde mit hoher Leistung - Torivac","description":"Zementierte Hochleistungswiderst\u00e4nde: gew\u00e4hrleisten eine hohe Verlustleistung und eine ausgezeichnete Best\u00e4ndigkeit gegen Temperaturschocks und \u00dcberlastung","robots":{"index":"index","follow":"follow","max-snippet":"max-snippet:-1","max-image-preview":"max-image-preview:large","max-video-preview":"max-video-preview:-1"},"canonical":"https:\/\/grupotorivac.com\/de\/product\/resistencias-de-alta-potencia-cementadas\/","og_locale":"de_DE","og_type":"article","og_title":"Zementierte Widerst\u00e4nde mit hoher Leistung - Torivac","og_description":"Zementierte Hochleistungswiderst\u00e4nde: gew\u00e4hrleisten eine hohe Verlustleistung und eine ausgezeichnete Best\u00e4ndigkeit gegen Temperaturschocks und \u00dcberlastung","og_url":"https:\/\/grupotorivac.com\/de\/product\/resistencias-de-alta-potencia-cementadas\/","og_site_name":"Torivac","og_image":[{"width":250,"height":250,"url":"https:\/\/grupotorivac.com\/wp-content\/uploads\/2024\/11\/cementadas.jpg","type":"image\/jpeg"}],"twitter_card":"summary_large_image","twitter_misc":{"Gesch\u00e4tzte Lesezeit":"3\u00a0Minuten"},"schema":{"@context":"https:\/\/schema.org","@graph":[{"@type":"WebPage","@id":"https:\/\/grupotorivac.com\/de\/product\/resistencias-de-alta-potencia-cementadas\/","url":"https:\/\/grupotorivac.com\/de\/product\/resistencias-de-alta-potencia-cementadas\/","name":"Zementierte Widerst\u00e4nde mit hoher Leistung - Torivac","isPartOf":{"@id":"https:\/\/grupotorivac.com\/#website"},"primaryImageOfPage":{"@id":"https:\/\/grupotorivac.com\/de\/product\/resistencias-de-alta-potencia-cementadas\/#primaryimage"},"image":{"@id":"https:\/\/grupotorivac.com\/de\/product\/resistencias-de-alta-potencia-cementadas\/#primaryimage"},"thumbnailUrl":"https:\/\/grupotorivac.com\/wp-content\/uploads\/2024\/11\/cementadas.jpg","datePublished":"2024-11-12T09:17:01+00:00","description":"Zementierte Hochleistungswiderst\u00e4nde: gew\u00e4hrleisten eine hohe Verlustleistung und eine ausgezeichnete Best\u00e4ndigkeit gegen Temperaturschocks und \u00dcberlastung","breadcrumb":{"@id":"https:\/\/grupotorivac.com\/de\/product\/resistencias-de-alta-potencia-cementadas\/#breadcrumb"},"inLanguage":"de","potentialAction":[{"@type":"ReadAction","target":["https:\/\/grupotorivac.com\/de\/product\/resistencias-de-alta-potencia-cementadas\/"]}]},{"@type":"ImageObject","inLanguage":"de","@id":"https:\/\/grupotorivac.com\/de\/product\/resistencias-de-alta-potencia-cementadas\/#primaryimage","url":"https:\/\/grupotorivac.com\/wp-content\/uploads\/2024\/11\/cementadas.jpg","contentUrl":"https:\/\/grupotorivac.com\/wp-content\/uploads\/2024\/11\/cementadas.jpg","width":250,"height":250,"caption":"Zementierte Hochleistungswiderst\u00e4nde: gew\u00e4hrleisten eine hohe Verlustleistung und eine ausgezeichnete Best\u00e4ndigkeit gegen Temperaturschocks und \u00dcberlast."},{"@type":"BreadcrumbList","@id":"https:\/\/grupotorivac.com\/de\/product\/resistencias-de-alta-potencia-cementadas\/#breadcrumb","itemListElement":[{"@type":"ListItem","position":1,"name":"Portada","item":"https:\/\/grupotorivac.com\/de\/"},{"@type":"ListItem","position":2,"name":"Products","item":"https:\/\/grupotorivac.com\/en\/shop\/"},{"@type":"ListItem","position":3,"name":"Zementierte Widerst\u00e4nde mit hoher Leistung"}]},{"@type":"WebSite","@id":"https:\/\/grupotorivac.com\/#website","url":"https:\/\/grupotorivac.com\/","name":"Torivac","description":"Especializados en dise\u00f1o y fabricaci\u00f3n de variados de tensi\u00f3n","publisher":{"@id":"https:\/\/grupotorivac.com\/#organization"},"alternateName":"Torivac S.L","potentialAction":[{"@type":"SearchAction","target":{"@type":"EntryPoint","urlTemplate":"https:\/\/grupotorivac.com\/?s={search_term_string}"},"query-input":{"@type":"PropertyValueSpecification","valueRequired":true,"valueName":"search_term_string"}}],"inLanguage":"de"},{"@type":"Organization","@id":"https:\/\/grupotorivac.com\/#organization","name":"Torivac","alternateName":"Torivac S.L","url":"https:\/\/grupotorivac.com\/","logo":{"@type":"ImageObject","inLanguage":"de","@id":"https:\/\/grupotorivac.com\/#\/schema\/logo\/image\/","url":"https:\/\/grupotorivac.com\/wp-content\/uploads\/2025\/02\/Diseno-sin-titulo-73.png","contentUrl":"https:\/\/grupotorivac.com\/wp-content\/uploads\/2025\/02\/Diseno-sin-titulo-73.png","width":250,"height":250,"caption":"Torivac"},"image":{"@id":"https:\/\/grupotorivac.com\/#\/schema\/logo\/image\/"}}]}},"_links":{"self":[{"href":"https:\/\/grupotorivac.com\/de\/wp-json\/wp\/v2\/product\/15819","targetHints":{"allow":["GET"]}}],"collection":[{"href":"https:\/\/grupotorivac.com\/de\/wp-json\/wp\/v2\/product"}],"about":[{"href":"https:\/\/grupotorivac.com\/de\/wp-json\/wp\/v2\/types\/product"}],"wp:featuredmedia":[{"embeddable":true,"href":"https:\/\/grupotorivac.com\/de\/wp-json\/wp\/v2\/media\/9391"}],"wp:attachment":[{"href":"https:\/\/grupotorivac.com\/de\/wp-json\/wp\/v2\/media?parent=15819"}],"wp:term":[{"taxonomy":"product_brand","embeddable":true,"href":"https:\/\/grupotorivac.com\/de\/wp-json\/wp\/v2\/product_brand?post=15819"},{"taxonomy":"product_cat","embeddable":true,"href":"https:\/\/grupotorivac.com\/de\/wp-json\/wp\/v2\/product_cat?post=15819"},{"taxonomy":"product_tag","embeddable":true,"href":"https:\/\/grupotorivac.com\/de\/wp-json\/wp\/v2\/product_tag?post=15819"}],"curies":[{"name":"wp","href":"https:\/\/api.w.org\/{rel}","templated":true}]}}