{"id":15815,"date":"2022-12-05T12:22:49","date_gmt":"2022-12-05T12:22:49","guid":{"rendered":"https:\/\/grupotorivac.com\/product\/reostatos-y-potenciometros-bobinados-especiales\/"},"modified":"2026-03-10T02:15:22","modified_gmt":"2026-03-10T02:15:22","slug":"reostatos-y-potenciometros-bobinados-especiales","status":"publish","type":"product","link":"https:\/\/grupotorivac.com\/de\/product\/reostatos-y-potenciometros-bobinados-especiales\/","title":{"rendered":"Rheostate und Potentiometer, gewickelte Sonderanfertigungen"},"content":{"rendered":"<p><b>Was sind Rheostate und Wickelpotentiometer und warum sind sie wichtig?<br \/>\n<\/b><br \/>\nRheostate und gewickelte Potentiometer sind Ger\u00e4te mit variablem Widerstand, die dazu dienen, die Spannung in einem Stromkreis zu regulieren, indem sie die einem System zugef\u00fchrte Leistung anpassen.<\/p>\n<p>Der Rheostat wird haupts\u00e4chlich in Elektromotoren, Lastb\u00e4nken und industriellen Kontrollsystemen verwendet, wo es notwendig ist, den Widerstand zu ver\u00e4ndern, um den Leistungsfluss zu steuern. Im Gegensatz dazu fungiert das gewickelte Potentiometer als Spannungsteiler, mit dem das elektrische Signal in Kalibrierungsger\u00e4ten, Geschwindigkeitsreglern und Messger\u00e4ten eingestellt werden kann. <\/p>\n<p>Speziell gefertigte Rheostate und Spulenpotentiometer bieten eine ma\u00dfgeschneiderte L\u00f6sung f\u00fcr die Spannungsregulierung und das Energiemanagement in kritischen Infrastrukturen, optimieren die Leistung elektrischer Systeme und verl\u00e4ngern die Lebensdauer von Ger\u00e4ten.<\/p>\n<p>Diese Ger\u00e4te erm\u00f6glichen eine Feineinstellung des Stroms und verbessern die Betriebsstabilit\u00e4t von Motoren, Generatoren und Stromverteilungssystemen. Durch ihre Anpassungsf\u00e4higkeit sind sie ideal f\u00fcr jede spezifische Anwendung geeignet und gew\u00e4hrleisten optimale Leistung unter anspruchsvollen Bedingungen.<br \/>\nSie sind unverzichtbar f\u00fcr die Drehzahlregelung von Industriemotoren, die Stromregelung in elektrischen Systemen und die Lastsimulation in Pr\u00fcfst\u00e4nden. In gro\u00dfen Stromversorgungsstrukturen minimiert ihr Einsatz Energieverluste, verbessert die Systemeffizienz und verhindert \u00dcberlastungen, wodurch ein zuverl\u00e4ssiger und kontinuierlicher Betrieb gew\u00e4hrleistet wird.  <\/p>\n<p class=\"p1\"><b>Effektive L\u00f6sung f\u00fcr jede industrielle Anwendung<\/b><\/p>\n<p>Der Einsatz von Rheostaten und gewickelten Potentiometern ist eine wichtige Strategie zur Optimierung des Energieverbrauchs in industriellen Umgebungen. Durch die kontrollierte Regulierung des Stroms wird eine \u00dcberhitzung verhindert und die Stabilit\u00e4t des elektrischen Systems verbessert. Diese Anpassungsf\u00e4higkeit tr\u00e4gt zu einem effizienteren Energiemanagement bei.<br \/>\nRheostate erm\u00f6glichen die Anpassung der Start- und Betriebsleistung und vermeiden so Stromspitzen, die Ger\u00e4te besch\u00e4digen k\u00f6nnen. Dies ist besonders n\u00fctzlich bei schweren Maschinen, Aufz\u00fcgen und automatisierten Produktionssystemen.<br \/>\nGewickelte Potentiometer sind in Kalibrier-, Mess- und Pr\u00e4zisionssteuerungssystemen unverzichtbar und stellen sicher, dass die Stromversorgung von Sensoren, Reglern und Testger\u00e4ten f\u00fcr einen ordnungsgem\u00e4\u00dfen Betrieb ausreichend ist.   <\/p>\n<p class=\"p1\"><strong>Torivac ist ein Unternehmen, das sich auf die Entwicklung und Herstellung von Ringkerntransformatoren und Antrieben mit variabler Spannung spezialisiert hat.<\/strong><\/p>\n<p>Wir verf\u00fcgen \u00fcber fast 60 Jahre Erfahrung in der Branche, die uns zu einer Pr\u00e4senz in mehr als 30 L\u00e4ndern gef\u00fchrt hat.<br \/>\nWir verf\u00fcgen \u00fcber ein technisches Team, das die Herstellung von hochpr\u00e4zisen und effizienten Ger\u00e4ten garantiert. Unsere Arbeitsmethodik erm\u00f6glicht es uns, in jeder Phase eines Projekts fortschrittliche Simulationen durchzuf\u00fchren, um sicherzustellen, dass jedes Bauteil, von Ringspannungswandlern, Regeltransformatoren, Batterieentladern, Potentiometern und Ringbandkernen, den h\u00f6chsten Standards der Branche entspricht.<br \/>\nWir arbeiten eng mit Unternehmen zusammen, die \u00fcber eine gro\u00dfe Infrastruktur verf\u00fcgen, um ma\u00dfgeschneiderte und effiziente L\u00f6sungen zu gew\u00e4hrleisten. Wir sind bestrebt, auf die Anforderungen von Branchen wie Technologie, Energie und Automobil zu reagieren. Unser Ziel ist es, weiterhin innovativ zu sein, strategische Allianzen zu st\u00e4rken und unsere globale Reichweite zu erweitern, wobei wir stets das G\u00fctesiegel f\u00fcr Qualit\u00e4t und Exzellenz beibehalten, das uns seit unseren Anf\u00e4ngen auszeichnet.   <\/p>\n","protected":false},"excerpt":{"rendered":"<p>Jeder Kunde hat spezifische Bed\u00fcrfnisse, daher gibt es Nuancen oder Variationen von Standardprodukten, die er ben\u00f6tigt.<br \/>\nBei TORIVAC machen wir Anpassungen von Rheostaten mit kundenspezifischen Designs entsprechend den Bed\u00fcrfnissen jedes Kunden.<br \/>\nZ\u00f6gern Sie nicht, uns zu konsultieren und wir werden Ihnen die optimale L\u00f6sung vorschlagen.<\/p>\n<p><a class=\"button button_size_2 button_dark\" href=\"https:\/\/grupotorivac.com\/wp-content\/uploads\/2023\/02\/REOSTATOS-CERAMICOS.pdf\" target=\"_blank\" rel=\"noopener\"><span class=\"button_label\"><strong>Siehe technisches Datenblatt<\/strong><\/span><\/a><\/p>\n","protected":false},"featured_media":15818,"template":"","meta":{"_acf_changed":false},"product_brand":[],"product_cat":[487],"product_tag":[],"class_list":{"0":"post-15815","1":"product","2":"type-product","3":"status-publish","4":"has-post-thumbnail","6":"product_cat-keramische-rheostate","8":"first","9":"instock","10":"product-type-simple"},"acf":[],"yoast_head":"<!-- This site is optimized with the Yoast SEO plugin v27.2 - https:\/\/yoast.com\/product\/yoast-seo-wordpress\/ -->\n<title>Rheostate und Potentiometer, gewickelte Sonderanfertigungen - Torivac<\/title>\n<meta name=\"description\" content=\"Rheostate und Potentiometer verbessern die Stromregelung in elektrischen Systemen und die Lastsimulation in Pr\u00fcfst\u00e4nden.\" \/>\n<meta name=\"robots\" content=\"index, follow, max-snippet:-1, max-image-preview:large, max-video-preview:-1\" \/>\n<link rel=\"canonical\" href=\"https:\/\/grupotorivac.com\/de\/product\/reostatos-y-potenciometros-bobinados-especiales\/\" \/>\n<meta property=\"og:locale\" content=\"de_DE\" \/>\n<meta property=\"og:type\" content=\"article\" \/>\n<meta property=\"og:title\" content=\"Rheostate und Potentiometer, gewickelte Sonderanfertigungen - Torivac\" \/>\n<meta property=\"og:description\" content=\"Rheostate und Potentiometer verbessern die Stromregelung in elektrischen Systemen und die Lastsimulation in Pr\u00fcfst\u00e4nden.\" \/>\n<meta property=\"og:url\" content=\"https:\/\/grupotorivac.com\/de\/product\/reostatos-y-potenciometros-bobinados-especiales\/\" \/>\n<meta property=\"og:site_name\" content=\"Torivac\" \/>\n<meta property=\"article:modified_time\" content=\"2026-03-10T02:15:22+00:00\" \/>\n<meta property=\"og:image\" content=\"https:\/\/grupotorivac.com\/wp-content\/uploads\/2022\/12\/fabricaciones-especiales-1-1.png\" \/>\n\t<meta property=\"og:image:width\" content=\"567\" \/>\n\t<meta property=\"og:image:height\" content=\"567\" \/>\n\t<meta property=\"og:image:type\" content=\"image\/png\" \/>\n<meta name=\"twitter:card\" content=\"summary_large_image\" \/>\n<meta name=\"twitter:label1\" content=\"Gesch\u00e4tzte Lesezeit\" \/>\n\t<meta name=\"twitter:data1\" content=\"3\u00a0Minuten\" \/>\n<script type=\"application\/ld+json\" class=\"yoast-schema-graph\">{\"@context\":\"https:\/\/schema.org\",\"@graph\":[{\"@type\":\"WebPage\",\"@id\":\"https:\/\/grupotorivac.com\/de\/product\/reostatos-y-potenciometros-bobinados-especiales\/\",\"url\":\"https:\/\/grupotorivac.com\/de\/product\/reostatos-y-potenciometros-bobinados-especiales\/\",\"name\":\"Rheostate und Potentiometer, gewickelte Sonderanfertigungen - Torivac\",\"isPartOf\":{\"@id\":\"https:\/\/grupotorivac.com\/#website\"},\"primaryImageOfPage\":{\"@id\":\"https:\/\/grupotorivac.com\/de\/product\/reostatos-y-potenciometros-bobinados-especiales\/#primaryimage\"},\"image\":{\"@id\":\"https:\/\/grupotorivac.com\/de\/product\/reostatos-y-potenciometros-bobinados-especiales\/#primaryimage\"},\"thumbnailUrl\":\"https:\/\/grupotorivac.com\/wp-content\/uploads\/2022\/12\/fabricaciones-especiales-1-1.png\",\"datePublished\":\"2022-12-05T12:22:49+00:00\",\"dateModified\":\"2026-03-10T02:15:22+00:00\",\"description\":\"Rheostate und Potentiometer verbessern die Stromregelung in elektrischen Systemen und die Lastsimulation in Pr\u00fcfst\u00e4nden.\",\"breadcrumb\":{\"@id\":\"https:\/\/grupotorivac.com\/de\/product\/reostatos-y-potenciometros-bobinados-especiales\/#breadcrumb\"},\"inLanguage\":\"de\",\"potentialAction\":[{\"@type\":\"ReadAction\",\"target\":[\"https:\/\/grupotorivac.com\/de\/product\/reostatos-y-potenciometros-bobinados-especiales\/\"]}]},{\"@type\":\"ImageObject\",\"inLanguage\":\"de\",\"@id\":\"https:\/\/grupotorivac.com\/de\/product\/reostatos-y-potenciometros-bobinados-especiales\/#primaryimage\",\"url\":\"https:\/\/grupotorivac.com\/wp-content\/uploads\/2022\/12\/fabricaciones-especiales-1-1.png\",\"contentUrl\":\"https:\/\/grupotorivac.com\/wp-content\/uploads\/2022\/12\/fabricaciones-especiales-1-1.png\",\"width\":567,\"height\":567},{\"@type\":\"BreadcrumbList\",\"@id\":\"https:\/\/grupotorivac.com\/de\/product\/reostatos-y-potenciometros-bobinados-especiales\/#breadcrumb\",\"itemListElement\":[{\"@type\":\"ListItem\",\"position\":1,\"name\":\"Portada\",\"item\":\"https:\/\/grupotorivac.com\/de\/\"},{\"@type\":\"ListItem\",\"position\":2,\"name\":\"Products\",\"item\":\"https:\/\/grupotorivac.com\/en\/shop\/\"},{\"@type\":\"ListItem\",\"position\":3,\"name\":\"Rheostate und Potentiometer, gewickelte Sonderanfertigungen\"}]},{\"@type\":\"WebSite\",\"@id\":\"https:\/\/grupotorivac.com\/#website\",\"url\":\"https:\/\/grupotorivac.com\/\",\"name\":\"Torivac\",\"description\":\"Especializados en dise\u00f1o y fabricaci\u00f3n de variados de tensi\u00f3n\",\"publisher\":{\"@id\":\"https:\/\/grupotorivac.com\/#organization\"},\"alternateName\":\"Torivac S.L\",\"potentialAction\":[{\"@type\":\"SearchAction\",\"target\":{\"@type\":\"EntryPoint\",\"urlTemplate\":\"https:\/\/grupotorivac.com\/?s={search_term_string}\"},\"query-input\":{\"@type\":\"PropertyValueSpecification\",\"valueRequired\":true,\"valueName\":\"search_term_string\"}}],\"inLanguage\":\"de\"},{\"@type\":\"Organization\",\"@id\":\"https:\/\/grupotorivac.com\/#organization\",\"name\":\"Torivac\",\"alternateName\":\"Torivac S.L\",\"url\":\"https:\/\/grupotorivac.com\/\",\"logo\":{\"@type\":\"ImageObject\",\"inLanguage\":\"de\",\"@id\":\"https:\/\/grupotorivac.com\/#\/schema\/logo\/image\/\",\"url\":\"https:\/\/grupotorivac.com\/wp-content\/uploads\/2025\/02\/Diseno-sin-titulo-73.png\",\"contentUrl\":\"https:\/\/grupotorivac.com\/wp-content\/uploads\/2025\/02\/Diseno-sin-titulo-73.png\",\"width\":250,\"height\":250,\"caption\":\"Torivac\"},\"image\":{\"@id\":\"https:\/\/grupotorivac.com\/#\/schema\/logo\/image\/\"}}]}<\/script>\n<!-- \/ Yoast SEO plugin. -->","yoast_head_json":{"title":"Rheostate und Potentiometer, gewickelte Sonderanfertigungen - Torivac","description":"Rheostate und Potentiometer verbessern die Stromregelung in elektrischen Systemen und die Lastsimulation in Pr\u00fcfst\u00e4nden.","robots":{"index":"index","follow":"follow","max-snippet":"max-snippet:-1","max-image-preview":"max-image-preview:large","max-video-preview":"max-video-preview:-1"},"canonical":"https:\/\/grupotorivac.com\/de\/product\/reostatos-y-potenciometros-bobinados-especiales\/","og_locale":"de_DE","og_type":"article","og_title":"Rheostate und Potentiometer, gewickelte Sonderanfertigungen - Torivac","og_description":"Rheostate und Potentiometer verbessern die Stromregelung in elektrischen Systemen und die Lastsimulation in Pr\u00fcfst\u00e4nden.","og_url":"https:\/\/grupotorivac.com\/de\/product\/reostatos-y-potenciometros-bobinados-especiales\/","og_site_name":"Torivac","article_modified_time":"2026-03-10T02:15:22+00:00","og_image":[{"width":567,"height":567,"url":"https:\/\/grupotorivac.com\/wp-content\/uploads\/2022\/12\/fabricaciones-especiales-1-1.png","type":"image\/png"}],"twitter_card":"summary_large_image","twitter_misc":{"Gesch\u00e4tzte Lesezeit":"3\u00a0Minuten"},"schema":{"@context":"https:\/\/schema.org","@graph":[{"@type":"WebPage","@id":"https:\/\/grupotorivac.com\/de\/product\/reostatos-y-potenciometros-bobinados-especiales\/","url":"https:\/\/grupotorivac.com\/de\/product\/reostatos-y-potenciometros-bobinados-especiales\/","name":"Rheostate und Potentiometer, gewickelte Sonderanfertigungen - Torivac","isPartOf":{"@id":"https:\/\/grupotorivac.com\/#website"},"primaryImageOfPage":{"@id":"https:\/\/grupotorivac.com\/de\/product\/reostatos-y-potenciometros-bobinados-especiales\/#primaryimage"},"image":{"@id":"https:\/\/grupotorivac.com\/de\/product\/reostatos-y-potenciometros-bobinados-especiales\/#primaryimage"},"thumbnailUrl":"https:\/\/grupotorivac.com\/wp-content\/uploads\/2022\/12\/fabricaciones-especiales-1-1.png","datePublished":"2022-12-05T12:22:49+00:00","dateModified":"2026-03-10T02:15:22+00:00","description":"Rheostate und Potentiometer verbessern die Stromregelung in elektrischen Systemen und die Lastsimulation in Pr\u00fcfst\u00e4nden.","breadcrumb":{"@id":"https:\/\/grupotorivac.com\/de\/product\/reostatos-y-potenciometros-bobinados-especiales\/#breadcrumb"},"inLanguage":"de","potentialAction":[{"@type":"ReadAction","target":["https:\/\/grupotorivac.com\/de\/product\/reostatos-y-potenciometros-bobinados-especiales\/"]}]},{"@type":"ImageObject","inLanguage":"de","@id":"https:\/\/grupotorivac.com\/de\/product\/reostatos-y-potenciometros-bobinados-especiales\/#primaryimage","url":"https:\/\/grupotorivac.com\/wp-content\/uploads\/2022\/12\/fabricaciones-especiales-1-1.png","contentUrl":"https:\/\/grupotorivac.com\/wp-content\/uploads\/2022\/12\/fabricaciones-especiales-1-1.png","width":567,"height":567},{"@type":"BreadcrumbList","@id":"https:\/\/grupotorivac.com\/de\/product\/reostatos-y-potenciometros-bobinados-especiales\/#breadcrumb","itemListElement":[{"@type":"ListItem","position":1,"name":"Portada","item":"https:\/\/grupotorivac.com\/de\/"},{"@type":"ListItem","position":2,"name":"Products","item":"https:\/\/grupotorivac.com\/en\/shop\/"},{"@type":"ListItem","position":3,"name":"Rheostate und Potentiometer, gewickelte Sonderanfertigungen"}]},{"@type":"WebSite","@id":"https:\/\/grupotorivac.com\/#website","url":"https:\/\/grupotorivac.com\/","name":"Torivac","description":"Especializados en dise\u00f1o y fabricaci\u00f3n de variados de tensi\u00f3n","publisher":{"@id":"https:\/\/grupotorivac.com\/#organization"},"alternateName":"Torivac S.L","potentialAction":[{"@type":"SearchAction","target":{"@type":"EntryPoint","urlTemplate":"https:\/\/grupotorivac.com\/?s={search_term_string}"},"query-input":{"@type":"PropertyValueSpecification","valueRequired":true,"valueName":"search_term_string"}}],"inLanguage":"de"},{"@type":"Organization","@id":"https:\/\/grupotorivac.com\/#organization","name":"Torivac","alternateName":"Torivac S.L","url":"https:\/\/grupotorivac.com\/","logo":{"@type":"ImageObject","inLanguage":"de","@id":"https:\/\/grupotorivac.com\/#\/schema\/logo\/image\/","url":"https:\/\/grupotorivac.com\/wp-content\/uploads\/2025\/02\/Diseno-sin-titulo-73.png","contentUrl":"https:\/\/grupotorivac.com\/wp-content\/uploads\/2025\/02\/Diseno-sin-titulo-73.png","width":250,"height":250,"caption":"Torivac"},"image":{"@id":"https:\/\/grupotorivac.com\/#\/schema\/logo\/image\/"}}]}},"_links":{"self":[{"href":"https:\/\/grupotorivac.com\/de\/wp-json\/wp\/v2\/product\/15815","targetHints":{"allow":["GET"]}}],"collection":[{"href":"https:\/\/grupotorivac.com\/de\/wp-json\/wp\/v2\/product"}],"about":[{"href":"https:\/\/grupotorivac.com\/de\/wp-json\/wp\/v2\/types\/product"}],"wp:featuredmedia":[{"embeddable":true,"href":"https:\/\/grupotorivac.com\/de\/wp-json\/wp\/v2\/media\/15818"}],"wp:attachment":[{"href":"https:\/\/grupotorivac.com\/de\/wp-json\/wp\/v2\/media?parent=15815"}],"wp:term":[{"taxonomy":"product_brand","embeddable":true,"href":"https:\/\/grupotorivac.com\/de\/wp-json\/wp\/v2\/product_brand?post=15815"},{"taxonomy":"product_cat","embeddable":true,"href":"https:\/\/grupotorivac.com\/de\/wp-json\/wp\/v2\/product_cat?post=15815"},{"taxonomy":"product_tag","embeddable":true,"href":"https:\/\/grupotorivac.com\/de\/wp-json\/wp\/v2\/product_tag?post=15815"}],"curies":[{"name":"wp","href":"https:\/\/api.w.org\/{rel}","templated":true}]}}