{"id":15813,"date":"2024-11-12T09:11:50","date_gmt":"2024-11-12T09:11:50","guid":{"rendered":"https:\/\/grupotorivac.com\/product\/resistencias-helicoidales\/"},"modified":"2026-03-10T07:46:09","modified_gmt":"2026-03-10T07:46:09","slug":"resistencias-helicoidales","status":"publish","type":"product","link":"https:\/\/grupotorivac.com\/de\/product\/resistencias-helicoidales\/","title":{"rendered":"Wendelwiderst\u00e4nde"},"content":{"rendered":"<p><b>Was sind Wendelwiderst\u00e4nde?<\/b><\/p>\n<p>Wendelwiderst\u00e4nde sind elektrische Komponenten, bei denen ein leitf\u00e4higer Draht spiralf\u00f6rmig um einen isolierenden oder keramischen Kern gewickelt ist, wodurch sie hohen Energielasten standhalten und W\u00e4rme effizient ableiten k\u00f6nnen. Ihre spiralf\u00f6rmige Struktur erm\u00f6glicht eine gleichm\u00e4\u00dfige Verteilung des elektrischen Stroms, wodurch das Risiko von Hot Spots verringert und ihre Leistung unter anspruchsvollen Bedingungen verbessert wird.<br \/>\nSie sind in Anwendungen wie industriellen Bremssystemen, Lastb\u00e4nken, automatisierten Maschinen und Leistungssteuerungen in Produktionsprozessen unverzichtbar. <\/p>\n<p><b>Was ist ein Spiralwiderstand?<\/b><\/p>\n<p>Das spiralf\u00f6rmige Design erm\u00f6glicht eine gleichm\u00e4\u00dfige W\u00e4rmeverteilung und optimiert die Leistung in gro\u00dfen elektrischen Systemen und fortschrittlichen Leistungsstrukturen.<br \/>\nHergestellt aus Materialien mit hoher W\u00e4rmeleitf\u00e4higkeit und gesch\u00fctzt mit korrosionsbest\u00e4ndigen Beschichtungen, gew\u00e4hrleisten diese Widerst\u00e4nde einen stabilen Betrieb auch unter extremen Bedingungen. Ihre spiralf\u00f6rmige Struktur verbessert nicht nur die W\u00e4rmeableitung, sondern verringert auch die M\u00f6glichkeit einer \u00dcberlastung, wodurch die Lebensdauer der Ger\u00e4te verl\u00e4ngert und die Notwendigkeit einer h\u00e4ufigen Wartung reduziert wird.<br \/>\nErm\u00f6glicht eine hohe Verlustleistung auf kleinem Raum. Diese Baugruppe mit seitlichen St\u00fctzen und einem Geh\u00e4use aus verzinktem Stahl, das f\u00fcr eine gute Bel\u00fcftung perforiert ist, erf\u00fcllt die Schutzanforderungen IP20 oder IP23. Sie k\u00f6nnen mit W\u00e4rmeschutz und mit dem vom Kunden gew\u00fcnschten Ohmwert geliefert werden.<br \/>\nNiedriger Temperaturkoeffizient, der einen konstanten Ohmwert (temperaturabh\u00e4ngiger Parameter) \u00fcber einen gro\u00dfen Temperaturbereich bietet. Da es sich bei den Leistungswiderst\u00e4nden um passive Elemente handelt, sind sie von den spezifischen EMV-Normen nicht betroffen.    <\/p>\n<p><b>Wie erg\u00e4nzt es andere Ger\u00e4te?<\/b><\/p>\n<p>Im industriellen Bereich sind Spiralheizk\u00f6rper in Heizsystemen, Elektro\u00f6fen, Verarbeitungsmaschinen und Stromverteilungsnetzen unverzichtbar. Ihre F\u00e4higkeit, bei hohen elektrischen Lasten zu arbeiten, macht sie zu einer wesentlichen Komponente bei der W\u00e4rmeregulierung kritischer Infrastrukturen, die Effizienz und Betriebssicherheit gew\u00e4hrleisten.<br \/>\nZus\u00e4tzlich zu ihrer mechanischen und thermischen Widerstandsf\u00e4higkeit bieten diese Ger\u00e4te eine flexible Konstruktion, die spezifische Anpassungen an die Anforderungen jeder Installation erm\u00f6glicht. Dies macht sie ideal f\u00fcr Anwendungen, bei denen Pr\u00e4zision und gleichbleibende Leistung entscheidend sind.  <\/p>\n<p><b>Torivac ist ein Unternehmen, das sich auf die Entwicklung und Herstellung von Ringkerntransformatoren und Antrieben mit variabler Spannung spezialisiert hat.<\/b><\/p>\n<p>Wir verf\u00fcgen \u00fcber eine fast 60-j\u00e4hrige Erfahrung in diesem Sektor, die es uns erm\u00f6glicht hat, in mehr als 30 L\u00e4ndern pr\u00e4sent zu sein.<br \/>\nWir verf\u00fcgen \u00fcber ein technisches Team, das die Herstellung von hochpr\u00e4zisen und effizienten Ger\u00e4ten garantiert. Unsere Arbeitsmethodik erm\u00f6glicht es uns, in jeder Phase eines Projekts fortschrittliche Simulationen durchzuf\u00fchren, um zu gew\u00e4hrleisten, dass jedes Bauteil, von Ringkernspannungswandlern, Regeltransformatoren, Batterieentladern, Potentiometern und Ringbandkernen, den h\u00f6chsten Standards der Branche entspricht.<br \/>\nWir arbeiten eng mit Unternehmen zusammen, die \u00fcber eine gro\u00dfe Infrastruktur verf\u00fcgen, um ma\u00dfgeschneiderte und effiziente L\u00f6sungen zu gew\u00e4hrleisten. Wir sind bestrebt, auf die Anforderungen von Branchen wie Technologie, Energie und Automobil zu reagieren. Unser Ziel ist es, weiterhin innovativ zu sein, strategische Allianzen zu st\u00e4rken und unsere globale Reichweite zu erweitern, wobei wir stets das G\u00fctesiegel f\u00fcr Qualit\u00e4t und Exzellenz beibehalten, das uns seit unseren Anf\u00e4ngen auszeichnet.   <\/p>\n","protected":false},"excerpt":{"rendered":"<p><span data-sheets-root=\"1\">Unsere Hochleistungswiderst\u00e4nde werden aus hochwertigen Widerstandsdr\u00e4hten hergestellt. Der ohmsche Wert variiert nur wenig mit dem Temperaturanstieg des Elements. <\/span><\/p>\n<p>Es handelt sich um gewickelte Widerst\u00e4nde, die aus einem Widerstandselement bestehen, das auf einen r\u00f6hrenf\u00f6rmigen Kern aus Keramik gewickelt ist, der als Tr\u00e4ger dient, um eine hohe Verlustleistung und eine ausgezeichnete Best\u00e4ndigkeit gegen Temperaturschock und \u00dcberlast zu gew\u00e4hrleisten. Es handelt sich um ein offenes Element mit niedriger Induktivit\u00e4t. <\/p>\n<p>Seine Konstruktion erm\u00f6glicht eine hohe Verlustleistung auf kleinem Raum. Dieses Set mit seitlichen St\u00fctzen und einem Geh\u00e4use aus verzinktem Stahl mit perforierten L\u00f6chern zur Gew\u00e4hrleistung einer angemessenen Bel\u00fcftung erf\u00fcllt die Schutzanforderungen IP20 oder IP23 (je nach Widerstandsmodell). Sie k\u00f6nnen mit W\u00e4rmeschutz und mit dem vom Kunden gew\u00fcnschten Ohmwert geliefert werden.  <\/p>\n<p>Niedriger Temperaturkoeffizient, der einen konstanten Ohmwert \u00fcber einen weiten Temperaturbereich bietet.<br \/>\nDie Leistungswiderst\u00e4nde unterliegen als passive Elemente nicht den spezifischen EMV-Normen.<\/p>\n<p>Sie erzeugen keine st\u00f6rende Strahlung und werden von ihr nicht beeintr\u00e4chtigt.<\/p>\n<p>Die Eigenschaften unserer Produkte machen unsere Widerst\u00e4nde besonders geeignet f\u00fcr die Begrenzung starker Str\u00f6me, Batterieentladungen usw.<\/p>\n","protected":false},"featured_media":9399,"template":"","meta":{"_acf_changed":false},"product_brand":[],"product_cat":[491,478],"product_tag":[],"class_list":{"0":"post-15813","1":"product","2":"type-product","3":"status-publish","4":"has-post-thumbnail","6":"product_cat-wendel","7":"product_cat-widerstande-lastbanke","9":"first","10":"instock","11":"product-type-simple"},"acf":[],"yoast_head":"<!-- This site is optimized with the Yoast SEO plugin v27.2 - https:\/\/yoast.com\/product\/yoast-seo-wordpress\/ -->\n<title>Wendelwiderst\u00e4nde - Torivac<\/title>\n<meta name=\"description\" content=\"Die spiralf\u00f6rmigen Widerst\u00e4nde erm\u00f6glichen eine gleichm\u00e4\u00dfige Stromverteilung, wodurch das Risiko von Hot Spots verringert und die Leistung verbessert wird.\" \/>\n<meta name=\"robots\" content=\"index, follow, max-snippet:-1, max-image-preview:large, max-video-preview:-1\" \/>\n<link rel=\"canonical\" href=\"https:\/\/grupotorivac.com\/de\/product\/resistencias-helicoidales\/\" \/>\n<meta property=\"og:locale\" content=\"de_DE\" \/>\n<meta property=\"og:type\" content=\"article\" \/>\n<meta property=\"og:title\" content=\"Wendelwiderst\u00e4nde - Torivac\" \/>\n<meta property=\"og:description\" content=\"Die spiralf\u00f6rmigen Widerst\u00e4nde erm\u00f6glichen eine gleichm\u00e4\u00dfige Stromverteilung, wodurch das Risiko von Hot Spots verringert und die Leistung verbessert wird.\" \/>\n<meta property=\"og:url\" content=\"https:\/\/grupotorivac.com\/de\/product\/resistencias-helicoidales\/\" \/>\n<meta property=\"og:site_name\" content=\"Torivac\" \/>\n<meta property=\"article:modified_time\" content=\"2026-03-10T07:46:09+00:00\" \/>\n<meta property=\"og:image\" content=\"https:\/\/grupotorivac.com\/wp-content\/uploads\/2024\/11\/helicoidal.jpg\" \/>\n\t<meta property=\"og:image:width\" content=\"250\" \/>\n\t<meta property=\"og:image:height\" content=\"250\" \/>\n\t<meta property=\"og:image:type\" content=\"image\/jpeg\" \/>\n<meta name=\"twitter:card\" content=\"summary_large_image\" \/>\n<meta name=\"twitter:label1\" content=\"Gesch\u00e4tzte Lesezeit\" \/>\n\t<meta name=\"twitter:data1\" content=\"3\u00a0Minuten\" \/>\n<script type=\"application\/ld+json\" class=\"yoast-schema-graph\">{\"@context\":\"https:\/\/schema.org\",\"@graph\":[{\"@type\":\"WebPage\",\"@id\":\"https:\/\/grupotorivac.com\/de\/product\/resistencias-helicoidales\/\",\"url\":\"https:\/\/grupotorivac.com\/de\/product\/resistencias-helicoidales\/\",\"name\":\"Wendelwiderst\u00e4nde - Torivac\",\"isPartOf\":{\"@id\":\"https:\/\/grupotorivac.com\/#website\"},\"primaryImageOfPage\":{\"@id\":\"https:\/\/grupotorivac.com\/de\/product\/resistencias-helicoidales\/#primaryimage\"},\"image\":{\"@id\":\"https:\/\/grupotorivac.com\/de\/product\/resistencias-helicoidales\/#primaryimage\"},\"thumbnailUrl\":\"https:\/\/grupotorivac.com\/wp-content\/uploads\/2024\/11\/helicoidal.jpg\",\"datePublished\":\"2024-11-12T09:11:50+00:00\",\"dateModified\":\"2026-03-10T07:46:09+00:00\",\"description\":\"Die spiralf\u00f6rmigen Widerst\u00e4nde erm\u00f6glichen eine gleichm\u00e4\u00dfige Stromverteilung, wodurch das Risiko von Hot Spots verringert und die Leistung verbessert wird.\",\"breadcrumb\":{\"@id\":\"https:\/\/grupotorivac.com\/de\/product\/resistencias-helicoidales\/#breadcrumb\"},\"inLanguage\":\"de\",\"potentialAction\":[{\"@type\":\"ReadAction\",\"target\":[\"https:\/\/grupotorivac.com\/de\/product\/resistencias-helicoidales\/\"]}]},{\"@type\":\"ImageObject\",\"inLanguage\":\"de\",\"@id\":\"https:\/\/grupotorivac.com\/de\/product\/resistencias-helicoidales\/#primaryimage\",\"url\":\"https:\/\/grupotorivac.com\/wp-content\/uploads\/2024\/11\/helicoidal.jpg\",\"contentUrl\":\"https:\/\/grupotorivac.com\/wp-content\/uploads\/2024\/11\/helicoidal.jpg\",\"width\":250,\"height\":250,\"caption\":\"Die spiralf\u00f6rmigen Widerst\u00e4nde sind an elektrische Infrastrukturen anpassbar. Er verf\u00fcgt \u00fcber eine korrosionsbest\u00e4ndige Beschichtung und eine optimierte Bel\u00fcftung, die f\u00fcr Anwendungen in Heizungs- und Stromnetzen entwickelt wurde.\"},{\"@type\":\"BreadcrumbList\",\"@id\":\"https:\/\/grupotorivac.com\/de\/product\/resistencias-helicoidales\/#breadcrumb\",\"itemListElement\":[{\"@type\":\"ListItem\",\"position\":1,\"name\":\"Portada\",\"item\":\"https:\/\/grupotorivac.com\/de\/\"},{\"@type\":\"ListItem\",\"position\":2,\"name\":\"Products\",\"item\":\"https:\/\/grupotorivac.com\/en\/shop\/\"},{\"@type\":\"ListItem\",\"position\":3,\"name\":\"Wendelwiderst\u00e4nde\"}]},{\"@type\":\"WebSite\",\"@id\":\"https:\/\/grupotorivac.com\/#website\",\"url\":\"https:\/\/grupotorivac.com\/\",\"name\":\"Torivac\",\"description\":\"Especializados en dise\u00f1o y fabricaci\u00f3n de variados de tensi\u00f3n\",\"publisher\":{\"@id\":\"https:\/\/grupotorivac.com\/#organization\"},\"alternateName\":\"Torivac S.L\",\"potentialAction\":[{\"@type\":\"SearchAction\",\"target\":{\"@type\":\"EntryPoint\",\"urlTemplate\":\"https:\/\/grupotorivac.com\/?s={search_term_string}\"},\"query-input\":{\"@type\":\"PropertyValueSpecification\",\"valueRequired\":true,\"valueName\":\"search_term_string\"}}],\"inLanguage\":\"de\"},{\"@type\":\"Organization\",\"@id\":\"https:\/\/grupotorivac.com\/#organization\",\"name\":\"Torivac\",\"alternateName\":\"Torivac S.L\",\"url\":\"https:\/\/grupotorivac.com\/\",\"logo\":{\"@type\":\"ImageObject\",\"inLanguage\":\"de\",\"@id\":\"https:\/\/grupotorivac.com\/#\/schema\/logo\/image\/\",\"url\":\"https:\/\/grupotorivac.com\/wp-content\/uploads\/2025\/02\/Diseno-sin-titulo-73.png\",\"contentUrl\":\"https:\/\/grupotorivac.com\/wp-content\/uploads\/2025\/02\/Diseno-sin-titulo-73.png\",\"width\":250,\"height\":250,\"caption\":\"Torivac\"},\"image\":{\"@id\":\"https:\/\/grupotorivac.com\/#\/schema\/logo\/image\/\"}}]}<\/script>\n<!-- \/ Yoast SEO plugin. -->","yoast_head_json":{"title":"Wendelwiderst\u00e4nde - Torivac","description":"Die spiralf\u00f6rmigen Widerst\u00e4nde erm\u00f6glichen eine gleichm\u00e4\u00dfige Stromverteilung, wodurch das Risiko von Hot Spots verringert und die Leistung verbessert wird.","robots":{"index":"index","follow":"follow","max-snippet":"max-snippet:-1","max-image-preview":"max-image-preview:large","max-video-preview":"max-video-preview:-1"},"canonical":"https:\/\/grupotorivac.com\/de\/product\/resistencias-helicoidales\/","og_locale":"de_DE","og_type":"article","og_title":"Wendelwiderst\u00e4nde - Torivac","og_description":"Die spiralf\u00f6rmigen Widerst\u00e4nde erm\u00f6glichen eine gleichm\u00e4\u00dfige Stromverteilung, wodurch das Risiko von Hot Spots verringert und die Leistung verbessert wird.","og_url":"https:\/\/grupotorivac.com\/de\/product\/resistencias-helicoidales\/","og_site_name":"Torivac","article_modified_time":"2026-03-10T07:46:09+00:00","og_image":[{"width":250,"height":250,"url":"https:\/\/grupotorivac.com\/wp-content\/uploads\/2024\/11\/helicoidal.jpg","type":"image\/jpeg"}],"twitter_card":"summary_large_image","twitter_misc":{"Gesch\u00e4tzte Lesezeit":"3\u00a0Minuten"},"schema":{"@context":"https:\/\/schema.org","@graph":[{"@type":"WebPage","@id":"https:\/\/grupotorivac.com\/de\/product\/resistencias-helicoidales\/","url":"https:\/\/grupotorivac.com\/de\/product\/resistencias-helicoidales\/","name":"Wendelwiderst\u00e4nde - Torivac","isPartOf":{"@id":"https:\/\/grupotorivac.com\/#website"},"primaryImageOfPage":{"@id":"https:\/\/grupotorivac.com\/de\/product\/resistencias-helicoidales\/#primaryimage"},"image":{"@id":"https:\/\/grupotorivac.com\/de\/product\/resistencias-helicoidales\/#primaryimage"},"thumbnailUrl":"https:\/\/grupotorivac.com\/wp-content\/uploads\/2024\/11\/helicoidal.jpg","datePublished":"2024-11-12T09:11:50+00:00","dateModified":"2026-03-10T07:46:09+00:00","description":"Die spiralf\u00f6rmigen Widerst\u00e4nde erm\u00f6glichen eine gleichm\u00e4\u00dfige Stromverteilung, wodurch das Risiko von Hot Spots verringert und die Leistung verbessert wird.","breadcrumb":{"@id":"https:\/\/grupotorivac.com\/de\/product\/resistencias-helicoidales\/#breadcrumb"},"inLanguage":"de","potentialAction":[{"@type":"ReadAction","target":["https:\/\/grupotorivac.com\/de\/product\/resistencias-helicoidales\/"]}]},{"@type":"ImageObject","inLanguage":"de","@id":"https:\/\/grupotorivac.com\/de\/product\/resistencias-helicoidales\/#primaryimage","url":"https:\/\/grupotorivac.com\/wp-content\/uploads\/2024\/11\/helicoidal.jpg","contentUrl":"https:\/\/grupotorivac.com\/wp-content\/uploads\/2024\/11\/helicoidal.jpg","width":250,"height":250,"caption":"Die spiralf\u00f6rmigen Widerst\u00e4nde sind an elektrische Infrastrukturen anpassbar. Er verf\u00fcgt \u00fcber eine korrosionsbest\u00e4ndige Beschichtung und eine optimierte Bel\u00fcftung, die f\u00fcr Anwendungen in Heizungs- und Stromnetzen entwickelt wurde."},{"@type":"BreadcrumbList","@id":"https:\/\/grupotorivac.com\/de\/product\/resistencias-helicoidales\/#breadcrumb","itemListElement":[{"@type":"ListItem","position":1,"name":"Portada","item":"https:\/\/grupotorivac.com\/de\/"},{"@type":"ListItem","position":2,"name":"Products","item":"https:\/\/grupotorivac.com\/en\/shop\/"},{"@type":"ListItem","position":3,"name":"Wendelwiderst\u00e4nde"}]},{"@type":"WebSite","@id":"https:\/\/grupotorivac.com\/#website","url":"https:\/\/grupotorivac.com\/","name":"Torivac","description":"Especializados en dise\u00f1o y fabricaci\u00f3n de variados de tensi\u00f3n","publisher":{"@id":"https:\/\/grupotorivac.com\/#organization"},"alternateName":"Torivac S.L","potentialAction":[{"@type":"SearchAction","target":{"@type":"EntryPoint","urlTemplate":"https:\/\/grupotorivac.com\/?s={search_term_string}"},"query-input":{"@type":"PropertyValueSpecification","valueRequired":true,"valueName":"search_term_string"}}],"inLanguage":"de"},{"@type":"Organization","@id":"https:\/\/grupotorivac.com\/#organization","name":"Torivac","alternateName":"Torivac S.L","url":"https:\/\/grupotorivac.com\/","logo":{"@type":"ImageObject","inLanguage":"de","@id":"https:\/\/grupotorivac.com\/#\/schema\/logo\/image\/","url":"https:\/\/grupotorivac.com\/wp-content\/uploads\/2025\/02\/Diseno-sin-titulo-73.png","contentUrl":"https:\/\/grupotorivac.com\/wp-content\/uploads\/2025\/02\/Diseno-sin-titulo-73.png","width":250,"height":250,"caption":"Torivac"},"image":{"@id":"https:\/\/grupotorivac.com\/#\/schema\/logo\/image\/"}}]}},"_links":{"self":[{"href":"https:\/\/grupotorivac.com\/de\/wp-json\/wp\/v2\/product\/15813","targetHints":{"allow":["GET"]}}],"collection":[{"href":"https:\/\/grupotorivac.com\/de\/wp-json\/wp\/v2\/product"}],"about":[{"href":"https:\/\/grupotorivac.com\/de\/wp-json\/wp\/v2\/types\/product"}],"wp:featuredmedia":[{"embeddable":true,"href":"https:\/\/grupotorivac.com\/de\/wp-json\/wp\/v2\/media\/9399"}],"wp:attachment":[{"href":"https:\/\/grupotorivac.com\/de\/wp-json\/wp\/v2\/media?parent=15813"}],"wp:term":[{"taxonomy":"product_brand","embeddable":true,"href":"https:\/\/grupotorivac.com\/de\/wp-json\/wp\/v2\/product_brand?post=15813"},{"taxonomy":"product_cat","embeddable":true,"href":"https:\/\/grupotorivac.com\/de\/wp-json\/wp\/v2\/product_cat?post=15813"},{"taxonomy":"product_tag","embeddable":true,"href":"https:\/\/grupotorivac.com\/de\/wp-json\/wp\/v2\/product_tag?post=15813"}],"curies":[{"name":"wp","href":"https:\/\/api.w.org\/{rel}","templated":true}]}}