{"id":15580,"date":"2026-01-28T14:08:43","date_gmt":"2026-01-28T14:08:43","guid":{"rendered":"https:\/\/grupotorivac.com\/product\/resistencia-en-caja\/"},"modified":"2026-01-28T14:08:43","modified_gmt":"2026-01-28T14:08:43","slug":"resistencia-en-caja","status":"publish","type":"product","link":"https:\/\/grupotorivac.com\/de\/product\/resistencia-en-caja\/","title":{"rendered":"Boxed Widerstand"},"content":{"rendered":"<p>Boxed <b>Resistors<\/b><br \/>\nBoxed Resistors spielen eine Schl\u00fcsselrolle beim Energiemanagement in industriellen Infrastrukturen und elektrischen Hochleistungssystemen. Diese Widerst\u00e4nde wurden entwickelt, um \u00fcbersch\u00fcssige Energie abzuf\u00fchren und den Strom in Schaltkreisen mit hoher Kapazit\u00e4t zu regulieren. Sie gew\u00e4hrleisten einen sicheren und effizienten Betrieb in anspruchsvollen Anwendungen.<br \/>\nIn Umgebungen, in denen gro\u00dfe Mengen an Elektrizit\u00e4t verarbeitet werden, wie z.B. in Kraftwerken, Umspannwerken und Verteilungssystemen, bietet der Einsatz eines Boxed Resistor eine \u00dcberlastkontrolle und sch\u00fctzt die Ger\u00e4te vor Spannungsschwankungen. Sein robustes Design und seine hohe thermische Kapazit\u00e4t gew\u00e4hrleisten eine stabile Leistung auch unter extremen Bedingungen und verl\u00e4ngern die Lebensdauer der elektrischen Infrastruktur.  <\/p>\n<p>Zu den Vorteilen geh\u00f6rt, dass sie helfen, den Strom zu regulieren und die Spannung zu stabilisieren, wodurch unn\u00f6tige Leistungsspitzen vermieden werden, die zu \u00fcberh\u00f6hten Stromrechnungen f\u00fchren k\u00f6nnen. Dar\u00fcber hinaus erm\u00f6glichen Boxed Resistors in Notstromsystemen und Lastb\u00e4nken die kontrollierte Entladung \u00fcbersch\u00fcssiger Energie, wodurch Verschwendung vermieden und die Betriebskapazit\u00e4t des Systems optimiert wird. <\/p>\n<p class=\"p1\"><b>Was ist ein Boxed Resistor und welche Funktionen hat er in gro\u00dfen Infrastrukturen? <\/b><\/p>\n<p>Ein Boxed Resistor ist ein elektrisches Bauteil, das Energie in Form von W\u00e4rme ableitet und als kontrollierte Last in elektrischen und industriellen Schaltkreisen fungiert. Seine Struktur ist in einem robusten Geh\u00e4use untergebracht, das in der Regel aus Aluminium oder Keramik besteht. Dadurch kann er anspruchsvollen Bedingungen wie hohen Temperaturen, Vibrationen und Feuchtigkeit standhalten.<br \/>\n\u00dcberlastungsschutz<br \/>\nWirkt als Stromregler und verhindert Sch\u00e4den an Transformatoren, Motoren und anderen kritischen Ger\u00e4ten.<br \/>\nOptimierung des Energieverbrauchs<br \/>\nGibt \u00fcbersch\u00fcssige Energie auf kontrollierte Weise ab, vermeidet Verschwendung und verbessert die Effizienz des elektrischen Systems.<br \/>\nVielseitigkeit in industriellen Anwendungen<br \/>\nWird in Lastb\u00e4nken, beim Bremsen von Motoren, beim Filtern von Oberschwingungen und beim Testen von elektrischen Ger\u00e4ten verwendet.<br \/>\nEinfache Integration in komplexe elektrische Systeme<br \/>\nDas kompakte und modulare Design erm\u00f6glicht eine einfache Installation in verschiedenen elektrischen Konfigurationen.<\/p>\n<p class=\"p1\"><b>Wie wirken sie sich auf die Energieverteilung aus?<\/b><\/p>\n<p>Sie verbessern die Stromverteilung in komplexen Geb\u00e4udestrukturen und Maschinen, indem sie den Stromfluss absorbieren und kontrollieren und so Ungleichgewichte verhindern, die zu St\u00f6rungen oder Ineffizienzen f\u00fchren k\u00f6nnen. In gro\u00dfen Geb\u00e4uden, in denen der Energiebedarf aufgrund der Nutzung von Aufz\u00fcgen, Klimaanlagen, Beleuchtung und elektronischen Ger\u00e4ten st\u00e4ndig schwankt, sorgen diese Widerst\u00e4nde f\u00fcr eine stabile Versorgung und reduzieren Spannungsspitzen, die die elektrische Infrastruktur besch\u00e4digen oder den Verbrauch unn\u00f6tig in die H\u00f6he treiben k\u00f6nnten.<br \/>\nIn der Industrie spielen sie eine wichtige Rolle bei Automatisierungsprozessen und Hochleistungsmaschinen, wo sie die Anpassung der von Elektromotoren und Steuerungssystemen verbrauchten Leistung erm\u00f6glichen. Ihre F\u00e4higkeit, \u00fcbersch\u00fcssige Energie abzuleiten, verhindert eine \u00dcberhitzung und ihr gekapseltes Design macht sie ideal f\u00fcr anspruchsvolle Umgebungen und gew\u00e4hrleistet eine zuverl\u00e4ssige Leistung auch unter schweren Bedingungen.  <\/p>\n<p class=\"p1\"><b>Torivac ist ein Unternehmen, das sich auf die Entwicklung und Herstellung von Ringkerntransformatoren und Antrieben mit variabler Spannung spezialisiert hat.<\/b><\/p>\n<p>Wir verf\u00fcgen \u00fcber fast 60 Jahre Erfahrung in der Branche, die uns zu einer Pr\u00e4senz in mehr als 30 L\u00e4ndern gef\u00fchrt hat.<br \/>\nWir verf\u00fcgen \u00fcber ein technisches Team, das die Herstellung von hochpr\u00e4zisen und effizienten Ger\u00e4ten garantiert. Unsere Arbeitsmethodik erm\u00f6glicht es uns, in jeder Phase eines Projekts fortschrittliche Simulationen durchzuf\u00fchren, um sicherzustellen, dass jedes Bauteil, von Ringspannungswandlern, Regeltransformatoren, Batterieentladern, Potentiometern und Ringbandkernen, den h\u00f6chsten Standards der Branche entspricht.<br \/>\nWir arbeiten eng mit Unternehmen zusammen, die \u00fcber eine gro\u00dfe Infrastruktur verf\u00fcgen, um ma\u00dfgeschneiderte und effiziente L\u00f6sungen zu gew\u00e4hrleisten. Wir sind bestrebt, auf die Anforderungen von Branchen wie Technologie, Energie und Automobil zu reagieren. Unser Ziel ist es, weiterhin innovativ zu sein, strategische Allianzen zu st\u00e4rken und unsere globale Reichweite zu erweitern, wobei wir stets das G\u00fctesiegel f\u00fcr Qualit\u00e4t und Exzellenz beibehalten, das uns seit unseren Anf\u00e4ngen auszeichnet.   <\/p>\n","protected":false},"excerpt":{"rendered":"<p><span data-sheets-root=\"1\">Diese Widerst\u00e4nde sind ideal f\u00fcr Anwendungen wie Antriebe mit variabler Geschwindigkeit und Frequenz, Kr\u00e4ne, Industrieautomation, Motorsteuerung, dynamisches Bremsen, erneuerbare Energien (wie Wind- und Solarenergie) und sowohl Lade- als auch Entladewiderst\u00e4nde. Das hei\u00dft, es handelt sich um ein Keramikrohr mit einem hohen Grad an W\u00e4rmeableitung und mechanischer Festigkeit in einem verzinkten Blechgeh\u00e4use der Schutzklasse IP20, das f\u00fcr eine gute Bel\u00fcftung entsprechend perforiert ist. <\/span><\/p>\n<p>Diese Art von Kastenwiderstand wird nach den vom Kunden gew\u00fcnschten Merkmalen hergestellt, wobei der Kastenwiderstand mit einem zementierten Rohrspulenwiderstand oder einem schraubenf\u00f6rmigen Rohrspulenwiderstand, einem hohen Grad an W\u00e4rmeableitung und einem &#8220;W\u00e4rmeschutz&#8221;, einem Ohmwert gem\u00e4\u00df Spezifikation und einem Gearless-Modus oder einer Silent-F\u00e4higkeit ausgestattet ist.<\/p>\n<p>Boxed-Widerst\u00e4nde erreichen aufgrund der Qualit\u00e4t ihrer Materialien und der Pr\u00e4zision, mit der sie hergestellt werden, eine lange Lebensdauer. Aus diesem Grund haben sie eine maximale Temperatur des hei\u00dfesten Punktes auf der Oberfl\u00e4che des Widerstands bei Nennleistung von 375\u00b0C und eine Arbeitsspannung von ungef\u00e4hr 1 000 VAC. <\/p>\n","protected":false},"featured_media":9395,"template":"","meta":{"_acf_changed":false},"product_brand":[],"product_cat":[479,478],"product_tag":[],"class_list":{"0":"post-15580","1":"product","2":"type-product","3":"status-publish","4":"has-post-thumbnail","6":"product_cat-boxen","7":"product_cat-widerstande-lastbanke","9":"first","10":"instock","11":"taxable","12":"shipping-taxable","13":"product-type-simple"},"acf":[],"yoast_head":"<!-- This site is optimized with the Yoast SEO plugin v27.2 - https:\/\/yoast.com\/product\/yoast-seo-wordpress\/ -->\n<title>Boxed Widerstand - Torivac<\/title>\n<meta name=\"robots\" content=\"index, follow, max-snippet:-1, max-image-preview:large, max-video-preview:-1\" \/>\n<link rel=\"canonical\" href=\"https:\/\/grupotorivac.com\/de\/product\/resistencia-en-caja\/\" \/>\n<meta property=\"og:locale\" content=\"de_DE\" \/>\n<meta property=\"og:type\" content=\"article\" \/>\n<meta property=\"og:title\" content=\"Boxed Widerstand - Torivac\" \/>\n<meta property=\"og:description\" content=\"Diese Widerst\u00e4nde sind ideal f\u00fcr Anwendungen wie Antriebe mit variabler Geschwindigkeit und Frequenz, Kr\u00e4ne, Industrieautomation, Motorsteuerung, dynamisches Bremsen, erneuerbare Energien (wie Wind- und Solarenergie) und sowohl Lade- als auch Entladewiderst\u00e4nde. Das hei\u00dft, es handelt sich um ein Keramikrohr mit einem hohen Grad an W\u00e4rmeableitung und mechanischer Festigkeit in einem verzinkten Blechgeh\u00e4use der Schutzklasse IP20, das f\u00fcr eine gute Bel\u00fcftung entsprechend perforiert ist.  Diese Art von Kastenwiderstand wird nach den vom Kunden gew\u00fcnschten Merkmalen hergestellt, wobei der Kastenwiderstand mit einem zementierten Rohrspulenwiderstand oder einem schraubenf\u00f6rmigen Rohrspulenwiderstand, einem hohen Grad an W\u00e4rmeableitung und einem &quot;W\u00e4rmeschutz&quot;, einem Ohmwert gem\u00e4\u00df Spezifikation und einem Gearless-Modus oder einer Silent-F\u00e4higkeit ausgestattet ist. Boxed-Widerst\u00e4nde erreichen aufgrund der Qualit\u00e4t ihrer Materialien und der Pr\u00e4zision, mit der sie hergestellt werden, eine lange Lebensdauer. Aus diesem Grund haben sie eine maximale Temperatur des hei\u00dfesten Punktes auf der Oberfl\u00e4che des Widerstands bei Nennleistung von 375\u00b0C und eine Arbeitsspannung von ungef\u00e4hr 1 000 VAC.\" \/>\n<meta property=\"og:url\" content=\"https:\/\/grupotorivac.com\/de\/product\/resistencia-en-caja\/\" \/>\n<meta property=\"og:site_name\" content=\"Torivac\" \/>\n<meta property=\"og:image\" content=\"https:\/\/grupotorivac.com\/wp-content\/uploads\/2024\/11\/en-caja.png\" \/>\n\t<meta property=\"og:image:width\" content=\"500\" \/>\n\t<meta property=\"og:image:height\" content=\"500\" \/>\n\t<meta property=\"og:image:type\" content=\"image\/png\" \/>\n<meta name=\"twitter:card\" content=\"summary_large_image\" \/>\n<meta name=\"twitter:label1\" content=\"Gesch\u00e4tzte Lesezeit\" \/>\n\t<meta name=\"twitter:data1\" content=\"3\u00a0Minuten\" \/>\n<script type=\"application\/ld+json\" class=\"yoast-schema-graph\">{\"@context\":\"https:\/\/schema.org\",\"@graph\":[{\"@type\":\"WebPage\",\"@id\":\"https:\/\/grupotorivac.com\/de\/product\/resistencia-en-caja\/\",\"url\":\"https:\/\/grupotorivac.com\/de\/product\/resistencia-en-caja\/\",\"name\":\"Boxed Widerstand - Torivac\",\"isPartOf\":{\"@id\":\"https:\/\/grupotorivac.com\/#website\"},\"primaryImageOfPage\":{\"@id\":\"https:\/\/grupotorivac.com\/de\/product\/resistencia-en-caja\/#primaryimage\"},\"image\":{\"@id\":\"https:\/\/grupotorivac.com\/de\/product\/resistencia-en-caja\/#primaryimage\"},\"thumbnailUrl\":\"https:\/\/grupotorivac.com\/wp-content\/uploads\/2024\/11\/en-caja.png\",\"datePublished\":\"2026-01-28T14:08:43+00:00\",\"breadcrumb\":{\"@id\":\"https:\/\/grupotorivac.com\/de\/product\/resistencia-en-caja\/#breadcrumb\"},\"inLanguage\":\"de\",\"potentialAction\":[{\"@type\":\"ReadAction\",\"target\":[\"https:\/\/grupotorivac.com\/de\/product\/resistencia-en-caja\/\"]}]},{\"@type\":\"ImageObject\",\"inLanguage\":\"de\",\"@id\":\"https:\/\/grupotorivac.com\/de\/product\/resistencia-en-caja\/#primaryimage\",\"url\":\"https:\/\/grupotorivac.com\/wp-content\/uploads\/2024\/11\/en-caja.png\",\"contentUrl\":\"https:\/\/grupotorivac.com\/wp-content\/uploads\/2024\/11\/en-caja.png\",\"width\":500,\"height\":500,\"caption\":\"Widerst\u00e4nde in Boxen\"},{\"@type\":\"BreadcrumbList\",\"@id\":\"https:\/\/grupotorivac.com\/de\/product\/resistencia-en-caja\/#breadcrumb\",\"itemListElement\":[{\"@type\":\"ListItem\",\"position\":1,\"name\":\"Portada\",\"item\":\"https:\/\/grupotorivac.com\/de\/\"},{\"@type\":\"ListItem\",\"position\":2,\"name\":\"Products\",\"item\":\"https:\/\/grupotorivac.com\/en\/shop\/\"},{\"@type\":\"ListItem\",\"position\":3,\"name\":\"Boxed Widerstand\"}]},{\"@type\":\"WebSite\",\"@id\":\"https:\/\/grupotorivac.com\/#website\",\"url\":\"https:\/\/grupotorivac.com\/\",\"name\":\"Torivac\",\"description\":\"Especializados en dise\u00f1o y fabricaci\u00f3n de variados de tensi\u00f3n\",\"publisher\":{\"@id\":\"https:\/\/grupotorivac.com\/#organization\"},\"alternateName\":\"Torivac S.L\",\"potentialAction\":[{\"@type\":\"SearchAction\",\"target\":{\"@type\":\"EntryPoint\",\"urlTemplate\":\"https:\/\/grupotorivac.com\/?s={search_term_string}\"},\"query-input\":{\"@type\":\"PropertyValueSpecification\",\"valueRequired\":true,\"valueName\":\"search_term_string\"}}],\"inLanguage\":\"de\"},{\"@type\":\"Organization\",\"@id\":\"https:\/\/grupotorivac.com\/#organization\",\"name\":\"Torivac\",\"alternateName\":\"Torivac S.L\",\"url\":\"https:\/\/grupotorivac.com\/\",\"logo\":{\"@type\":\"ImageObject\",\"inLanguage\":\"de\",\"@id\":\"https:\/\/grupotorivac.com\/#\/schema\/logo\/image\/\",\"url\":\"https:\/\/grupotorivac.com\/wp-content\/uploads\/2025\/02\/Diseno-sin-titulo-73.png\",\"contentUrl\":\"https:\/\/grupotorivac.com\/wp-content\/uploads\/2025\/02\/Diseno-sin-titulo-73.png\",\"width\":250,\"height\":250,\"caption\":\"Torivac\"},\"image\":{\"@id\":\"https:\/\/grupotorivac.com\/#\/schema\/logo\/image\/\"}}]}<\/script>\n<!-- \/ Yoast SEO plugin. -->","yoast_head_json":{"title":"Boxed Widerstand - Torivac","robots":{"index":"index","follow":"follow","max-snippet":"max-snippet:-1","max-image-preview":"max-image-preview:large","max-video-preview":"max-video-preview:-1"},"canonical":"https:\/\/grupotorivac.com\/de\/product\/resistencia-en-caja\/","og_locale":"de_DE","og_type":"article","og_title":"Boxed Widerstand - Torivac","og_description":"Diese Widerst\u00e4nde sind ideal f\u00fcr Anwendungen wie Antriebe mit variabler Geschwindigkeit und Frequenz, Kr\u00e4ne, Industrieautomation, Motorsteuerung, dynamisches Bremsen, erneuerbare Energien (wie Wind- und Solarenergie) und sowohl Lade- als auch Entladewiderst\u00e4nde. Das hei\u00dft, es handelt sich um ein Keramikrohr mit einem hohen Grad an W\u00e4rmeableitung und mechanischer Festigkeit in einem verzinkten Blechgeh\u00e4use der Schutzklasse IP20, das f\u00fcr eine gute Bel\u00fcftung entsprechend perforiert ist.  Diese Art von Kastenwiderstand wird nach den vom Kunden gew\u00fcnschten Merkmalen hergestellt, wobei der Kastenwiderstand mit einem zementierten Rohrspulenwiderstand oder einem schraubenf\u00f6rmigen Rohrspulenwiderstand, einem hohen Grad an W\u00e4rmeableitung und einem \"W\u00e4rmeschutz\", einem Ohmwert gem\u00e4\u00df Spezifikation und einem Gearless-Modus oder einer Silent-F\u00e4higkeit ausgestattet ist. Boxed-Widerst\u00e4nde erreichen aufgrund der Qualit\u00e4t ihrer Materialien und der Pr\u00e4zision, mit der sie hergestellt werden, eine lange Lebensdauer. Aus diesem Grund haben sie eine maximale Temperatur des hei\u00dfesten Punktes auf der Oberfl\u00e4che des Widerstands bei Nennleistung von 375\u00b0C und eine Arbeitsspannung von ungef\u00e4hr 1 000 VAC.","og_url":"https:\/\/grupotorivac.com\/de\/product\/resistencia-en-caja\/","og_site_name":"Torivac","og_image":[{"width":500,"height":500,"url":"https:\/\/grupotorivac.com\/wp-content\/uploads\/2024\/11\/en-caja.png","type":"image\/png"}],"twitter_card":"summary_large_image","twitter_misc":{"Gesch\u00e4tzte Lesezeit":"3\u00a0Minuten"},"schema":{"@context":"https:\/\/schema.org","@graph":[{"@type":"WebPage","@id":"https:\/\/grupotorivac.com\/de\/product\/resistencia-en-caja\/","url":"https:\/\/grupotorivac.com\/de\/product\/resistencia-en-caja\/","name":"Boxed Widerstand - Torivac","isPartOf":{"@id":"https:\/\/grupotorivac.com\/#website"},"primaryImageOfPage":{"@id":"https:\/\/grupotorivac.com\/de\/product\/resistencia-en-caja\/#primaryimage"},"image":{"@id":"https:\/\/grupotorivac.com\/de\/product\/resistencia-en-caja\/#primaryimage"},"thumbnailUrl":"https:\/\/grupotorivac.com\/wp-content\/uploads\/2024\/11\/en-caja.png","datePublished":"2026-01-28T14:08:43+00:00","breadcrumb":{"@id":"https:\/\/grupotorivac.com\/de\/product\/resistencia-en-caja\/#breadcrumb"},"inLanguage":"de","potentialAction":[{"@type":"ReadAction","target":["https:\/\/grupotorivac.com\/de\/product\/resistencia-en-caja\/"]}]},{"@type":"ImageObject","inLanguage":"de","@id":"https:\/\/grupotorivac.com\/de\/product\/resistencia-en-caja\/#primaryimage","url":"https:\/\/grupotorivac.com\/wp-content\/uploads\/2024\/11\/en-caja.png","contentUrl":"https:\/\/grupotorivac.com\/wp-content\/uploads\/2024\/11\/en-caja.png","width":500,"height":500,"caption":"Widerst\u00e4nde in Boxen"},{"@type":"BreadcrumbList","@id":"https:\/\/grupotorivac.com\/de\/product\/resistencia-en-caja\/#breadcrumb","itemListElement":[{"@type":"ListItem","position":1,"name":"Portada","item":"https:\/\/grupotorivac.com\/de\/"},{"@type":"ListItem","position":2,"name":"Products","item":"https:\/\/grupotorivac.com\/en\/shop\/"},{"@type":"ListItem","position":3,"name":"Boxed Widerstand"}]},{"@type":"WebSite","@id":"https:\/\/grupotorivac.com\/#website","url":"https:\/\/grupotorivac.com\/","name":"Torivac","description":"Especializados en dise\u00f1o y fabricaci\u00f3n de variados de tensi\u00f3n","publisher":{"@id":"https:\/\/grupotorivac.com\/#organization"},"alternateName":"Torivac S.L","potentialAction":[{"@type":"SearchAction","target":{"@type":"EntryPoint","urlTemplate":"https:\/\/grupotorivac.com\/?s={search_term_string}"},"query-input":{"@type":"PropertyValueSpecification","valueRequired":true,"valueName":"search_term_string"}}],"inLanguage":"de"},{"@type":"Organization","@id":"https:\/\/grupotorivac.com\/#organization","name":"Torivac","alternateName":"Torivac S.L","url":"https:\/\/grupotorivac.com\/","logo":{"@type":"ImageObject","inLanguage":"de","@id":"https:\/\/grupotorivac.com\/#\/schema\/logo\/image\/","url":"https:\/\/grupotorivac.com\/wp-content\/uploads\/2025\/02\/Diseno-sin-titulo-73.png","contentUrl":"https:\/\/grupotorivac.com\/wp-content\/uploads\/2025\/02\/Diseno-sin-titulo-73.png","width":250,"height":250,"caption":"Torivac"},"image":{"@id":"https:\/\/grupotorivac.com\/#\/schema\/logo\/image\/"}}]}},"_links":{"self":[{"href":"https:\/\/grupotorivac.com\/de\/wp-json\/wp\/v2\/product\/15580","targetHints":{"allow":["GET"]}}],"collection":[{"href":"https:\/\/grupotorivac.com\/de\/wp-json\/wp\/v2\/product"}],"about":[{"href":"https:\/\/grupotorivac.com\/de\/wp-json\/wp\/v2\/types\/product"}],"wp:featuredmedia":[{"embeddable":true,"href":"https:\/\/grupotorivac.com\/de\/wp-json\/wp\/v2\/media\/9395"}],"wp:attachment":[{"href":"https:\/\/grupotorivac.com\/de\/wp-json\/wp\/v2\/media?parent=15580"}],"wp:term":[{"taxonomy":"product_brand","embeddable":true,"href":"https:\/\/grupotorivac.com\/de\/wp-json\/wp\/v2\/product_brand?post=15580"},{"taxonomy":"product_cat","embeddable":true,"href":"https:\/\/grupotorivac.com\/de\/wp-json\/wp\/v2\/product_cat?post=15580"},{"taxonomy":"product_tag","embeddable":true,"href":"https:\/\/grupotorivac.com\/de\/wp-json\/wp\/v2\/product_tag?post=15580"}],"curies":[{"name":"wp","href":"https:\/\/api.w.org\/{rel}","templated":true}]}}