{"id":15832,"date":"2024-06-25T14:27:50","date_gmt":"2024-06-25T14:27:50","guid":{"rendered":"https:\/\/grupotorivac.com\/blog\/"},"modified":"2026-03-13T14:28:12","modified_gmt":"2026-03-13T14:28:12","slug":"blog","status":"publish","type":"page","link":"https:\/\/grupotorivac.com\/de\/blog\/","title":{"rendered":"Torivac_Blog"},"content":{"rendered":"\t\t<div data-elementor-type=\"wp-page\" data-elementor-id=\"15832\" class=\"elementor elementor-15832 elementor-15801\" data-elementor-post-type=\"page\">\n\t\t\t\t<div class=\"elementor-element elementor-element-f4fc3be e-flex e-con-boxed e-con e-parent\" data-id=\"f4fc3be\" data-element_type=\"container\" data-e-type=\"container\">\n\t\t\t\t\t<div class=\"e-con-inner\">\n\t\t\t\t<div class=\"elementor-element elementor-element-9eb1f77 elementor-widget elementor-widget-html\" data-id=\"9eb1f77\" data-element_type=\"widget\" data-e-type=\"widget\" data-widget_type=\"html.default\">\n\t\t\t\t<div class=\"elementor-widget-container\">\n\t\t\t\t\t<style>.torivac-blog-grid{\n  display:grid;\n  grid-template-columns:repeat(3,1fr);\n  gap:24px;\n}\n.torivac-blog-card{\n  background:#fff;\n  border:1px solid #eee;\n  overflow:hidden;\n  border: 1px solid #e5e5e5;\n    border-radius: 10px;\n    padding: 18px;\n    box-shadow: 0 2px 6px rgba(0, 0, 0, .08);\n    transition: transform .25s ease, box-shadow .25s ease, border-color .25s ease;\n}\n.torivac-blog-thumb{\n  display:block;\n  aspect-ratio:16\/9;\n  overflow:hidden;\n}\n.torivac-blog-thumb img{\n  width:100%;\n  height:100%;\n  object-fit:cover;\n  display:block;\n}\n.torivac-blog-body{ padding:14px; }\n.torivac-blog-date{ font-size:12px; opacity:.7; margin-bottom:6px; }\n.torivac-blog-title{ margin:0; font-size:16px; line-height:1.3; }\n.torivac-blog-title a{ text-decoration:none; color:inherit; }\n\n.torivac-blog-pagination ul{\n  list-style:none;\n  display:flex;\n  gap:8px;\n  justify-content:center;\n  padding:18px 0 0;\n  margin:0;\n}\n.torivac-blog-pagination a,\n.torivac-blog-pagination span{\n  display:inline-block;\n  padding:8px 12px;\n  border:1px solid #ddd;\n  border-radius:8px;\n}\n.torivac-blog-pagination .current{\n  font-weight:700;\n}\n@media(max-width:900px){ .torivac-blog-grid{ grid-template-columns:repeat(2,1fr);} }\n@media(max-width:560px){ .torivac-blog-grid{ grid-template-columns:1fr;} }\n\n\n\n<\/style>\t\t\t\t<\/div>\n\t\t\t\t<\/div>\n\t\t\t\t<div class=\"elementor-element elementor-element-49dac94 elementor-widget elementor-widget-mfn_blog\" data-id=\"49dac94\" data-element_type=\"widget\" data-e-type=\"widget\" data-widget_type=\"mfn_blog.default\">\n\t\t\t\t<div class=\"elementor-widget-container\">\n\t\t\t\t\t<div class=\"column_filters\"><div class=\"blog_wrapper isotope_wrapper clearfix\"><div class=\"posts_group lm_wrapper col- classic\"><div class=\"post-item isotope-item clearfix post-16147 post type-post status-publish format-standard has-post-thumbnail hentry category-blog\" style=\"\"><div class=\"date_label\">29. Dezember 2025<\/div><div class=\"image_frame post-photo-wrapper scale-with-grid image\"><div class=\"image_wrapper\"><a href=\"https:\/\/grupotorivac.com\/de\/normativas-sobre-transformadores-electricos-en-europa\/\"><div class=\"mask\"><\/div><img fetchpriority=\"high\" decoding=\"async\" width=\"960\" height=\"720\" src=\"https:\/\/grupotorivac.com\/wp-content\/uploads\/2025\/12\/Transformador_normativas-internacionales-960x720.jpg\" class=\"scale-with-grid wp-post-image\" alt=\"\" \/><\/a><div class=\"image_links double\"><a href=\"https:\/\/grupotorivac.com\/wp-content\/uploads\/2025\/12\/Transformador_normativas-internacionales-1024x585.jpg\" class=\"zoom\" rel=\"prettyphoto\"><i class=\"icon-search\"><\/i><\/a><a href=\"https:\/\/grupotorivac.com\/de\/normativas-sobre-transformadores-electricos-en-europa\/\" class=\"link\"><i class=\"icon-link\"><\/i><\/a><\/div><\/div><\/div><div class=\"post-desc-wrapper bg-\" style=\"\"><div class=\"post-desc\"><div class=\"post-head\"><div class=\"post-meta clearfix\"><div class=\"author-date\"><span class=\"date\"><i class=\"icon-clock\"><\/i> <span class=\"post-date updated\">29. Dezember 2025<\/span><\/span><\/div><\/div><\/div><div class=\"post-title\"><h2 class=\"entry-title\" itemprop=\"headline\"><a href=\"https:\/\/grupotorivac.com\/de\/normativas-sobre-transformadores-electricos-en-europa\/\">Vorschriften f\u00fcr elektrische Transformatoren in Europa<\/a><\/h2><\/div><div class=\"post-excerpt\">Elektrische Transformatoren und technische Vorschriften in Spanien und Europa Der europ\u00e4ische Elektrizit\u00e4tssektor, mit besonderem Augenmerk auf L\u00e4ndern wie Spanien, wird im Hinblick auf den sicheren und<span class=\"excerpt-hellip\"> [\u2026]<\/span><\/div><div class=\"post-footer\"><div class=\"button-love\"><span class=\"love-text\">Do you like it?<\/span><a href=\"#\" class=\"mfn-love \" data-id=\"16147\"><span class=\"icons-wrapper\"><i class=\"icon-heart-empty-fa\"><\/i><i class=\"icon-heart-fa\"><\/i><\/span><span class=\"label\">0<\/span><\/a><\/div><div class=\"post-links\"><i class=\"icon-doc-text\"><\/i> <a href=\"https:\/\/grupotorivac.com\/de\/normativas-sobre-transformadores-electricos-en-europa\/\" class=\"post-more\">Leer m\u00e1s<\/a><\/div><\/div><\/div><\/div><\/div><\/div><\/div>\n<\/div>\n\t\t\t\t<\/div>\n\t\t\t\t<\/div>\n\t\t\t\t\t<\/div>\n\t\t\t\t<\/div>\n\t\t<div class=\"elementor-element elementor-element-260dc83 e-flex e-con-boxed e-con e-parent\" data-id=\"260dc83\" data-element_type=\"container\" data-e-type=\"container\">\n\t\t\t\t\t<div class=\"e-con-inner\">\n\t\t\t\t<div class=\"elementor-element elementor-element-bad8e7c elementor-widget elementor-widget-shortcode\" data-id=\"bad8e7c\" data-element_type=\"widget\" data-e-type=\"widget\" data-widget_type=\"shortcode.default\">\n\t\t\t\t<div class=\"elementor-widget-container\">\n\t\t\t\t\t\t\t<div class=\"elementor-shortcode\"><div class=\"torivac-blog-grid\"><article class=\"torivac-blog-card\"><a class=\"torivac-blog-thumb\" href=\"https:\/\/grupotorivac.com\/de\/mantenimiento-de-transformadores-electricos\/\"><img decoding=\"async\" src=\"https:\/\/grupotorivac.com\/wp-content\/uploads\/2025\/12\/Transformador_Mantenimiento.jpg\" alt=\"Wartung von elektrischen Transformatoren\"><\/a><div class=\"torivac-blog-body\"><div class=\"torivac-blog-date\">29. Dezember 2025<\/div><h3 class=\"torivac-blog-title\"><a href=\"https:\/\/grupotorivac.com\/de\/mantenimiento-de-transformadores-electricos\/\">Wartung von elektrischen Transformatoren<\/a><\/h3><\/div><\/article><article class=\"torivac-blog-card\"><a class=\"torivac-blog-thumb\" href=\"https:\/\/grupotorivac.com\/de\/como-extender-la-vida-util-de-un-transformador\/\"><img decoding=\"async\" src=\"https:\/\/grupotorivac.com\/wp-content\/uploads\/2025\/12\/Transformador_VidaUtil-1024x768.jpg\" alt=\"Wie Sie die Lebensdauer eines Transformators verl\u00e4ngern k\u00f6nnen\"><\/a><div class=\"torivac-blog-body\"><div class=\"torivac-blog-date\">29. Dezember 2025<\/div><h3 class=\"torivac-blog-title\"><a href=\"https:\/\/grupotorivac.com\/de\/como-extender-la-vida-util-de-un-transformador\/\">Wie Sie die Lebensdauer eines Transformators verl\u00e4ngern k\u00f6nnen<\/a><\/h3><\/div><\/article><article class=\"torivac-blog-card\"><a class=\"torivac-blog-thumb\" href=\"https:\/\/grupotorivac.com\/de\/impacto-medioambiental-de-los-transformadores-hoy\/\"><img decoding=\"async\" src=\"https:\/\/grupotorivac.com\/wp-content\/uploads\/2025\/12\/Transformador_medioambiental-1024x576.jpg\" alt=\"Umweltauswirkungen von Transformatoren heute\"><\/a><div class=\"torivac-blog-body\"><div class=\"torivac-blog-date\">29. Dezember 2025<\/div><h3 class=\"torivac-blog-title\"><a href=\"https:\/\/grupotorivac.com\/de\/impacto-medioambiental-de-los-transformadores-hoy\/\">Umweltauswirkungen von Transformatoren heute<\/a><\/h3><\/div><\/article><article class=\"torivac-blog-card\"><a class=\"torivac-blog-thumb\" href=\"https:\/\/grupotorivac.com\/de\/funcionamiento-de-un-transformador-en-la-industria\/\"><img decoding=\"async\" src=\"https:\/\/grupotorivac.com\/wp-content\/uploads\/2025\/12\/Funcionamiento_Transformador-thumb-1-1024x1024.png\" alt=\"Wie ein Transformator funktioniert: Schl\u00fcssel zu Ihrem Projekt\"><\/a><div class=\"torivac-blog-body\"><div class=\"torivac-blog-date\">29. Dezember 2025<\/div><h3 class=\"torivac-blog-title\"><a href=\"https:\/\/grupotorivac.com\/de\/funcionamiento-de-un-transformador-en-la-industria\/\">Wie ein Transformator funktioniert: Schl\u00fcssel zu Ihrem Projekt<\/a><\/h3><\/div><\/article><article class=\"torivac-blog-card\"><a class=\"torivac-blog-thumb\" href=\"https:\/\/grupotorivac.com\/de\/seguridad-en-el-uso-de-transformadores\/\"><img decoding=\"async\" src=\"https:\/\/grupotorivac.com\/wp-content\/uploads\/2025\/12\/seguridad_transformadores.jpg\" alt=\"Sicherheit bei der Verwendung von Transformatoren\"><\/a><div class=\"torivac-blog-body\"><div class=\"torivac-blog-date\">20. Dezember 2025<\/div><h3 class=\"torivac-blog-title\"><a href=\"https:\/\/grupotorivac.com\/de\/seguridad-en-el-uso-de-transformadores\/\">Sicherheit bei der Verwendung von Transformatoren<\/a><\/h3><\/div><\/article><article class=\"torivac-blog-card\"><a class=\"torivac-blog-thumb\" href=\"https:\/\/grupotorivac.com\/de\/limites-de-un-transformador-y-como-afectan-su-rendimiento\/\"><img decoding=\"async\" src=\"https:\/\/grupotorivac.com\/wp-content\/uploads\/2025\/12\/Limites_transformador-1024x768.jpg\" alt=\"Die Grenzen eines Transformators und wie sie seine Leistung beeinflussen\"><\/a><div class=\"torivac-blog-body\"><div class=\"torivac-blog-date\">20. Dezember 2025<\/div><h3 class=\"torivac-blog-title\"><a href=\"https:\/\/grupotorivac.com\/de\/limites-de-un-transformador-y-como-afectan-su-rendimiento\/\">Die Grenzen eines Transformators und wie sie seine Leistung beeinflussen<\/a><\/h3><\/div><\/article><article class=\"torivac-blog-card\"><a class=\"torivac-blog-thumb\" href=\"https:\/\/grupotorivac.com\/de\/fallos-comunes-en-transformadores-y-sus-soluciones-efectivas\/\"><img decoding=\"async\" src=\"https:\/\/grupotorivac.com\/wp-content\/uploads\/2025\/12\/Fallos_transformador.jpg\" alt=\"H\u00e4ufige Transformatorfehler und ihre effektiven L\u00f6sungen\"><\/a><div class=\"torivac-blog-body\"><div class=\"torivac-blog-date\">20. Dezember 2025<\/div><h3 class=\"torivac-blog-title\"><a href=\"https:\/\/grupotorivac.com\/de\/fallos-comunes-en-transformadores-y-sus-soluciones-efectivas\/\">H\u00e4ufige Transformatorfehler und ihre effektiven L\u00f6sungen<\/a><\/h3><\/div><\/article><article class=\"torivac-blog-card\"><a class=\"torivac-blog-thumb\" href=\"https:\/\/grupotorivac.com\/de\/eficiencia-de-los-transformadores-clave-en-europa\/\"><img decoding=\"async\" src=\"https:\/\/grupotorivac.com\/wp-content\/uploads\/2025\/12\/Eficiencia_transformadores-1024x683.jpg\" alt=\"Effizienz von Transformatoren: der Schl\u00fcssel in Europa\"><\/a><div class=\"torivac-blog-body\"><div class=\"torivac-blog-date\">20. Dezember 2025<\/div><h3 class=\"torivac-blog-title\"><a href=\"https:\/\/grupotorivac.com\/de\/eficiencia-de-los-transformadores-clave-en-europa\/\">Effizienz von Transformatoren: der Schl\u00fcssel in Europa<\/a><\/h3><\/div><\/article><article class=\"torivac-blog-card\"><a class=\"torivac-blog-thumb\" href=\"https:\/\/grupotorivac.com\/de\/como-se-mejora-un-transformador-con-tecnicas-expertas\/\"><img decoding=\"async\" src=\"https:\/\/grupotorivac.com\/wp-content\/uploads\/2025\/12\/mejorar_transformadores.jpg\" alt=\"Aufr\u00fcstung eines Transformators mit Experten-Techniken\"><\/a><div class=\"torivac-blog-body\"><div class=\"torivac-blog-date\">20. Dezember 2025<\/div><h3 class=\"torivac-blog-title\"><a href=\"https:\/\/grupotorivac.com\/de\/como-se-mejora-un-transformador-con-tecnicas-expertas\/\">Aufr\u00fcstung eines Transformators mit Experten-Techniken<\/a><\/h3><\/div><\/article><\/div><nav class=\"torivac-blog-pagination\"><ul class='page-numbers'>\n\t<li><span aria-label=\"Seite 1\" aria-current=\"page\" class=\"page-numbers current\">1<\/span><\/li>\n\t<li><a aria-label=\"Seite 2\" class=\"page-numbers\" href=\"https:\/\/grupotorivac.com\/de\/wp-json\/wp\/v2\/pages\/15832\/page\/2\/\">2<\/a><\/li>\n\t<li><a aria-label=\"Seite 3\" class=\"page-numbers\" href=\"https:\/\/grupotorivac.com\/de\/wp-json\/wp\/v2\/pages\/15832\/page\/3\/\">3<\/a><\/li>\n\t<li><a class=\"next page-numbers\" href=\"https:\/\/grupotorivac.com\/de\/wp-json\/wp\/v2\/pages\/15832\/page\/2\/\">\u00bb<\/a><\/li>\n<\/ul>\n<\/nav>\n<\/div>\n\t\t\t\t\t\t<\/div>\n\t\t\t\t<\/div>\n\t\t\t\t\t<\/div>\n\t\t\t\t<\/div>\n\t\t\t\t<\/div>\n\t\t","protected":false},"excerpt":{"rendered":"<p>diciembre 29, 2025 diciembre 29, 2025 Normativas sobre transformadores el\u00e9ctricos en Europa Transformadores el\u00e9ctricos y regulaciones t\u00e9cnicas en espa\u00f1a y europa El sector el\u00e9ctrico europeo, con<span class=\"excerpt-hellip\"> [\u2026]<\/span><\/p>\n","protected":false},"author":3,"featured_media":0,"parent":0,"menu_order":0,"comment_status":"closed","ping_status":"closed","template":"","meta":{"_acf_changed":false,"footnotes":""},"class_list":["post-15832","page","type-page","status-publish","hentry"],"acf":[],"yoast_head":"<!-- This site is optimized with the Yoast SEO plugin v27.2 - https:\/\/yoast.com\/product\/yoast-seo-wordpress\/ -->\n<title>Torivac Gruppe - Blog<\/title>\n<meta name=\"description\" content=\"%\" \/>\n<meta name=\"robots\" content=\"index, follow, max-snippet:-1, max-image-preview:large, max-video-preview:-1\" \/>\n<link rel=\"canonical\" href=\"https:\/\/grupotorivac.com\/de\/blog\/\" \/>\n<meta property=\"og:locale\" content=\"de_DE\" \/>\n<meta property=\"og:type\" content=\"article\" \/>\n<meta property=\"og:title\" content=\"Torivac Gruppe - Blog\" \/>\n<meta property=\"og:description\" content=\"%\" \/>\n<meta property=\"og:url\" content=\"https:\/\/grupotorivac.com\/de\/blog\/\" \/>\n<meta property=\"og:site_name\" content=\"Torivac\" \/>\n<meta property=\"article:modified_time\" content=\"2026-03-13T14:28:12+00:00\" \/>\n<meta property=\"og:image\" content=\"https:\/\/grupotorivac.com\/wp-content\/uploads\/2025\/12\/Transformador_normativas-internacionales-960x720.jpg\" \/>\n<meta name=\"twitter:card\" content=\"summary_large_image\" \/>\n<script type=\"application\/ld+json\" class=\"yoast-schema-graph\">{\"@context\":\"https:\/\/schema.org\",\"@graph\":[{\"@type\":[\"Article\",\"BlogPosting\"],\"@id\":\"https:\/\/grupotorivac.com\/de\/blog\/#article\",\"isPartOf\":{\"@id\":\"https:\/\/grupotorivac.com\/de\/blog\/\"},\"author\":{\"name\":\"Franco Santiso\",\"@id\":\"https:\/\/grupotorivac.com\/#\/schema\/person\/66a7a9ac227ee4c0306e33ff34be3c24\"},\"headline\":\"Torivac_Blog\",\"datePublished\":\"2024-06-25T14:27:50+00:00\",\"dateModified\":\"2026-03-13T14:28:12+00:00\",\"mainEntityOfPage\":{\"@id\":\"https:\/\/grupotorivac.com\/de\/blog\/\"},\"wordCount\":56,\"publisher\":{\"@id\":\"https:\/\/grupotorivac.com\/#organization\"},\"image\":{\"@id\":\"https:\/\/grupotorivac.com\/de\/blog\/#primaryimage\"},\"thumbnailUrl\":\"https:\/\/grupotorivac.com\/wp-content\/uploads\/2025\/12\/Transformador_normativas-internacionales-960x720.jpg\",\"inLanguage\":\"de\"},{\"@type\":\"WebPage\",\"@id\":\"https:\/\/grupotorivac.com\/de\/blog\/\",\"url\":\"https:\/\/grupotorivac.com\/de\/blog\/\",\"name\":\"Torivac Gruppe - Blog\",\"isPartOf\":{\"@id\":\"https:\/\/grupotorivac.com\/#website\"},\"primaryImageOfPage\":{\"@id\":\"https:\/\/grupotorivac.com\/de\/blog\/#primaryimage\"},\"image\":{\"@id\":\"https:\/\/grupotorivac.com\/de\/blog\/#primaryimage\"},\"thumbnailUrl\":\"https:\/\/grupotorivac.com\/wp-content\/uploads\/2025\/12\/Transformador_normativas-internacionales-960x720.jpg\",\"datePublished\":\"2024-06-25T14:27:50+00:00\",\"dateModified\":\"2026-03-13T14:28:12+00:00\",\"description\":\"%\",\"breadcrumb\":{\"@id\":\"https:\/\/grupotorivac.com\/de\/blog\/#breadcrumb\"},\"inLanguage\":\"de\",\"potentialAction\":[{\"@type\":\"ReadAction\",\"target\":[\"https:\/\/grupotorivac.com\/de\/blog\/\"]}]},{\"@type\":\"ImageObject\",\"inLanguage\":\"de\",\"@id\":\"https:\/\/grupotorivac.com\/de\/blog\/#primaryimage\",\"url\":\"https:\/\/grupotorivac.com\/wp-content\/uploads\/2025\/12\/Transformador_normativas-internacionales-960x720.jpg\",\"contentUrl\":\"https:\/\/grupotorivac.com\/wp-content\/uploads\/2025\/12\/Transformador_normativas-internacionales-960x720.jpg\"},{\"@type\":\"BreadcrumbList\",\"@id\":\"https:\/\/grupotorivac.com\/de\/blog\/#breadcrumb\",\"itemListElement\":[{\"@type\":\"ListItem\",\"position\":1,\"name\":\"Portada\",\"item\":\"https:\/\/grupotorivac.com\/de\/\"},{\"@type\":\"ListItem\",\"position\":2,\"name\":\"Torivac_Blog\"}]},{\"@type\":\"WebSite\",\"@id\":\"https:\/\/grupotorivac.com\/#website\",\"url\":\"https:\/\/grupotorivac.com\/\",\"name\":\"Torivac\",\"description\":\"Especializados en dise\u00f1o y fabricaci\u00f3n de variados de tensi\u00f3n\",\"publisher\":{\"@id\":\"https:\/\/grupotorivac.com\/#organization\"},\"alternateName\":\"Torivac S.L\",\"potentialAction\":[{\"@type\":\"SearchAction\",\"target\":{\"@type\":\"EntryPoint\",\"urlTemplate\":\"https:\/\/grupotorivac.com\/?s={search_term_string}\"},\"query-input\":{\"@type\":\"PropertyValueSpecification\",\"valueRequired\":true,\"valueName\":\"search_term_string\"}}],\"inLanguage\":\"de\"},{\"@type\":\"Organization\",\"@id\":\"https:\/\/grupotorivac.com\/#organization\",\"name\":\"Torivac\",\"alternateName\":\"Torivac S.L\",\"url\":\"https:\/\/grupotorivac.com\/\",\"logo\":{\"@type\":\"ImageObject\",\"inLanguage\":\"de\",\"@id\":\"https:\/\/grupotorivac.com\/#\/schema\/logo\/image\/\",\"url\":\"https:\/\/grupotorivac.com\/wp-content\/uploads\/2025\/02\/Diseno-sin-titulo-73.png\",\"contentUrl\":\"https:\/\/grupotorivac.com\/wp-content\/uploads\/2025\/02\/Diseno-sin-titulo-73.png\",\"width\":250,\"height\":250,\"caption\":\"Torivac\"},\"image\":{\"@id\":\"https:\/\/grupotorivac.com\/#\/schema\/logo\/image\/\"}},{\"@type\":\"Person\",\"@id\":\"https:\/\/grupotorivac.com\/#\/schema\/person\/66a7a9ac227ee4c0306e33ff34be3c24\",\"name\":\"Franco Santiso\",\"image\":{\"@type\":\"ImageObject\",\"inLanguage\":\"de\",\"@id\":\"https:\/\/secure.gravatar.com\/avatar\/3e691e40ad87da5eb1e273b36578b364bae76a43c3de9c1754bae6b45966b3f4?s=96&d=mm&r=g\",\"url\":\"https:\/\/secure.gravatar.com\/avatar\/3e691e40ad87da5eb1e273b36578b364bae76a43c3de9c1754bae6b45966b3f4?s=96&d=mm&r=g\",\"contentUrl\":\"https:\/\/secure.gravatar.com\/avatar\/3e691e40ad87da5eb1e273b36578b364bae76a43c3de9c1754bae6b45966b3f4?s=96&d=mm&r=g\",\"caption\":\"Franco Santiso\"},\"url\":\"https:\/\/grupotorivac.com\/de\/author\/francoadm\/\"}]}<\/script>\n<!-- \/ Yoast SEO plugin. -->","yoast_head_json":{"title":"Torivac Gruppe - Blog","description":"%","robots":{"index":"index","follow":"follow","max-snippet":"max-snippet:-1","max-image-preview":"max-image-preview:large","max-video-preview":"max-video-preview:-1"},"canonical":"https:\/\/grupotorivac.com\/de\/blog\/","og_locale":"de_DE","og_type":"article","og_title":"Torivac Gruppe - Blog","og_description":"%","og_url":"https:\/\/grupotorivac.com\/de\/blog\/","og_site_name":"Torivac","article_modified_time":"2026-03-13T14:28:12+00:00","og_image":[{"url":"https:\/\/grupotorivac.com\/wp-content\/uploads\/2025\/12\/Transformador_normativas-internacionales-960x720.jpg","type":"","width":"","height":""}],"twitter_card":"summary_large_image","schema":{"@context":"https:\/\/schema.org","@graph":[{"@type":["Article","BlogPosting"],"@id":"https:\/\/grupotorivac.com\/de\/blog\/#article","isPartOf":{"@id":"https:\/\/grupotorivac.com\/de\/blog\/"},"author":{"name":"Franco Santiso","@id":"https:\/\/grupotorivac.com\/#\/schema\/person\/66a7a9ac227ee4c0306e33ff34be3c24"},"headline":"Torivac_Blog","datePublished":"2024-06-25T14:27:50+00:00","dateModified":"2026-03-13T14:28:12+00:00","mainEntityOfPage":{"@id":"https:\/\/grupotorivac.com\/de\/blog\/"},"wordCount":56,"publisher":{"@id":"https:\/\/grupotorivac.com\/#organization"},"image":{"@id":"https:\/\/grupotorivac.com\/de\/blog\/#primaryimage"},"thumbnailUrl":"https:\/\/grupotorivac.com\/wp-content\/uploads\/2025\/12\/Transformador_normativas-internacionales-960x720.jpg","inLanguage":"de"},{"@type":"WebPage","@id":"https:\/\/grupotorivac.com\/de\/blog\/","url":"https:\/\/grupotorivac.com\/de\/blog\/","name":"Torivac Gruppe - Blog","isPartOf":{"@id":"https:\/\/grupotorivac.com\/#website"},"primaryImageOfPage":{"@id":"https:\/\/grupotorivac.com\/de\/blog\/#primaryimage"},"image":{"@id":"https:\/\/grupotorivac.com\/de\/blog\/#primaryimage"},"thumbnailUrl":"https:\/\/grupotorivac.com\/wp-content\/uploads\/2025\/12\/Transformador_normativas-internacionales-960x720.jpg","datePublished":"2024-06-25T14:27:50+00:00","dateModified":"2026-03-13T14:28:12+00:00","description":"%","breadcrumb":{"@id":"https:\/\/grupotorivac.com\/de\/blog\/#breadcrumb"},"inLanguage":"de","potentialAction":[{"@type":"ReadAction","target":["https:\/\/grupotorivac.com\/de\/blog\/"]}]},{"@type":"ImageObject","inLanguage":"de","@id":"https:\/\/grupotorivac.com\/de\/blog\/#primaryimage","url":"https:\/\/grupotorivac.com\/wp-content\/uploads\/2025\/12\/Transformador_normativas-internacionales-960x720.jpg","contentUrl":"https:\/\/grupotorivac.com\/wp-content\/uploads\/2025\/12\/Transformador_normativas-internacionales-960x720.jpg"},{"@type":"BreadcrumbList","@id":"https:\/\/grupotorivac.com\/de\/blog\/#breadcrumb","itemListElement":[{"@type":"ListItem","position":1,"name":"Portada","item":"https:\/\/grupotorivac.com\/de\/"},{"@type":"ListItem","position":2,"name":"Torivac_Blog"}]},{"@type":"WebSite","@id":"https:\/\/grupotorivac.com\/#website","url":"https:\/\/grupotorivac.com\/","name":"Torivac","description":"Especializados en dise\u00f1o y fabricaci\u00f3n de variados de tensi\u00f3n","publisher":{"@id":"https:\/\/grupotorivac.com\/#organization"},"alternateName":"Torivac S.L","potentialAction":[{"@type":"SearchAction","target":{"@type":"EntryPoint","urlTemplate":"https:\/\/grupotorivac.com\/?s={search_term_string}"},"query-input":{"@type":"PropertyValueSpecification","valueRequired":true,"valueName":"search_term_string"}}],"inLanguage":"de"},{"@type":"Organization","@id":"https:\/\/grupotorivac.com\/#organization","name":"Torivac","alternateName":"Torivac S.L","url":"https:\/\/grupotorivac.com\/","logo":{"@type":"ImageObject","inLanguage":"de","@id":"https:\/\/grupotorivac.com\/#\/schema\/logo\/image\/","url":"https:\/\/grupotorivac.com\/wp-content\/uploads\/2025\/02\/Diseno-sin-titulo-73.png","contentUrl":"https:\/\/grupotorivac.com\/wp-content\/uploads\/2025\/02\/Diseno-sin-titulo-73.png","width":250,"height":250,"caption":"Torivac"},"image":{"@id":"https:\/\/grupotorivac.com\/#\/schema\/logo\/image\/"}},{"@type":"Person","@id":"https:\/\/grupotorivac.com\/#\/schema\/person\/66a7a9ac227ee4c0306e33ff34be3c24","name":"Franco Santiso","image":{"@type":"ImageObject","inLanguage":"de","@id":"https:\/\/secure.gravatar.com\/avatar\/3e691e40ad87da5eb1e273b36578b364bae76a43c3de9c1754bae6b45966b3f4?s=96&d=mm&r=g","url":"https:\/\/secure.gravatar.com\/avatar\/3e691e40ad87da5eb1e273b36578b364bae76a43c3de9c1754bae6b45966b3f4?s=96&d=mm&r=g","contentUrl":"https:\/\/secure.gravatar.com\/avatar\/3e691e40ad87da5eb1e273b36578b364bae76a43c3de9c1754bae6b45966b3f4?s=96&d=mm&r=g","caption":"Franco Santiso"},"url":"https:\/\/grupotorivac.com\/de\/author\/francoadm\/"}]}},"_links":{"self":[{"href":"https:\/\/grupotorivac.com\/de\/wp-json\/wp\/v2\/pages\/15832","targetHints":{"allow":["GET"]}}],"collection":[{"href":"https:\/\/grupotorivac.com\/de\/wp-json\/wp\/v2\/pages"}],"about":[{"href":"https:\/\/grupotorivac.com\/de\/wp-json\/wp\/v2\/types\/page"}],"author":[{"embeddable":true,"href":"https:\/\/grupotorivac.com\/de\/wp-json\/wp\/v2\/users\/3"}],"replies":[{"embeddable":true,"href":"https:\/\/grupotorivac.com\/de\/wp-json\/wp\/v2\/comments?post=15832"}],"version-history":[{"count":1,"href":"https:\/\/grupotorivac.com\/de\/wp-json\/wp\/v2\/pages\/15832\/revisions"}],"predecessor-version":[{"id":15833,"href":"https:\/\/grupotorivac.com\/de\/wp-json\/wp\/v2\/pages\/15832\/revisions\/15833"}],"wp:attachment":[{"href":"https:\/\/grupotorivac.com\/de\/wp-json\/wp\/v2\/media?parent=15832"}],"curies":[{"name":"wp","href":"https:\/\/api.w.org\/{rel}","templated":true}]}}