{"id":15742,"date":"2025-11-03T17:53:59","date_gmt":"2025-11-03T17:53:59","guid":{"rendered":"https:\/\/grupotorivac.com\/kontakt-us\/"},"modified":"2026-03-13T16:07:21","modified_gmt":"2026-03-13T16:07:21","slug":"kontakt-us","status":"publish","type":"page","link":"https:\/\/grupotorivac.com\/de\/kontakt-us\/","title":{"rendered":"Torivac_Kontakt"},"content":{"rendered":"\t\t<div data-elementor-type=\"wp-page\" data-elementor-id=\"15742\" class=\"elementor elementor-15742 elementor-14214\" data-elementor-post-type=\"page\">\n\t\t\t\t<div class=\"elementor-element elementor-element-08c1fb9 e-flex e-con-boxed e-con e-parent\" data-id=\"08c1fb9\" data-element_type=\"container\" data-e-type=\"container\" data-settings=\"{&quot;background_background&quot;:&quot;classic&quot;}\">\n\t\t\t\t\t<div class=\"e-con-inner\">\n\t\t<div class=\"elementor-element elementor-element-0e3a363 e-con-full e-flex e-con e-child\" data-id=\"0e3a363\" data-element_type=\"container\" data-e-type=\"container\">\n\t\t\t\t<div class=\"elementor-element elementor-element-f37961e elementor-widget__width-auto elementor-widget elementor-widget-heading\" data-id=\"f37961e\" data-element_type=\"widget\" data-e-type=\"widget\" data-widget_type=\"heading.default\">\n\t\t\t\t<div class=\"elementor-widget-container\">\n\t\t\t\t\t<h2 class=\"elementor-heading-title elementor-size-default\">KONTAKT US\n<\/h2>\t\t\t\t<\/div>\n\t\t\t\t<\/div>\n\t\t\t\t<\/div>\n\t\t<div class=\"elementor-element elementor-element-6f832f2 e-con-full e-flex e-con e-child\" data-id=\"6f832f2\" data-element_type=\"container\" data-e-type=\"container\">\n\t\t<div class=\"elementor-element elementor-element-9dd8260 e-con-full e-flex e-con e-child\" data-id=\"9dd8260\" data-element_type=\"container\" data-e-type=\"container\" data-settings=\"{&quot;background_background&quot;:&quot;classic&quot;}\">\n\t\t\t\t<div class=\"elementor-element elementor-element-3026bc5 elementor-widget elementor-widget-html\" data-id=\"3026bc5\" data-element_type=\"widget\" data-e-type=\"widget\" data-widget_type=\"html.default\">\n\t\t\t\t<div class=\"elementor-widget-container\">\n\t\t\t\t\t<style>button.submitcss {\n    background: #bc6a1e !important;\n    width: 170px !important;\n    font-size: 15px !important;\n    border-radius: 5px !important;\n}\n<\/style>\t\t\t\t<\/div>\n\t\t\t\t<\/div>\n\t\t\t\t<div class=\"elementor-element elementor-element-47325f6 elementor-widget__width-auto elementor-widget elementor-widget-heading\" data-id=\"47325f6\" data-element_type=\"widget\" data-e-type=\"widget\" data-widget_type=\"heading.default\">\n\t\t\t\t<div class=\"elementor-widget-container\">\n\t\t\t\t\t<h4 class=\"elementor-heading-title elementor-size-default\">SENDEN SIE UNS EINE NACHRICHT\n<\/h4>\t\t\t\t<\/div>\n\t\t\t\t<\/div>\n\t\t\t\t<div class=\"elementor-element elementor-element-5683d51 elementor-widget elementor-widget-text-editor\" data-id=\"5683d51\" data-element_type=\"widget\" data-e-type=\"widget\" data-widget_type=\"text-editor.default\">\n\t\t\t\t<div class=\"elementor-widget-container\">\n\t\t\t\t\t\t\t\t\tBitte f\u00fcllen Sie das folgende Formular aus. Wir werden Ihnen gerne weiterhelfen. \t\t\t\t\t\t\t\t<\/div>\n\t\t\t\t<\/div>\n\t\t\t\t<div class=\"elementor-element elementor-element-ecfc806 elementor-widget elementor-widget-wpforms\" data-id=\"ecfc806\" data-element_type=\"widget\" data-e-type=\"widget\" data-widget_type=\"wpforms.default\">\n\t\t\t\t<div class=\"elementor-widget-container\">\n\t\t\t\t\t<div class=\"wpforms-container wpforms-container-full wpforms-render-modern\" id=\"wpforms-16168\"><form id=\"wpforms-form-16168\" class=\"wpforms-validate wpforms-form wpforms-ajax-form\" data-formid=\"16168\" method=\"post\" enctype=\"multipart\/form-data\" action=\"\/de\/wp-json\/wp\/v2\/pages\/15742\" data-token=\"c4bd5f51190eab95007237ae6cf1837a\" data-token-time=\"1777068457\"><noscript class=\"wpforms-error-noscript\">Bitte aktiviere JavaScript in deinem Browser, um dieses Formular fertigzustellen.<\/noscript><div id=\"wpforms-error-noscript\" style=\"display: none;\">Bitte aktiviere JavaScript in deinem Browser, um dieses Formular fertigzustellen.<\/div><div class=\"wpforms-field-container\"><div id=\"wpforms-16168-field_0-container\" class=\"wpforms-field wpforms-field-name\" data-field-id=\"0\"><label class=\"wpforms-field-label wpforms-label-hide\" for=\"wpforms-16168-field_0\" aria-hidden=\"false\">Name <span class=\"wpforms-required-label\" aria-hidden=\"true\">*<\/span><\/label><input type=\"text\" id=\"wpforms-16168-field_0\" class=\"wpforms-field-large wpforms-field-required\" name=\"wpforms[fields][0]\" placeholder=\"Naam\" aria-errormessage=\"wpforms-16168-field_0-error\" required><\/div><div id=\"wpforms-16168-field_1-container\" class=\"wpforms-field wpforms-field-email\" data-field-id=\"1\"><label class=\"wpforms-field-label wpforms-label-hide\" for=\"wpforms-16168-field_1\" aria-hidden=\"false\">Correo <span class=\"wpforms-required-label\" aria-hidden=\"true\">*<\/span><\/label><input type=\"email\" id=\"wpforms-16168-field_1\" class=\"wpforms-field-large wpforms-field-required\" name=\"wpforms[fields][1]\" placeholder=\"E-mail\" spellcheck=\"false\" aria-errormessage=\"wpforms-16168-field_1-error\" required><\/div><div id=\"wpforms-16168-field_2-container\" class=\"wpforms-field wpforms-field-textarea\" data-field-id=\"2\"><label class=\"wpforms-field-label wpforms-label-hide\" for=\"wpforms-16168-field_2\" aria-hidden=\"false\">Mensaje<\/label><textarea id=\"wpforms-16168-field_2\" class=\"wpforms-field-medium\" name=\"wpforms[fields][2]\" placeholder=\"Bericht\" aria-errormessage=\"wpforms-16168-field_2-error\" ><\/textarea><\/div><div id=\"wpforms-16168-field_3-container\" class=\"wpforms-field wpforms-field-checkbox\" data-field-id=\"3\"><fieldset><legend class=\"wpforms-field-label\"> <span class=\"wpforms-required-label\" aria-hidden=\"true\">*<\/span><\/legend><ul id=\"wpforms-16168-field_3\" class=\"wpforms-field-required\"><li class=\"choice-3 depth-1\"><input type=\"checkbox\" id=\"wpforms-16168-field_3_3\" name=\"wpforms[fields][3][]\" value=\"Ich habe die Datenschutzerkl\u00e4rung gelesen und akzeptiere sie\" aria-errormessage=\"wpforms-16168-field_3_3-error\" required ><label class=\"wpforms-field-label-inline\" for=\"wpforms-16168-field_3_3\">Ich habe die Datenschutzerkl\u00e4rung gelesen und akzeptiere sie<\/label><\/li><\/ul><\/fieldset><\/div><\/div><!-- .wpforms-field-container --><div class=\"wpforms-recaptcha-container wpforms-is-recaptcha wpforms-is-recaptcha-type-v3\" ><input type=\"hidden\" name=\"wpforms[recaptcha]\" value=\"\"><\/div><div class=\"wpforms-submit-container\" ><input type=\"hidden\" name=\"wpforms[id]\" value=\"16168\"><input type=\"hidden\" name=\"page_title\" value=\"\"><input type=\"hidden\" name=\"page_url\" value=\"https:\/\/grupotorivac.com\/de\/wp-json\/wp\/v2\/pages\/15742\"><input type=\"hidden\" name=\"url_referer\" value=\"\"><button type=\"submit\" name=\"wpforms[submit]\" id=\"wpforms-submit-16168\" class=\"wpforms-submit submitcss\" data-alt-text=\"Sending...\" data-submit-text=\"Senden\" aria-live=\"assertive\" value=\"wpforms-submit\">Senden<\/button><img decoding=\"async\" src=\"https:\/\/grupotorivac.com\/wp-content\/plugins\/wpforms\/assets\/images\/submit-spin.svg\" class=\"wpforms-submit-spinner\" style=\"display: none;\" width=\"26\" height=\"26\" alt=\"Wird geladen\"><\/div><\/form><\/div>  <!-- .wpforms-container -->\t\t\t\t<\/div>\n\t\t\t\t<\/div>\n\t\t\t\t<div class=\"elementor-element elementor-element-ec147bd elementor-widget elementor-widget-text-editor\" data-id=\"ec147bd\" data-element_type=\"widget\" data-e-type=\"widget\" data-widget_type=\"text-editor.default\">\n\t\t\t\t<div class=\"elementor-widget-container\">\n\t\t\t\t\t\t\t\t\t<p>Diese Seite ist durch reCAPTCHA gesch\u00fctzt und es gelten die Datenschutzbestimmungen und Nutzungsbedingungen von Google.<\/p>\t\t\t\t\t\t\t\t<\/div>\n\t\t\t\t<\/div>\n\t\t\t\t<\/div>\n\t\t<div class=\"elementor-element elementor-element-38ed4be e-con-full e-flex e-con e-child\" data-id=\"38ed4be\" data-element_type=\"container\" data-e-type=\"container\">\n\t\t\t\t<div class=\"elementor-element elementor-element-a7a411f elementor-widget__width-auto elementor-widget elementor-widget-heading\" data-id=\"a7a411f\" data-element_type=\"widget\" data-e-type=\"widget\" data-widget_type=\"heading.default\">\n\t\t\t\t<div class=\"elementor-widget-container\">\n\t\t\t\t\t<h4 class=\"elementor-heading-title elementor-size-default\">KONTAKT US\n<\/h4>\t\t\t\t<\/div>\n\t\t\t\t<\/div>\n\t\t\t\t<div class=\"elementor-element elementor-element-0867972 elementor-widget__width-auto elementor-widget elementor-widget-heading\" data-id=\"0867972\" data-element_type=\"widget\" data-e-type=\"widget\" data-widget_type=\"heading.default\">\n\t\t\t\t<div class=\"elementor-widget-container\">\n\t\t\t\t\t<h2 class=\"elementor-heading-title elementor-size-default\">Haben Sie irgendwelche Zweifel?<br>  Schreiben Sie uns und wir werden es f\u00fcr Sie l\u00f6sen\n<\/h2>\t\t\t\t<\/div>\n\t\t\t\t<\/div>\n\t\t\t\t<div class=\"elementor-element elementor-element-4676f3d elementor-widget elementor-widget-text-editor\" data-id=\"4676f3d\" data-element_type=\"widget\" data-e-type=\"widget\" data-widget_type=\"text-editor.default\">\n\t\t\t\t<div class=\"elementor-widget-container\">\n\t\t\t\t\t\t\t\t\t<p>Bei Torivac finden Sie eine gro\u00dfe Auswahl an spezialisierten Produkten f\u00fcr die Spannungsregelung, die f\u00fcr maximale Leistung in industriellen Anwendungen und sehr anspruchsvollen elektrischen Systemen entwickelt wurden. Wir verf\u00fcgen \u00fcber eine gro\u00dfe Auswahl an Gr\u00f6\u00dfen und Formaten sowie \u00fcber kundenspezifische Fertigungsm\u00f6glichkeiten, die Ihnen eine an jeden Bedarf angepasste L\u00f6sung garantieren. Unser Expertenteam ber\u00e4t Sie gerne bei der Auswahl der besten L\u00f6sung f\u00fcr Ihr Projekt.  <\/p>\t\t\t\t\t\t\t\t<\/div>\n\t\t\t\t<\/div>\n\t\t<div class=\"elementor-element elementor-element-42036fc e-con-full e-flex e-con e-child\" data-id=\"42036fc\" data-element_type=\"container\" data-e-type=\"container\">\n\t\t\t\t<div class=\"elementor-element elementor-element-a4073c1 elementor-position-inline-start elementor-view-default elementor-mobile-position-block-start elementor-widget elementor-widget-icon-box\" data-id=\"a4073c1\" data-element_type=\"widget\" data-e-type=\"widget\" data-widget_type=\"icon-box.default\">\n\t\t\t\t<div class=\"elementor-widget-container\">\n\t\t\t\t\t\t\t<div class=\"elementor-icon-box-wrapper\">\n\n\t\t\t\t\t\t<div class=\"elementor-icon-box-icon\">\n\t\t\t\t<span  class=\"elementor-icon\">\n\t\t\t\t<i aria-hidden=\"true\" class=\"fas fa-building\"><\/i>\t\t\t\t<\/span>\n\t\t\t<\/div>\n\t\t\t\n\t\t\t\t\t\t<div class=\"elementor-icon-box-content\">\n\n\t\t\t\t\n\t\t\t\t\t\t\t\t\t<p class=\"elementor-icon-box-description\">\n\t\t\t\t\t\tC\/ Potosi N\u00ba 2, 6. Stock, 08030 Barcelona\t\t\t\t\t<\/p>\n\t\t\t\t\n\t\t\t<\/div>\n\t\t\t\n\t\t<\/div>\n\t\t\t\t\t\t<\/div>\n\t\t\t\t<\/div>\n\t\t\t\t<div class=\"elementor-element elementor-element-64b0870 elementor-position-inline-start elementor-view-default elementor-mobile-position-block-start elementor-widget elementor-widget-icon-box\" data-id=\"64b0870\" data-element_type=\"widget\" data-e-type=\"widget\" data-widget_type=\"icon-box.default\">\n\t\t\t\t<div class=\"elementor-widget-container\">\n\t\t\t\t\t\t\t<div class=\"elementor-icon-box-wrapper\">\n\n\t\t\t\t\t\t<div class=\"elementor-icon-box-icon\">\n\t\t\t\t<span  class=\"elementor-icon\">\n\t\t\t\t<i aria-hidden=\"true\" class=\"fas fa-phone-alt\"><\/i>\t\t\t\t<\/span>\n\t\t\t<\/div>\n\t\t\t\n\t\t\t\t\t\t<div class=\"elementor-icon-box-content\">\n\n\t\t\t\t\n\t\t\t\t\t\t\t\t\t<p class=\"elementor-icon-box-description\">\n\t\t\t\t\t\t+34 93 312 01 61\t\t\t\t\t<\/p>\n\t\t\t\t\n\t\t\t<\/div>\n\t\t\t\n\t\t<\/div>\n\t\t\t\t\t\t<\/div>\n\t\t\t\t<\/div>\n\t\t\t\t<div class=\"elementor-element elementor-element-739e7f6 elementor-position-inline-start elementor-view-default elementor-mobile-position-block-start elementor-widget elementor-widget-icon-box\" data-id=\"739e7f6\" data-element_type=\"widget\" data-e-type=\"widget\" data-widget_type=\"icon-box.default\">\n\t\t\t\t<div class=\"elementor-widget-container\">\n\t\t\t\t\t\t\t<div class=\"elementor-icon-box-wrapper\">\n\n\t\t\t\t\t\t<div class=\"elementor-icon-box-icon\">\n\t\t\t\t<span  class=\"elementor-icon\">\n\t\t\t\t<i aria-hidden=\"true\" class=\"icon icon-mail\"><\/i>\t\t\t\t<\/span>\n\t\t\t<\/div>\n\t\t\t\n\t\t\t\t\t\t<div class=\"elementor-icon-box-content\">\n\n\t\t\t\t\n\t\t\t\t\t\t\t\t\t<p class=\"elementor-icon-box-description\">\n\t\t\t\t\t\tinfo@torivac.com\t\t\t\t\t<\/p>\n\t\t\t\t\n\t\t\t<\/div>\n\t\t\t\n\t\t<\/div>\n\t\t\t\t\t\t<\/div>\n\t\t\t\t<\/div>\n\t\t\t\t<\/div>\n\t\t\t\t<div class=\"elementor-element elementor-element-7a3d45a elementor-widget__width-initial elementor-widget elementor-widget-image\" data-id=\"7a3d45a\" data-element_type=\"widget\" data-e-type=\"widget\" data-widget_type=\"image.default\">\n\t\t\t\t<div class=\"elementor-widget-container\">\n\t\t\t\t\t\t\t\t\t\t\t\t\t\t\t<img fetchpriority=\"high\" decoding=\"async\" width=\"512\" height=\"512\" src=\"https:\/\/grupotorivac.com\/wp-content\/uploads\/2022\/03\/cropped-Logo_Torivac.png\" class=\"attachment-large size-large wp-image-9741\" alt=\"Torivac empresa\" srcset=\"https:\/\/grupotorivac.com\/wp-content\/uploads\/2022\/03\/cropped-Logo_Torivac.png 512w, https:\/\/grupotorivac.com\/wp-content\/uploads\/2022\/03\/cropped-Logo_Torivac-300x300.png 300w, https:\/\/grupotorivac.com\/wp-content\/uploads\/2022\/03\/cropped-Logo_Torivac-150x150.png 150w, https:\/\/grupotorivac.com\/wp-content\/uploads\/2022\/03\/cropped-Logo_Torivac-146x146.png 146w, https:\/\/grupotorivac.com\/wp-content\/uploads\/2022\/03\/cropped-Logo_Torivac-50x50.png 50w, https:\/\/grupotorivac.com\/wp-content\/uploads\/2022\/03\/cropped-Logo_Torivac-75x75.png 75w, https:\/\/grupotorivac.com\/wp-content\/uploads\/2022\/03\/cropped-Logo_Torivac-85x85.png 85w, https:\/\/grupotorivac.com\/wp-content\/uploads\/2022\/03\/cropped-Logo_Torivac-80x80.png 80w, https:\/\/grupotorivac.com\/wp-content\/uploads\/2022\/03\/cropped-Logo_Torivac-270x270.png 270w, https:\/\/grupotorivac.com\/wp-content\/uploads\/2022\/03\/cropped-Logo_Torivac-192x192.png 192w, https:\/\/grupotorivac.com\/wp-content\/uploads\/2022\/03\/cropped-Logo_Torivac-180x180.png 180w, https:\/\/grupotorivac.com\/wp-content\/uploads\/2022\/03\/cropped-Logo_Torivac-32x32.png 32w\" sizes=\"(max-width: 512px) 100vw, 512px\" \/>\t\t\t\t\t\t\t\t\t\t\t\t\t\t\t<\/div>\n\t\t\t\t<\/div>\n\t\t\t\t<\/div>\n\t\t\t\t<\/div>\n\t\t\t\t\t<\/div>\n\t\t\t\t<\/div>\n\t\t<div class=\"elementor-element elementor-element-55f43536 e-con-full e-flex e-con e-parent\" data-id=\"55f43536\" data-element_type=\"container\" data-e-type=\"container\" data-settings=\"{&quot;background_background&quot;:&quot;classic&quot;}\">\n\t\t\t\t<div class=\"elementor-element elementor-element-b981971 elementor-widget__width-inherit elementor-widget elementor-widget-google_maps\" data-id=\"b981971\" data-element_type=\"widget\" data-e-type=\"widget\" data-widget_type=\"google_maps.default\">\n\t\t\t\t<div class=\"elementor-widget-container\">\n\t\t\t\t\t\t\t<div class=\"elementor-custom-embed\">\n\t\t\t<iframe loading=\"lazy\"\n\t\t\t\t\tsrc=\"https:\/\/maps.google.com\/maps?q=Carrer%20de%20Potos%C3%AD%2C%202%2C%20planta%206%2C%20San%20Andr%C3%A9s%20de%20Palomar%2C%2008030%20Barcelona&#038;t=m&#038;z=15&#038;output=embed&#038;iwloc=near\"\n\t\t\t\t\ttitle=\"Carrer de Potos\u00ed, 2, planta 6, San Andr\u00e9s de Palomar, 08030 Barcelona\"\n\t\t\t\t\taria-label=\"Carrer de Potos\u00ed, 2, planta 6, San Andr\u00e9s de Palomar, 08030 Barcelona\"\n\t\t\t><\/iframe>\n\t\t<\/div>\n\t\t\t\t\t\t<\/div>\n\t\t\t\t<\/div>\n\t\t\t\t<\/div>\n\t\t\t\t<\/div>\n\t\t","protected":false},"excerpt":{"rendered":"<p>KONTAKT US SENDEN SIE UNS EINE NACHRICHT Bitte f\u00fcllen Sie das folgende Formular aus. Wir werden Ihnen gerne weiterhelfen. Por favor, activa JavaScript en tu navegador<span class=\"excerpt-hellip\"> [\u2026]<\/span><\/p>\n","protected":false},"author":3,"featured_media":0,"parent":0,"menu_order":0,"comment_status":"closed","ping_status":"closed","template":"elementor_header_footer","meta":{"_acf_changed":false,"footnotes":""},"class_list":["post-15742","page","type-page","status-publish","hentry"],"acf":[],"yoast_head":"<!-- This site is optimized with the Yoast SEO plugin v27.2 - https:\/\/yoast.com\/product\/yoast-seo-wordpress\/ -->\n<title>Torivac Gruppe - Kontakt<\/title>\n<meta name=\"description\" content=\"%\" \/>\n<meta name=\"robots\" content=\"index, follow, max-snippet:-1, max-image-preview:large, max-video-preview:-1\" \/>\n<link rel=\"canonical\" href=\"https:\/\/grupotorivac.com\/de\/kontakt-us\/\" \/>\n<meta property=\"og:locale\" content=\"de_DE\" \/>\n<meta property=\"og:type\" content=\"article\" \/>\n<meta property=\"og:title\" content=\"Torivac Gruppe - Kontakt\" \/>\n<meta property=\"og:description\" content=\"%\" \/>\n<meta property=\"og:url\" content=\"https:\/\/grupotorivac.com\/de\/kontakt-us\/\" \/>\n<meta property=\"og:site_name\" content=\"Torivac\" \/>\n<meta property=\"article:modified_time\" content=\"2026-03-13T16:07:21+00:00\" \/>\n<meta property=\"og:image\" content=\"https:\/\/grupotorivac.com\/wp-content\/plugins\/wpforms-lite\/assets\/images\/submit-spin.svg\" \/>\n<meta name=\"twitter:card\" content=\"summary_large_image\" \/>\n<meta name=\"twitter:label1\" content=\"Gesch\u00e4tzte Lesezeit\" \/>\n\t<meta name=\"twitter:data1\" content=\"2\u00a0Minuten\" \/>\n<script type=\"application\/ld+json\" class=\"yoast-schema-graph\">{\"@context\":\"https:\/\/schema.org\",\"@graph\":[{\"@type\":[\"Article\",\"BlogPosting\"],\"@id\":\"https:\/\/grupotorivac.com\/de\/kontakt-us\/#article\",\"isPartOf\":{\"@id\":\"https:\/\/grupotorivac.com\/de\/kontakt-us\/\"},\"author\":{\"name\":\"Franco Santiso\",\"@id\":\"https:\/\/grupotorivac.com\/#\/schema\/person\/66a7a9ac227ee4c0306e33ff34be3c24\"},\"headline\":\"Torivac_Kontakt\",\"datePublished\":\"2025-11-03T17:53:59+00:00\",\"dateModified\":\"2026-03-13T16:07:21+00:00\",\"mainEntityOfPage\":{\"@id\":\"https:\/\/grupotorivac.com\/de\/kontakt-us\/\"},\"wordCount\":182,\"publisher\":{\"@id\":\"https:\/\/grupotorivac.com\/#organization\"},\"image\":{\"@id\":\"https:\/\/grupotorivac.com\/de\/kontakt-us\/#primaryimage\"},\"thumbnailUrl\":\"https:\/\/grupotorivac.com\/wp-content\/plugins\/wpforms-lite\/assets\/images\/submit-spin.svg\",\"inLanguage\":\"de\"},{\"@type\":\"WebPage\",\"@id\":\"https:\/\/grupotorivac.com\/de\/kontakt-us\/\",\"url\":\"https:\/\/grupotorivac.com\/de\/kontakt-us\/\",\"name\":\"Torivac Gruppe - Kontakt\",\"isPartOf\":{\"@id\":\"https:\/\/grupotorivac.com\/#website\"},\"primaryImageOfPage\":{\"@id\":\"https:\/\/grupotorivac.com\/de\/kontakt-us\/#primaryimage\"},\"image\":{\"@id\":\"https:\/\/grupotorivac.com\/de\/kontakt-us\/#primaryimage\"},\"thumbnailUrl\":\"https:\/\/grupotorivac.com\/wp-content\/plugins\/wpforms-lite\/assets\/images\/submit-spin.svg\",\"datePublished\":\"2025-11-03T17:53:59+00:00\",\"dateModified\":\"2026-03-13T16:07:21+00:00\",\"description\":\"%\",\"breadcrumb\":{\"@id\":\"https:\/\/grupotorivac.com\/de\/kontakt-us\/#breadcrumb\"},\"inLanguage\":\"de\",\"potentialAction\":[{\"@type\":\"ReadAction\",\"target\":[\"https:\/\/grupotorivac.com\/de\/kontakt-us\/\"]}]},{\"@type\":\"ImageObject\",\"inLanguage\":\"de\",\"@id\":\"https:\/\/grupotorivac.com\/de\/kontakt-us\/#primaryimage\",\"url\":\"https:\/\/grupotorivac.com\/wp-content\/plugins\/wpforms-lite\/assets\/images\/submit-spin.svg\",\"contentUrl\":\"https:\/\/grupotorivac.com\/wp-content\/plugins\/wpforms-lite\/assets\/images\/submit-spin.svg\"},{\"@type\":\"BreadcrumbList\",\"@id\":\"https:\/\/grupotorivac.com\/de\/kontakt-us\/#breadcrumb\",\"itemListElement\":[{\"@type\":\"ListItem\",\"position\":1,\"name\":\"Portada\",\"item\":\"https:\/\/grupotorivac.com\/de\/\"},{\"@type\":\"ListItem\",\"position\":2,\"name\":\"Torivac_Kontakt\"}]},{\"@type\":\"WebSite\",\"@id\":\"https:\/\/grupotorivac.com\/#website\",\"url\":\"https:\/\/grupotorivac.com\/\",\"name\":\"Torivac\",\"description\":\"Especializados en dise\u00f1o y fabricaci\u00f3n de variados de tensi\u00f3n\",\"publisher\":{\"@id\":\"https:\/\/grupotorivac.com\/#organization\"},\"alternateName\":\"Torivac S.L\",\"potentialAction\":[{\"@type\":\"SearchAction\",\"target\":{\"@type\":\"EntryPoint\",\"urlTemplate\":\"https:\/\/grupotorivac.com\/?s={search_term_string}\"},\"query-input\":{\"@type\":\"PropertyValueSpecification\",\"valueRequired\":true,\"valueName\":\"search_term_string\"}}],\"inLanguage\":\"de\"},{\"@type\":\"Organization\",\"@id\":\"https:\/\/grupotorivac.com\/#organization\",\"name\":\"Torivac\",\"alternateName\":\"Torivac S.L\",\"url\":\"https:\/\/grupotorivac.com\/\",\"logo\":{\"@type\":\"ImageObject\",\"inLanguage\":\"de\",\"@id\":\"https:\/\/grupotorivac.com\/#\/schema\/logo\/image\/\",\"url\":\"https:\/\/grupotorivac.com\/wp-content\/uploads\/2025\/02\/Diseno-sin-titulo-73.png\",\"contentUrl\":\"https:\/\/grupotorivac.com\/wp-content\/uploads\/2025\/02\/Diseno-sin-titulo-73.png\",\"width\":250,\"height\":250,\"caption\":\"Torivac\"},\"image\":{\"@id\":\"https:\/\/grupotorivac.com\/#\/schema\/logo\/image\/\"}},{\"@type\":\"Person\",\"@id\":\"https:\/\/grupotorivac.com\/#\/schema\/person\/66a7a9ac227ee4c0306e33ff34be3c24\",\"name\":\"Franco Santiso\",\"image\":{\"@type\":\"ImageObject\",\"inLanguage\":\"de\",\"@id\":\"https:\/\/secure.gravatar.com\/avatar\/3e691e40ad87da5eb1e273b36578b364bae76a43c3de9c1754bae6b45966b3f4?s=96&d=mm&r=g\",\"url\":\"https:\/\/secure.gravatar.com\/avatar\/3e691e40ad87da5eb1e273b36578b364bae76a43c3de9c1754bae6b45966b3f4?s=96&d=mm&r=g\",\"contentUrl\":\"https:\/\/secure.gravatar.com\/avatar\/3e691e40ad87da5eb1e273b36578b364bae76a43c3de9c1754bae6b45966b3f4?s=96&d=mm&r=g\",\"caption\":\"Franco Santiso\"},\"url\":\"https:\/\/grupotorivac.com\/de\/author\/francoadm\/\"}]}<\/script>\n<!-- \/ Yoast SEO plugin. -->","yoast_head_json":{"title":"Torivac Gruppe - Kontakt","description":"%","robots":{"index":"index","follow":"follow","max-snippet":"max-snippet:-1","max-image-preview":"max-image-preview:large","max-video-preview":"max-video-preview:-1"},"canonical":"https:\/\/grupotorivac.com\/de\/kontakt-us\/","og_locale":"de_DE","og_type":"article","og_title":"Torivac Gruppe - Kontakt","og_description":"%","og_url":"https:\/\/grupotorivac.com\/de\/kontakt-us\/","og_site_name":"Torivac","article_modified_time":"2026-03-13T16:07:21+00:00","og_image":[{"url":"https:\/\/grupotorivac.com\/wp-content\/plugins\/wpforms-lite\/assets\/images\/submit-spin.svg","type":"","width":"","height":""}],"twitter_card":"summary_large_image","twitter_misc":{"Gesch\u00e4tzte Lesezeit":"2\u00a0Minuten"},"schema":{"@context":"https:\/\/schema.org","@graph":[{"@type":["Article","BlogPosting"],"@id":"https:\/\/grupotorivac.com\/de\/kontakt-us\/#article","isPartOf":{"@id":"https:\/\/grupotorivac.com\/de\/kontakt-us\/"},"author":{"name":"Franco Santiso","@id":"https:\/\/grupotorivac.com\/#\/schema\/person\/66a7a9ac227ee4c0306e33ff34be3c24"},"headline":"Torivac_Kontakt","datePublished":"2025-11-03T17:53:59+00:00","dateModified":"2026-03-13T16:07:21+00:00","mainEntityOfPage":{"@id":"https:\/\/grupotorivac.com\/de\/kontakt-us\/"},"wordCount":182,"publisher":{"@id":"https:\/\/grupotorivac.com\/#organization"},"image":{"@id":"https:\/\/grupotorivac.com\/de\/kontakt-us\/#primaryimage"},"thumbnailUrl":"https:\/\/grupotorivac.com\/wp-content\/plugins\/wpforms-lite\/assets\/images\/submit-spin.svg","inLanguage":"de"},{"@type":"WebPage","@id":"https:\/\/grupotorivac.com\/de\/kontakt-us\/","url":"https:\/\/grupotorivac.com\/de\/kontakt-us\/","name":"Torivac Gruppe - Kontakt","isPartOf":{"@id":"https:\/\/grupotorivac.com\/#website"},"primaryImageOfPage":{"@id":"https:\/\/grupotorivac.com\/de\/kontakt-us\/#primaryimage"},"image":{"@id":"https:\/\/grupotorivac.com\/de\/kontakt-us\/#primaryimage"},"thumbnailUrl":"https:\/\/grupotorivac.com\/wp-content\/plugins\/wpforms-lite\/assets\/images\/submit-spin.svg","datePublished":"2025-11-03T17:53:59+00:00","dateModified":"2026-03-13T16:07:21+00:00","description":"%","breadcrumb":{"@id":"https:\/\/grupotorivac.com\/de\/kontakt-us\/#breadcrumb"},"inLanguage":"de","potentialAction":[{"@type":"ReadAction","target":["https:\/\/grupotorivac.com\/de\/kontakt-us\/"]}]},{"@type":"ImageObject","inLanguage":"de","@id":"https:\/\/grupotorivac.com\/de\/kontakt-us\/#primaryimage","url":"https:\/\/grupotorivac.com\/wp-content\/plugins\/wpforms-lite\/assets\/images\/submit-spin.svg","contentUrl":"https:\/\/grupotorivac.com\/wp-content\/plugins\/wpforms-lite\/assets\/images\/submit-spin.svg"},{"@type":"BreadcrumbList","@id":"https:\/\/grupotorivac.com\/de\/kontakt-us\/#breadcrumb","itemListElement":[{"@type":"ListItem","position":1,"name":"Portada","item":"https:\/\/grupotorivac.com\/de\/"},{"@type":"ListItem","position":2,"name":"Torivac_Kontakt"}]},{"@type":"WebSite","@id":"https:\/\/grupotorivac.com\/#website","url":"https:\/\/grupotorivac.com\/","name":"Torivac","description":"Especializados en dise\u00f1o y fabricaci\u00f3n de variados de tensi\u00f3n","publisher":{"@id":"https:\/\/grupotorivac.com\/#organization"},"alternateName":"Torivac S.L","potentialAction":[{"@type":"SearchAction","target":{"@type":"EntryPoint","urlTemplate":"https:\/\/grupotorivac.com\/?s={search_term_string}"},"query-input":{"@type":"PropertyValueSpecification","valueRequired":true,"valueName":"search_term_string"}}],"inLanguage":"de"},{"@type":"Organization","@id":"https:\/\/grupotorivac.com\/#organization","name":"Torivac","alternateName":"Torivac S.L","url":"https:\/\/grupotorivac.com\/","logo":{"@type":"ImageObject","inLanguage":"de","@id":"https:\/\/grupotorivac.com\/#\/schema\/logo\/image\/","url":"https:\/\/grupotorivac.com\/wp-content\/uploads\/2025\/02\/Diseno-sin-titulo-73.png","contentUrl":"https:\/\/grupotorivac.com\/wp-content\/uploads\/2025\/02\/Diseno-sin-titulo-73.png","width":250,"height":250,"caption":"Torivac"},"image":{"@id":"https:\/\/grupotorivac.com\/#\/schema\/logo\/image\/"}},{"@type":"Person","@id":"https:\/\/grupotorivac.com\/#\/schema\/person\/66a7a9ac227ee4c0306e33ff34be3c24","name":"Franco Santiso","image":{"@type":"ImageObject","inLanguage":"de","@id":"https:\/\/secure.gravatar.com\/avatar\/3e691e40ad87da5eb1e273b36578b364bae76a43c3de9c1754bae6b45966b3f4?s=96&d=mm&r=g","url":"https:\/\/secure.gravatar.com\/avatar\/3e691e40ad87da5eb1e273b36578b364bae76a43c3de9c1754bae6b45966b3f4?s=96&d=mm&r=g","contentUrl":"https:\/\/secure.gravatar.com\/avatar\/3e691e40ad87da5eb1e273b36578b364bae76a43c3de9c1754bae6b45966b3f4?s=96&d=mm&r=g","caption":"Franco Santiso"},"url":"https:\/\/grupotorivac.com\/de\/author\/francoadm\/"}]}},"_links":{"self":[{"href":"https:\/\/grupotorivac.com\/de\/wp-json\/wp\/v2\/pages\/15742","targetHints":{"allow":["GET"]}}],"collection":[{"href":"https:\/\/grupotorivac.com\/de\/wp-json\/wp\/v2\/pages"}],"about":[{"href":"https:\/\/grupotorivac.com\/de\/wp-json\/wp\/v2\/types\/page"}],"author":[{"embeddable":true,"href":"https:\/\/grupotorivac.com\/de\/wp-json\/wp\/v2\/users\/3"}],"replies":[{"embeddable":true,"href":"https:\/\/grupotorivac.com\/de\/wp-json\/wp\/v2\/comments?post=15742"}],"version-history":[{"count":9,"href":"https:\/\/grupotorivac.com\/de\/wp-json\/wp\/v2\/pages\/15742\/revisions"}],"predecessor-version":[{"id":16174,"href":"https:\/\/grupotorivac.com\/de\/wp-json\/wp\/v2\/pages\/15742\/revisions\/16174"}],"wp:attachment":[{"href":"https:\/\/grupotorivac.com\/de\/wp-json\/wp\/v2\/media?parent=15742"}],"curies":[{"name":"wp","href":"https:\/\/api.w.org\/{rel}","templated":true}]}}