{"id":15711,"date":"2025-12-10T11:17:16","date_gmt":"2025-12-10T11:17:16","guid":{"rendered":"https:\/\/grupotorivac.com\/datenschutzbestimmungen\/"},"modified":"2026-03-09T20:00:29","modified_gmt":"2026-03-09T20:00:29","slug":"datenschutzbestimmungen","status":"publish","type":"page","link":"https:\/\/grupotorivac.com\/de\/datenschutzbestimmungen\/","title":{"rendered":"Datenschutzbestimmungen"},"content":{"rendered":"\t\t<div data-elementor-type=\"wp-page\" data-elementor-id=\"15711\" class=\"elementor elementor-15711 elementor-14762\" data-elementor-post-type=\"page\">\n\t\t\t\t<div class=\"elementor-element elementor-element-6479055 e-flex e-con-boxed e-con e-parent\" data-id=\"6479055\" data-element_type=\"container\" data-e-type=\"container\">\n\t\t\t\t\t<div class=\"e-con-inner\">\n\t\t\t\t<div class=\"elementor-element elementor-element-2802e41 elementor-widget elementor-widget-heading\" data-id=\"2802e41\" data-element_type=\"widget\" data-e-type=\"widget\" data-widget_type=\"heading.default\">\n\t\t\t\t<div class=\"elementor-widget-container\">\n\t\t\t\t\t<h2 class=\"elementor-heading-title elementor-size-default\">Datenschutzbestimmungen\n<\/h2>\t\t\t\t<\/div>\n\t\t\t\t<\/div>\n\t\t\t\t<div class=\"elementor-element elementor-element-99764fa elementor-widget elementor-widget-text-editor\" data-id=\"99764fa\" data-element_type=\"widget\" data-e-type=\"widget\" data-widget_type=\"text-editor.default\">\n\t\t\t\t<div class=\"elementor-widget-container\">\n\t\t\t\t\t\t\t\t\t<p><strong>BENUTZERINFORMATIONEN<\/strong><\/p><p>Die TORIVAC GROUP als f\u00fcr die Datenverarbeitung Verantwortlicher teilt Ihnen mit, dass wir Ihre Daten gem\u00e4\u00df den Bestimmungen der Verordnung (EU) 2016\/679 vom 27. April 2016 \u00fcber den Schutz personenbezogener Daten (GDPR) so behandeln, wie es in dieser Datenschutzerkl\u00e4rung dargelegt ist.<\/p><p>In dieser Datenschutzerkl\u00e4rung beschreiben wir, wie wir Ihre personenbezogenen Daten erfassen und warum wir sie erfassen, was wir damit tun, an wen wir sie weitergeben, wie wir sie sch\u00fctzen und welche M\u00f6glichkeiten Sie haben, wenn es um die Verarbeitung Ihrer personenbezogenen Daten geht.<\/p><p>Diese Richtlinie gilt f\u00fcr die Verarbeitung Ihrer pers\u00f6nlichen Daten, die das Unternehmen f\u00fcr die Erbringung seiner Dienstleistungen erfasst. Wenn Sie die Ma\u00dfnahmen in dieser Richtlinie akzeptieren, stimmen Sie unserer Verarbeitung Ihrer personenbezogenen Daten wie in dieser Richtlinie definiert zu. <\/p>\t\t\t\t\t\t\t\t<\/div>\n\t\t\t\t<\/div>\n\t\t\t\t<div class=\"elementor-element elementor-element-fbc0a49 elementor-widget elementor-widget-text-editor\" data-id=\"fbc0a49\" data-element_type=\"widget\" data-e-type=\"widget\" data-widget_type=\"text-editor.default\">\n\t\t\t\t<div class=\"elementor-widget-container\">\n\t\t\t\t\t\t\t\t\t<p><b>KONTAKT<\/b><br>Das Eigentum an dieser Website, https:\/\/grupotorivac.com\/, (im Folgenden Website) liegt bei: B60784584, und die Kontaktdaten lauten:<\/p><p>Adresse: C\/ Potosi N\u00ba 2, Planta 6\u00aa, 08030 Barcelona<br>Kontakttelefon: +34 93 312 01 61<br>Kontakt-E-Mail: info@torivac.com<\/p>\t\t\t\t\t\t\t\t<\/div>\n\t\t\t\t<\/div>\n\t\t\t\t<div class=\"elementor-element elementor-element-e80f071 elementor-widget elementor-widget-text-editor\" data-id=\"e80f071\" data-element_type=\"widget\" data-e-type=\"widget\" data-widget_type=\"text-editor.default\">\n\t\t\t\t<div class=\"elementor-widget-container\">\n\t\t\t\t\t\t\t\t\t<p><strong>SCHL\u00dcSSELPRINZIPIEN<\/strong><br>Wir haben uns schon immer verpflichtet, unsere Dienstleistungen mit einem H\u00f6chstma\u00df an Qualit\u00e4t zu erbringen, wozu auch der sichere und transparente Umgang mit Ihren Daten geh\u00f6rt. Unsere Grunds\u00e4tze sind: <\/p><ul><li>Rechtm\u00e4\u00dfigkeit: Wir werden Ihre pers\u00f6nlichen Daten nur f\u00fcr festgelegte, eindeutige und rechtm\u00e4\u00dfige Zwecke erfassen.<\/li><li>Datenminimierung: Wir beschr\u00e4nken die Erhebung personenbezogener Daten auf das, was f\u00fcr die Zwecke, f\u00fcr die sie erhoben wurden, unbedingt relevant und notwendig ist.<\/li><li>Zweckbindung: Wir werden Ihre pers\u00f6nlichen Daten nur f\u00fcr die angegebenen Zwecke und nur in \u00dcbereinstimmung mit Ihren W\u00fcnschen sammeln.<\/li><li>Genauigkeit: Wir halten Ihre pers\u00f6nlichen Daten korrekt und auf dem neuesten Stand.<\/li><li>Datensicherheit: Wir setzen angemessene technische und organisatorische Ma\u00dfnahmen ein, die den Risiken angemessen sind, um sicherzustellen, dass Ihre Daten nicht gesch\u00e4digt werden, z. B. durch unbefugte Weitergabe oder unbefugten Zugriff, versehentliche oder unrechtm\u00e4\u00dfige Zerst\u00f6rung oder versehentlichen Verlust oder \u00c4nderung und jede andere Form der unrechtm\u00e4\u00dfigen Verarbeitung.<\/li><li>Zugriff und Berichtigung: Wir haben die M\u00f6glichkeit, auf Ihre Daten zuzugreifen oder sie zu berichtigen, wann immer Sie dies f\u00fcr angebracht halten.<\/li><li>Aufbewahrung: Wir bewahren Ihre personenbezogenen Daten auf rechtm\u00e4\u00dfige und angemessene Weise und nur so lange auf, wie es f\u00fcr die Zwecke, f\u00fcr die sie erhoben wurden, erforderlich ist.<\/li><li>Internationale \u00dcbermittlung: Wenn Ihre Daten au\u00dferhalb der EU\/des EWR \u00fcbermittelt werden sollen, werden sie angemessen gesch\u00fctzt.<\/li><li>Dritte: Der Zugriff auf und die Weitergabe von personenbezogenen Daten an Dritte erfolgt in \u00dcbereinstimmung mit den geltenden Gesetzen und Vorschriften und mit angemessenen vertraglichen Garantien.<\/li><li>Direktmarketing und Cookies: Wir halten uns an die geltende Gesetzgebung zu Werbung und Cookies.<\/li><\/ul>\t\t\t\t\t\t\t\t<\/div>\n\t\t\t\t<\/div>\n\t\t\t\t<div class=\"elementor-element elementor-element-8cbcd73 elementor-widget elementor-widget-text-editor\" data-id=\"8cbcd73\" data-element_type=\"widget\" data-e-type=\"widget\" data-widget_type=\"text-editor.default\">\n\t\t\t\t<div class=\"elementor-widget-container\">\n\t\t\t\t\t\t\t\t\t<p><strong>ERHEBUNG UND VERARBEITUNG IHRER PERSONENBEZOGENEN DATEN<\/strong><br>Die Arten der angeforderten und verarbeiteten Daten sind:<\/p><ul><li>Daten mit identifizierendem Charakter, pers\u00f6nliche Merkmale und soziale Umst\u00e4nde.<\/li><li>Finanzdaten, falls zutreffend.<\/li><\/ul><p><span style=\"letter-spacing: 0px;\">Wir sammeln auch automatisch Daten \u00fcber Ihren Besuch auf unserer Website, wie im Abschnitt &#8220;Verwendung von Cookies&#8221; unten beschrieben.<\/span><\/p><p>Wann immer wir Ihre pers\u00f6nlichen Daten abfragen, werden wir Sie klar dar\u00fcber informieren, welche pers\u00f6nlichen Daten wir sammeln und zu welchem Zweck. Im Allgemeinen erheben und verarbeiten wir Ihre personenbezogenen Daten f\u00fcr folgende Zwecke: <\/p><ul><li>Zur Bereitstellung von Informationen \u00fcber unsere Produkte und Dienstleistungen.<\/li><li>Erbringung unserer Dienstleistungen.<\/li><li>Beantworten Sie Ihre Anfragen und W\u00fcnsche.<\/li><\/ul>\t\t\t\t\t\t\t\t<\/div>\n\t\t\t\t<\/div>\n\t\t\t\t<div class=\"elementor-element elementor-element-00c88cc elementor-widget elementor-widget-text-editor\" data-id=\"00c88cc\" data-element_type=\"widget\" data-e-type=\"widget\" data-widget_type=\"text-editor.default\">\n\t\t\t\t<div class=\"elementor-widget-container\">\n\t\t\t\t\t\t\t\t\t<p><b>LEGITIMIT\u00c4T<\/b><\/p><p>In \u00dcbereinstimmung mit den geltenden Datenschutzbestimmungen k\u00f6nnen Ihre personenbezogenen Daten verarbeitet werden, wenn:<\/p><ul><li>Sie haben uns Ihre Zustimmung f\u00fcr die Zwecke der Verarbeitung gegeben. Sie k\u00f6nnen Ihre Zustimmung nat\u00fcrlich jederzeit widerrufen. <\/li><li>Sie ist f\u00fcr die Erbringung einer unserer Dienstleistungen im Rahmen einer vertraglichen Beziehung zwischen Ihnen und uns erforderlich.<\/li><li>Mit einer solchen Verarbeitung verfolgen wir ein berechtigtes Interesse, das nicht durch Ihre Datenschutzrechte beeintr\u00e4chtigt wird. Ein solches berechtigtes Interesse wird Ihnen in der Datenschutzerkl\u00e4rung f\u00fcr die betreffende Verarbeitung ordnungsgem\u00e4\u00df mitgeteilt. <\/li><li>Es ist gesetzlich vorgeschrieben<\/li><\/ul>\t\t\t\t\t\t\t\t<\/div>\n\t\t\t\t<\/div>\n\t\t\t\t<div class=\"elementor-element elementor-element-de3a2ca elementor-widget elementor-widget-text-editor\" data-id=\"de3a2ca\" data-element_type=\"widget\" data-e-type=\"widget\" data-widget_type=\"text-editor.default\">\n\t\t\t\t<div class=\"elementor-widget-container\">\n\t\t\t\t\t\t\t\t\t<p><b>IHRE RECHTE<\/b><\/p><p>Im Zusammenhang mit der Erhebung und Verarbeitung Ihrer pers\u00f6nlichen Daten k\u00f6nnen Sie sich jederzeit an uns wenden:<\/p><ul><li>Um zu erfahren, ob wir Ihre pers\u00f6nlichen Daten verarbeiten.<\/li><li>Zugang zu Ihren pers\u00f6nlichen Daten und allen anderen Informationen, die in Artikel 15.1 der DSGVO genannt werden.<\/li><li>Ihre pers\u00f6nlichen Daten, die unrichtig oder unvollst\u00e4ndig sind, gem\u00e4\u00df Artikel 16 der DSGVO zu berichtigen.<\/li><li>Ihre pers\u00f6nlichen Daten in \u00dcbereinstimmung mit Artikel 17 der DSGVO zu l\u00f6schen.<\/li><li>Die Verarbeitung Ihrer personenbezogenen Daten gem\u00e4\u00df Artikel 18 der DSGVO einzuschr\u00e4nken.<\/li><li>die \u00dcbertragbarkeit Ihrer Daten in \u00dcbereinstimmung mit Artikel 20 der DSGVO zu beantragen.<\/li><li>der Verarbeitung Ihrer personenbezogenen Daten gem\u00e4\u00df Artikel 21 der DSGVO zu widersprechen.<\/li><\/ul><p>Wenn Sie Ihre Einwilligung f\u00fcr einen bestimmten Zweck gegeben haben, haben Sie das Recht, Ihre Einwilligung jederzeit zu widerrufen, ohne dass die Rechtm\u00e4\u00dfigkeit der Verarbeitung, die auf Ihrer Einwilligung vor dem Widerruf beruht, ber\u00fchrt wird. Um Ihre Rechte auszu\u00fcben, k\u00f6nnen Sie uns eine Mitteilung an correodelcliente senden <\/p>\t\t\t\t\t\t\t\t<\/div>\n\t\t\t\t<\/div>\n\t\t\t\t<div class=\"elementor-element elementor-element-2d08dde elementor-widget elementor-widget-text-editor\" data-id=\"2d08dde\" data-element_type=\"widget\" data-e-type=\"widget\" data-widget_type=\"text-editor.default\">\n\t\t\t\t<div class=\"elementor-widget-container\">\n\t\t\t\t\t\t\t\t\t<p><b>RECHTLICHE INFORMATIONEN<br><\/b>Die Anforderungen dieser Richtlinie erg\u00e4nzen und ersetzen nicht andere Anforderungen, die nach geltendem Datenschutzrecht bestehen, welches in jedem Fall Vorrang hat.<\/p><p>Diese Richtlinie unterliegt einer regelm\u00e4\u00dfigen \u00dcberpr\u00fcfung und kann vom Unternehmen jederzeit ge\u00e4ndert werden. Wenn dies der Fall ist, werden wir Sie \u00fcber alle \u00c4nderungen informieren und Sie bitten, die neueste Version unserer Richtlinie erneut zu lesen und Ihre Zustimmung zu best\u00e4tigen. <\/p><p>Zuletzt aktualisiert: DEZEMBER 2025.<\/p>\t\t\t\t\t\t\t\t<\/div>\n\t\t\t\t<\/div>\n\t\t\t\t\t<\/div>\n\t\t\t\t<\/div>\n\t\t\t\t<\/div>\n\t\t","protected":false},"excerpt":{"rendered":"<p>Datenschutzbestimmungen BENUTZERINFORMATIONEN Die TORIVAC GROUP als f\u00fcr die Datenverarbeitung Verantwortlicher teilt Ihnen mit, dass wir Ihre Daten gem\u00e4\u00df den Bestimmungen der Verordnung (EU) 2016\/679 vom 27.<span class=\"excerpt-hellip\"> [\u2026]<\/span><\/p>\n","protected":false},"author":3,"featured_media":0,"parent":0,"menu_order":0,"comment_status":"closed","ping_status":"closed","template":"","meta":{"_acf_changed":false,"footnotes":""},"class_list":["post-15711","page","type-page","status-publish","hentry"],"acf":[],"yoast_head":"<!-- This site is optimized with the Yoast SEO plugin v27.2 - https:\/\/yoast.com\/product\/yoast-seo-wordpress\/ -->\n<title>Datenschutzbestimmungen - Torivac<\/title>\n<meta name=\"description\" content=\"%\" \/>\n<meta name=\"robots\" content=\"index, follow, max-snippet:-1, max-image-preview:large, max-video-preview:-1\" \/>\n<link rel=\"canonical\" href=\"https:\/\/grupotorivac.com\/de\/datenschutzbestimmungen\/\" \/>\n<meta property=\"og:locale\" content=\"de_DE\" \/>\n<meta property=\"og:type\" content=\"article\" \/>\n<meta property=\"og:title\" content=\"Datenschutzbestimmungen - Torivac\" \/>\n<meta property=\"og:description\" content=\"%\" \/>\n<meta property=\"og:url\" content=\"https:\/\/grupotorivac.com\/de\/datenschutzbestimmungen\/\" \/>\n<meta property=\"og:site_name\" content=\"Torivac\" \/>\n<meta property=\"article:modified_time\" content=\"2026-03-09T20:00:29+00:00\" \/>\n<meta property=\"og:image\" content=\"https:\/\/grupotorivac.com\/wp-content\/uploads\/2025\/02\/Diseno-sin-titulo-73.png\" \/>\n\t<meta property=\"og:image:width\" content=\"250\" \/>\n\t<meta property=\"og:image:height\" content=\"250\" \/>\n\t<meta property=\"og:image:type\" content=\"image\/png\" \/>\n<meta name=\"twitter:card\" content=\"summary_large_image\" \/>\n<meta name=\"twitter:label1\" content=\"Gesch\u00e4tzte Lesezeit\" \/>\n\t<meta name=\"twitter:data1\" content=\"4\u00a0Minuten\" \/>\n<script type=\"application\/ld+json\" class=\"yoast-schema-graph\">{\"@context\":\"https:\/\/schema.org\",\"@graph\":[{\"@type\":[\"Article\",\"BlogPosting\"],\"@id\":\"https:\/\/grupotorivac.com\/de\/datenschutzbestimmungen\/#article\",\"isPartOf\":{\"@id\":\"https:\/\/grupotorivac.com\/de\/datenschutzbestimmungen\/\"},\"author\":{\"name\":\"Franco Santiso\",\"@id\":\"https:\/\/grupotorivac.com\/#\/schema\/person\/66a7a9ac227ee4c0306e33ff34be3c24\"},\"headline\":\"Datenschutzbestimmungen\",\"datePublished\":\"2025-12-10T11:17:16+00:00\",\"dateModified\":\"2026-03-09T20:00:29+00:00\",\"mainEntityOfPage\":{\"@id\":\"https:\/\/grupotorivac.com\/de\/datenschutzbestimmungen\/\"},\"wordCount\":873,\"publisher\":{\"@id\":\"https:\/\/grupotorivac.com\/#organization\"},\"inLanguage\":\"de\"},{\"@type\":\"WebPage\",\"@id\":\"https:\/\/grupotorivac.com\/de\/datenschutzbestimmungen\/\",\"url\":\"https:\/\/grupotorivac.com\/de\/datenschutzbestimmungen\/\",\"name\":\"Datenschutzbestimmungen - Torivac\",\"isPartOf\":{\"@id\":\"https:\/\/grupotorivac.com\/#website\"},\"datePublished\":\"2025-12-10T11:17:16+00:00\",\"dateModified\":\"2026-03-09T20:00:29+00:00\",\"description\":\"%\",\"breadcrumb\":{\"@id\":\"https:\/\/grupotorivac.com\/de\/datenschutzbestimmungen\/#breadcrumb\"},\"inLanguage\":\"de\",\"potentialAction\":[{\"@type\":\"ReadAction\",\"target\":[\"https:\/\/grupotorivac.com\/de\/datenschutzbestimmungen\/\"]}]},{\"@type\":\"BreadcrumbList\",\"@id\":\"https:\/\/grupotorivac.com\/de\/datenschutzbestimmungen\/#breadcrumb\",\"itemListElement\":[{\"@type\":\"ListItem\",\"position\":1,\"name\":\"Portada\",\"item\":\"https:\/\/grupotorivac.com\/de\/\"},{\"@type\":\"ListItem\",\"position\":2,\"name\":\"Datenschutzbestimmungen\"}]},{\"@type\":\"WebSite\",\"@id\":\"https:\/\/grupotorivac.com\/#website\",\"url\":\"https:\/\/grupotorivac.com\/\",\"name\":\"Torivac\",\"description\":\"Especializados en dise\u00f1o y fabricaci\u00f3n de variados de tensi\u00f3n\",\"publisher\":{\"@id\":\"https:\/\/grupotorivac.com\/#organization\"},\"alternateName\":\"Torivac S.L\",\"potentialAction\":[{\"@type\":\"SearchAction\",\"target\":{\"@type\":\"EntryPoint\",\"urlTemplate\":\"https:\/\/grupotorivac.com\/?s={search_term_string}\"},\"query-input\":{\"@type\":\"PropertyValueSpecification\",\"valueRequired\":true,\"valueName\":\"search_term_string\"}}],\"inLanguage\":\"de\"},{\"@type\":\"Organization\",\"@id\":\"https:\/\/grupotorivac.com\/#organization\",\"name\":\"Torivac\",\"alternateName\":\"Torivac S.L\",\"url\":\"https:\/\/grupotorivac.com\/\",\"logo\":{\"@type\":\"ImageObject\",\"inLanguage\":\"de\",\"@id\":\"https:\/\/grupotorivac.com\/#\/schema\/logo\/image\/\",\"url\":\"https:\/\/grupotorivac.com\/wp-content\/uploads\/2025\/02\/Diseno-sin-titulo-73.png\",\"contentUrl\":\"https:\/\/grupotorivac.com\/wp-content\/uploads\/2025\/02\/Diseno-sin-titulo-73.png\",\"width\":250,\"height\":250,\"caption\":\"Torivac\"},\"image\":{\"@id\":\"https:\/\/grupotorivac.com\/#\/schema\/logo\/image\/\"}},{\"@type\":\"Person\",\"@id\":\"https:\/\/grupotorivac.com\/#\/schema\/person\/66a7a9ac227ee4c0306e33ff34be3c24\",\"name\":\"Franco Santiso\",\"image\":{\"@type\":\"ImageObject\",\"inLanguage\":\"de\",\"@id\":\"https:\/\/secure.gravatar.com\/avatar\/3e691e40ad87da5eb1e273b36578b364bae76a43c3de9c1754bae6b45966b3f4?s=96&d=mm&r=g\",\"url\":\"https:\/\/secure.gravatar.com\/avatar\/3e691e40ad87da5eb1e273b36578b364bae76a43c3de9c1754bae6b45966b3f4?s=96&d=mm&r=g\",\"contentUrl\":\"https:\/\/secure.gravatar.com\/avatar\/3e691e40ad87da5eb1e273b36578b364bae76a43c3de9c1754bae6b45966b3f4?s=96&d=mm&r=g\",\"caption\":\"Franco Santiso\"},\"url\":\"https:\/\/grupotorivac.com\/de\/author\/francoadm\/\"}]}<\/script>\n<!-- \/ Yoast SEO plugin. -->","yoast_head_json":{"title":"Datenschutzbestimmungen - Torivac","description":"%","robots":{"index":"index","follow":"follow","max-snippet":"max-snippet:-1","max-image-preview":"max-image-preview:large","max-video-preview":"max-video-preview:-1"},"canonical":"https:\/\/grupotorivac.com\/de\/datenschutzbestimmungen\/","og_locale":"de_DE","og_type":"article","og_title":"Datenschutzbestimmungen - Torivac","og_description":"%","og_url":"https:\/\/grupotorivac.com\/de\/datenschutzbestimmungen\/","og_site_name":"Torivac","article_modified_time":"2026-03-09T20:00:29+00:00","og_image":[{"width":250,"height":250,"url":"https:\/\/grupotorivac.com\/wp-content\/uploads\/2025\/02\/Diseno-sin-titulo-73.png","type":"image\/png"}],"twitter_card":"summary_large_image","twitter_misc":{"Gesch\u00e4tzte Lesezeit":"4\u00a0Minuten"},"schema":{"@context":"https:\/\/schema.org","@graph":[{"@type":["Article","BlogPosting"],"@id":"https:\/\/grupotorivac.com\/de\/datenschutzbestimmungen\/#article","isPartOf":{"@id":"https:\/\/grupotorivac.com\/de\/datenschutzbestimmungen\/"},"author":{"name":"Franco Santiso","@id":"https:\/\/grupotorivac.com\/#\/schema\/person\/66a7a9ac227ee4c0306e33ff34be3c24"},"headline":"Datenschutzbestimmungen","datePublished":"2025-12-10T11:17:16+00:00","dateModified":"2026-03-09T20:00:29+00:00","mainEntityOfPage":{"@id":"https:\/\/grupotorivac.com\/de\/datenschutzbestimmungen\/"},"wordCount":873,"publisher":{"@id":"https:\/\/grupotorivac.com\/#organization"},"inLanguage":"de"},{"@type":"WebPage","@id":"https:\/\/grupotorivac.com\/de\/datenschutzbestimmungen\/","url":"https:\/\/grupotorivac.com\/de\/datenschutzbestimmungen\/","name":"Datenschutzbestimmungen - Torivac","isPartOf":{"@id":"https:\/\/grupotorivac.com\/#website"},"datePublished":"2025-12-10T11:17:16+00:00","dateModified":"2026-03-09T20:00:29+00:00","description":"%","breadcrumb":{"@id":"https:\/\/grupotorivac.com\/de\/datenschutzbestimmungen\/#breadcrumb"},"inLanguage":"de","potentialAction":[{"@type":"ReadAction","target":["https:\/\/grupotorivac.com\/de\/datenschutzbestimmungen\/"]}]},{"@type":"BreadcrumbList","@id":"https:\/\/grupotorivac.com\/de\/datenschutzbestimmungen\/#breadcrumb","itemListElement":[{"@type":"ListItem","position":1,"name":"Portada","item":"https:\/\/grupotorivac.com\/de\/"},{"@type":"ListItem","position":2,"name":"Datenschutzbestimmungen"}]},{"@type":"WebSite","@id":"https:\/\/grupotorivac.com\/#website","url":"https:\/\/grupotorivac.com\/","name":"Torivac","description":"Especializados en dise\u00f1o y fabricaci\u00f3n de variados de tensi\u00f3n","publisher":{"@id":"https:\/\/grupotorivac.com\/#organization"},"alternateName":"Torivac S.L","potentialAction":[{"@type":"SearchAction","target":{"@type":"EntryPoint","urlTemplate":"https:\/\/grupotorivac.com\/?s={search_term_string}"},"query-input":{"@type":"PropertyValueSpecification","valueRequired":true,"valueName":"search_term_string"}}],"inLanguage":"de"},{"@type":"Organization","@id":"https:\/\/grupotorivac.com\/#organization","name":"Torivac","alternateName":"Torivac S.L","url":"https:\/\/grupotorivac.com\/","logo":{"@type":"ImageObject","inLanguage":"de","@id":"https:\/\/grupotorivac.com\/#\/schema\/logo\/image\/","url":"https:\/\/grupotorivac.com\/wp-content\/uploads\/2025\/02\/Diseno-sin-titulo-73.png","contentUrl":"https:\/\/grupotorivac.com\/wp-content\/uploads\/2025\/02\/Diseno-sin-titulo-73.png","width":250,"height":250,"caption":"Torivac"},"image":{"@id":"https:\/\/grupotorivac.com\/#\/schema\/logo\/image\/"}},{"@type":"Person","@id":"https:\/\/grupotorivac.com\/#\/schema\/person\/66a7a9ac227ee4c0306e33ff34be3c24","name":"Franco Santiso","image":{"@type":"ImageObject","inLanguage":"de","@id":"https:\/\/secure.gravatar.com\/avatar\/3e691e40ad87da5eb1e273b36578b364bae76a43c3de9c1754bae6b45966b3f4?s=96&d=mm&r=g","url":"https:\/\/secure.gravatar.com\/avatar\/3e691e40ad87da5eb1e273b36578b364bae76a43c3de9c1754bae6b45966b3f4?s=96&d=mm&r=g","contentUrl":"https:\/\/secure.gravatar.com\/avatar\/3e691e40ad87da5eb1e273b36578b364bae76a43c3de9c1754bae6b45966b3f4?s=96&d=mm&r=g","caption":"Franco Santiso"},"url":"https:\/\/grupotorivac.com\/de\/author\/francoadm\/"}]}},"_links":{"self":[{"href":"https:\/\/grupotorivac.com\/de\/wp-json\/wp\/v2\/pages\/15711","targetHints":{"allow":["GET"]}}],"collection":[{"href":"https:\/\/grupotorivac.com\/de\/wp-json\/wp\/v2\/pages"}],"about":[{"href":"https:\/\/grupotorivac.com\/de\/wp-json\/wp\/v2\/types\/page"}],"author":[{"embeddable":true,"href":"https:\/\/grupotorivac.com\/de\/wp-json\/wp\/v2\/users\/3"}],"replies":[{"embeddable":true,"href":"https:\/\/grupotorivac.com\/de\/wp-json\/wp\/v2\/comments?post=15711"}],"version-history":[{"count":1,"href":"https:\/\/grupotorivac.com\/de\/wp-json\/wp\/v2\/pages\/15711\/revisions"}],"predecessor-version":[{"id":15712,"href":"https:\/\/grupotorivac.com\/de\/wp-json\/wp\/v2\/pages\/15711\/revisions\/15712"}],"wp:attachment":[{"href":"https:\/\/grupotorivac.com\/de\/wp-json\/wp\/v2\/media?parent=15711"}],"curies":[{"name":"wp","href":"https:\/\/api.w.org\/{rel}","templated":true}]}}