{"id":15702,"date":"2025-12-10T11:26:43","date_gmt":"2025-12-10T11:26:43","guid":{"rendered":"https:\/\/grupotorivac.com\/declaracion-de-accesibilidad\/"},"modified":"2026-03-09T19:53:58","modified_gmt":"2026-03-09T19:53:58","slug":"declaracion-de-accesibilidad","status":"publish","type":"page","link":"https:\/\/grupotorivac.com\/de\/declaracion-de-accesibilidad\/","title":{"rendered":"Erkl\u00e4rung zur Zug\u00e4nglichkeit"},"content":{"rendered":"\t\t<div data-elementor-type=\"wp-page\" data-elementor-id=\"15702\" class=\"elementor elementor-15702 elementor-14774\" data-elementor-post-type=\"page\">\n\t\t\t\t<div class=\"elementor-element elementor-element-c3fab39 e-flex e-con-boxed e-con e-parent\" data-id=\"c3fab39\" data-element_type=\"container\" data-e-type=\"container\">\n\t\t\t\t\t<div class=\"e-con-inner\">\n\t\t\t\t<div class=\"elementor-element elementor-element-860a646 elementor-widget elementor-widget-heading\" data-id=\"860a646\" data-element_type=\"widget\" data-e-type=\"widget\" data-widget_type=\"heading.default\">\n\t\t\t\t<div class=\"elementor-widget-container\">\n\t\t\t\t\t<h2 class=\"elementor-heading-title elementor-size-default\">Erkl\u00e4rung zur Zug\u00e4nglichkeit<span><\/span><\/h2>\t\t\t\t<\/div>\n\t\t\t\t<\/div>\n\t\t\t\t<div class=\"elementor-element elementor-element-8688278 elementor-widget elementor-widget-text-editor\" data-id=\"8688278\" data-element_type=\"widget\" data-e-type=\"widget\" data-widget_type=\"text-editor.default\">\n\t\t\t\t<div class=\"elementor-widget-container\">\n\t\t\t\t\t\t\t\t\t<p>https:\/\/grupotorivac.com<br><b>KOMPLIZIERUNGSSITUATION<br><\/b>Die Torivac Gruppe (im Folgenden auch Website) erf\u00fcllt teilweise die Anforderungen des K\u00f6niglichen Dekrets 1112\/2018 vom 7. September, da die unten aufgef\u00fchrten Aspekte nicht erf\u00fcllt sind.<\/p>\t\t\t\t\t\t\t\t<\/div>\n\t\t\t\t<\/div>\n\t\t\t\t<div class=\"elementor-element elementor-element-fd16cbf elementor-widget elementor-widget-text-editor\" data-id=\"fd16cbf\" data-element_type=\"widget\" data-e-type=\"widget\" data-widget_type=\"text-editor.default\">\n\t\t\t\t<div class=\"elementor-widget-container\">\n\t\t\t\t\t\t\t\t\t<p><strong>Inhalt nicht zug\u00e4nglich<\/strong><br>Der unten aufgef\u00fchrte Inhalt ist aus den folgenden Gr\u00fcnden nicht zug\u00e4nglich:<\/p><p>a. Nichteinhaltung des RD 1112\/2018: Nicht zutreffend. Erf\u00fcllt 100% der Kriterien f\u00fcr die Barrierefreiheit im Internet. <br><span style=\"letter-spacing: 0px;\">b. Unverh\u00e4ltnism\u00e4\u00dfige Belastung: Nicht zutreffend. <br><\/span><span style=\"letter-spacing: 0px;\">c. Der Inhalt f\u00e4llt nicht in den Geltungsbereich der geltenden Gesetzgebung: <\/span><\/p><p>Es kann vorkommen, dass PDF-Dateien und andere Dateien der B\u00fcroautomation, die vor dem 20. September 2018 ver\u00f6ffentlicht wurden, nicht alle Anforderungen an die Barrierefreiheit erf\u00fcllen. Es wurden jedoch Anstrengungen unternommen, um sicherzustellen, dass die meisten von ihnen dies tun. <br>Es kann Inhalte von Dritten geben, die nicht von dieser Einheit entwickelt wurden oder unter deren Kontrolle stehen, wie z. B. Bilder, interaktive Karten, Videos, Dokumente, Player usw.<br>Es kann sein, dass vor dem 20. September 2018 aufgezeichnete Dateien ver\u00f6ffentlicht wurden, die nicht alle Anforderungen an die Barrierefreiheit vollst\u00e4ndig erf\u00fcllen.<br>Teile oder die gesamte Website k\u00f6nnen mit einem CMS (WordPress, Shopify, PrestaShop usw.) erstellt worden sein, so dass aufgrund von Aktualisierungen oder \u00c4nderungen in den Systemen m\u00f6glicherweise nicht alle generierten oder selbst erstellten Inhalte allen Zug\u00e4nglichkeitsvorschriften entsprechen.<br>Vorbereitung dieser Erkl\u00e4rung zur Zug\u00e4nglichkeit<\/p><p>Die Methode zur Erstellung der Erkl\u00e4rung war eine Selbsteinsch\u00e4tzung, die das Unternehmen selbst vorgenommen hat.<\/p>\t\t\t\t\t\t\t\t<\/div>\n\t\t\t\t<\/div>\n\t\t\t\t<div class=\"elementor-element elementor-element-d1def15 elementor-widget elementor-widget-text-editor\" data-id=\"d1def15\" data-element_type=\"widget\" data-e-type=\"widget\" data-widget_type=\"text-editor.default\">\n\t\t\t\t<div class=\"elementor-widget-container\">\n\t\t\t\t\t\t\t\t\t<p><strong>Kommentare und Kontaktdaten<\/strong><br>Sie k\u00f6nnen Mitteilungen \u00fcber die Anforderungen an die Zug\u00e4nglichkeit (Artikel 10.2.a des K\u00f6niglichen Dekrets 1112\/2018 vom 7. September) machen, wie z.B.:<\/p><p>Um etwaige Verst\u00f6\u00dfe gegen die Bestimmungen dieser Website zu melden.<br>Um andere Schwierigkeiten beim Zugriff auf den Inhalt zu melden.<br>Um sonstige Anfragen oder Verbesserungsvorschl\u00e4ge bez\u00fcglich der Zug\u00e4nglichkeit der Website zu machen.<br>\u00dcber die folgenden Kan\u00e4le:<\/p><p style=\"font-style: normal; font-variant-ligatures: normal; font-variant-caps: normal; font-weight: 400; font-size: 15px; font-family: Archivo, Helvetica, Arial, sans-serif;\">Kontakttelefon: <span class=\"blanc-space ng-binding\">+34 93 312 01 61<br><\/span>Kontakt-E-Mail: <span class=\"blanc-space ng-binding\">info@torivac.com<\/span><\/p><p>Gem\u00e4\u00df Artikel 10.2.b des RD 1112\/2018 k\u00f6nnen Sie auch einreichen:<\/p><p>Eine Beschwerde in Bezug auf die Einhaltung der Anforderungen des RD 1112\/2018.<br>Ein Antrag auf zug\u00e4ngliche Informationen in Bezug auf:<br>Inhalte, die gem\u00e4\u00df Artikel 3, Absatz 4 vom Anwendungsbereich des RD 1112\/2018 ausgenommen sind.<br>Inhalte, die von der Einhaltung der Anforderungen an die Zug\u00e4nglichkeit ausgenommen sind, weil sie eine unverh\u00e4ltnism\u00e4\u00dfige Belastung darstellen.<br>Der Antrag auf zug\u00e4ngliche Informationen muss die Fakten, die Gr\u00fcnde und den Antrag klar benennen, die es erm\u00f6glichen, festzustellen, dass es sich um einen angemessenen und legitimen Antrag handelt.<\/p><p>Die Mitteilungen werden von der Gesch\u00e4ftsleitung des Unternehmens empfangen und bearbeitet, die f\u00fcr den Inhalt dieser Website verantwortlich ist.<\/p>\t\t\t\t\t\t\t\t<\/div>\n\t\t\t\t<\/div>\n\t\t\t\t<div class=\"elementor-element elementor-element-ed04e58 elementor-widget elementor-widget-text-editor\" data-id=\"ed04e58\" data-element_type=\"widget\" data-e-type=\"widget\" data-widget_type=\"text-editor.default\">\n\t\t\t\t<div class=\"elementor-widget-container\">\n\t\t\t\t\t\t\t\t\t<p><strong>Optionaler Inhalt<\/strong><br>Die derzeit sichtbare Version dieser Website datiert vom 26\/08\/2024 und die aktuelle Zug\u00e4nglichkeitsstufe wurde zu diesem Zeitpunkt \u00fcberpr\u00fcft.<\/p><p>Ab diesem Datum werden neue oder ge\u00e4nderte Webinhalte teilweise t\u00e4glich \u00fcberpr\u00fcft, sowohl die Vorlagen als auch die endg\u00fcltigen Seiten und Dokumente, die ver\u00f6ffentlicht werden, um die Einhaltung der Zug\u00e4nglichkeitsanforderungen der Norm UNE-EN 301549:2022 unter Ber\u00fccksichtigung der Ausnahmen des K\u00f6niglichen Dekrets 1112\/2018 vom 7. September sicherzustellen.<\/p><p>Unter anderem werden die folgenden Ma\u00dfnahmen ergriffen, um die Zug\u00e4nglichkeit zu erleichtern:<\/p><p>Verwendung von alternativem Text auf Bildern.<br>Links enthalten Details zur Funktion oder zum Ziel des Hyperlinks.<br>Verwendung von W3C-Standards: XHTML 1.0, CSS 3.0, WAI AA.<\/p>\t\t\t\t\t\t\t\t<\/div>\n\t\t\t\t<\/div>\n\t\t\t\t<div class=\"elementor-element elementor-element-dd6a5fc elementor-widget elementor-widget-text-editor\" data-id=\"dd6a5fc\" data-element_type=\"widget\" data-e-type=\"widget\" data-widget_type=\"text-editor.default\">\n\t\t\t\t<div class=\"elementor-widget-container\">\n\t\t\t\t\t\t\t\t\t<p><strong>Kompatibilit\u00e4t<\/strong><br>Die Website:<\/p><p>wurde unter Ber\u00fccksichtigung der geltenden Normen und Vorschriften f\u00fcr Barrierefreiheit entwickelt und entspricht den in den Web Content Accessibility Guidelines (WCAG 2.1) definierten Pr\u00fcfpunkten der Priorit\u00e4t 2 (AA).<br>ist f\u00fcr die neuesten Versionen von Chrome, Edge, Firefox, Safari und Opera optimiert.<br>ist so konzipiert, dass es in jeder Aufl\u00f6sung und auf jedem Desktop, Tablet oder mobilen Ger\u00e4t korrekt angezeigt wird (responsive Design).<br>wurde unter Verwendung von HTML5 als Auszeichnungssprache und CSS 3 Style Sheets f\u00fcr das Design entwickelt.<br>Dar\u00fcber hinaus werden die Inhalte st\u00e4ndig \u00fcberpr\u00fcft und \u00fcberarbeitet, um die Interpretation zu erleichtern und die Navigation durch das Webportal zu verbessern.<\/p><p>Dieses Dokument zur Zug\u00e4nglichkeitserkl\u00e4rung wurde mit dem kostenlosen Online-Generator f\u00fcr Zug\u00e4nglichkeitserkl\u00e4rungen am 26\/08\/2024 erstellt.<\/p>\t\t\t\t\t\t\t\t<\/div>\n\t\t\t\t<\/div>\n\t\t\t\t\t<\/div>\n\t\t\t\t<\/div>\n\t\t\t\t<\/div>\n\t\t","protected":false},"excerpt":{"rendered":"<p>Erkl\u00e4rung zur Zug\u00e4nglichkeit https:\/\/grupotorivac.comKOMPLIZIERUNGSSITUATIONDie Torivac Gruppe (im Folgenden auch Website) erf\u00fcllt teilweise die Anforderungen des K\u00f6niglichen Dekrets 1112\/2018 vom 7. September, da die unten aufgef\u00fchrten Aspekte<span class=\"excerpt-hellip\"> [\u2026]<\/span><\/p>\n","protected":false},"author":3,"featured_media":0,"parent":0,"menu_order":0,"comment_status":"closed","ping_status":"closed","template":"","meta":{"_acf_changed":false,"footnotes":""},"class_list":["post-15702","page","type-page","status-publish","hentry"],"acf":[],"yoast_head":"<!-- This site is optimized with the Yoast SEO plugin v27.2 - https:\/\/yoast.com\/product\/yoast-seo-wordpress\/ -->\n<title>Erkl\u00e4rung zur Zug\u00e4nglichkeit - Torivac<\/title>\n<meta name=\"description\" content=\"%\" \/>\n<meta name=\"robots\" content=\"index, follow, max-snippet:-1, max-image-preview:large, max-video-preview:-1\" \/>\n<link rel=\"canonical\" href=\"https:\/\/grupotorivac.com\/de\/declaracion-de-accesibilidad\/\" \/>\n<meta property=\"og:locale\" content=\"de_DE\" \/>\n<meta property=\"og:type\" content=\"article\" \/>\n<meta property=\"og:title\" content=\"Erkl\u00e4rung zur Zug\u00e4nglichkeit - Torivac\" \/>\n<meta property=\"og:description\" content=\"%\" \/>\n<meta property=\"og:url\" content=\"https:\/\/grupotorivac.com\/de\/declaracion-de-accesibilidad\/\" \/>\n<meta property=\"og:site_name\" content=\"Torivac\" \/>\n<meta property=\"article:modified_time\" content=\"2026-03-09T19:53:58+00:00\" \/>\n<meta property=\"og:image\" content=\"https:\/\/grupotorivac.com\/wp-content\/uploads\/2025\/02\/Diseno-sin-titulo-73.png\" \/>\n\t<meta property=\"og:image:width\" content=\"250\" \/>\n\t<meta property=\"og:image:height\" content=\"250\" \/>\n\t<meta property=\"og:image:type\" content=\"image\/png\" \/>\n<meta name=\"twitter:card\" content=\"summary_large_image\" \/>\n<meta name=\"twitter:label1\" content=\"Gesch\u00e4tzte Lesezeit\" \/>\n\t<meta name=\"twitter:data1\" content=\"3\u00a0Minuten\" \/>\n<script type=\"application\/ld+json\" class=\"yoast-schema-graph\">{\"@context\":\"https:\/\/schema.org\",\"@graph\":[{\"@type\":[\"Article\",\"BlogPosting\"],\"@id\":\"https:\/\/grupotorivac.com\/de\/declaracion-de-accesibilidad\/#article\",\"isPartOf\":{\"@id\":\"https:\/\/grupotorivac.com\/de\/declaracion-de-accesibilidad\/\"},\"author\":{\"name\":\"Franco Santiso\",\"@id\":\"https:\/\/grupotorivac.com\/#\/schema\/person\/66a7a9ac227ee4c0306e33ff34be3c24\"},\"headline\":\"Erkl\u00e4rung zur Zug\u00e4nglichkeit\",\"datePublished\":\"2025-12-10T11:26:43+00:00\",\"dateModified\":\"2026-03-09T19:53:58+00:00\",\"mainEntityOfPage\":{\"@id\":\"https:\/\/grupotorivac.com\/de\/declaracion-de-accesibilidad\/\"},\"wordCount\":676,\"publisher\":{\"@id\":\"https:\/\/grupotorivac.com\/#organization\"},\"inLanguage\":\"de\"},{\"@type\":\"WebPage\",\"@id\":\"https:\/\/grupotorivac.com\/de\/declaracion-de-accesibilidad\/\",\"url\":\"https:\/\/grupotorivac.com\/de\/declaracion-de-accesibilidad\/\",\"name\":\"Erkl\u00e4rung zur Zug\u00e4nglichkeit - Torivac\",\"isPartOf\":{\"@id\":\"https:\/\/grupotorivac.com\/#website\"},\"datePublished\":\"2025-12-10T11:26:43+00:00\",\"dateModified\":\"2026-03-09T19:53:58+00:00\",\"description\":\"%\",\"breadcrumb\":{\"@id\":\"https:\/\/grupotorivac.com\/de\/declaracion-de-accesibilidad\/#breadcrumb\"},\"inLanguage\":\"de\",\"potentialAction\":[{\"@type\":\"ReadAction\",\"target\":[\"https:\/\/grupotorivac.com\/de\/declaracion-de-accesibilidad\/\"]}]},{\"@type\":\"BreadcrumbList\",\"@id\":\"https:\/\/grupotorivac.com\/de\/declaracion-de-accesibilidad\/#breadcrumb\",\"itemListElement\":[{\"@type\":\"ListItem\",\"position\":1,\"name\":\"Portada\",\"item\":\"https:\/\/grupotorivac.com\/de\/\"},{\"@type\":\"ListItem\",\"position\":2,\"name\":\"Erkl\u00e4rung zur Zug\u00e4nglichkeit\"}]},{\"@type\":\"WebSite\",\"@id\":\"https:\/\/grupotorivac.com\/#website\",\"url\":\"https:\/\/grupotorivac.com\/\",\"name\":\"Torivac\",\"description\":\"Especializados en dise\u00f1o y fabricaci\u00f3n de variados de tensi\u00f3n\",\"publisher\":{\"@id\":\"https:\/\/grupotorivac.com\/#organization\"},\"alternateName\":\"Torivac S.L\",\"potentialAction\":[{\"@type\":\"SearchAction\",\"target\":{\"@type\":\"EntryPoint\",\"urlTemplate\":\"https:\/\/grupotorivac.com\/?s={search_term_string}\"},\"query-input\":{\"@type\":\"PropertyValueSpecification\",\"valueRequired\":true,\"valueName\":\"search_term_string\"}}],\"inLanguage\":\"de\"},{\"@type\":\"Organization\",\"@id\":\"https:\/\/grupotorivac.com\/#organization\",\"name\":\"Torivac\",\"alternateName\":\"Torivac S.L\",\"url\":\"https:\/\/grupotorivac.com\/\",\"logo\":{\"@type\":\"ImageObject\",\"inLanguage\":\"de\",\"@id\":\"https:\/\/grupotorivac.com\/#\/schema\/logo\/image\/\",\"url\":\"https:\/\/grupotorivac.com\/wp-content\/uploads\/2025\/02\/Diseno-sin-titulo-73.png\",\"contentUrl\":\"https:\/\/grupotorivac.com\/wp-content\/uploads\/2025\/02\/Diseno-sin-titulo-73.png\",\"width\":250,\"height\":250,\"caption\":\"Torivac\"},\"image\":{\"@id\":\"https:\/\/grupotorivac.com\/#\/schema\/logo\/image\/\"}},{\"@type\":\"Person\",\"@id\":\"https:\/\/grupotorivac.com\/#\/schema\/person\/66a7a9ac227ee4c0306e33ff34be3c24\",\"name\":\"Franco Santiso\",\"image\":{\"@type\":\"ImageObject\",\"inLanguage\":\"de\",\"@id\":\"https:\/\/secure.gravatar.com\/avatar\/3e691e40ad87da5eb1e273b36578b364bae76a43c3de9c1754bae6b45966b3f4?s=96&d=mm&r=g\",\"url\":\"https:\/\/secure.gravatar.com\/avatar\/3e691e40ad87da5eb1e273b36578b364bae76a43c3de9c1754bae6b45966b3f4?s=96&d=mm&r=g\",\"contentUrl\":\"https:\/\/secure.gravatar.com\/avatar\/3e691e40ad87da5eb1e273b36578b364bae76a43c3de9c1754bae6b45966b3f4?s=96&d=mm&r=g\",\"caption\":\"Franco Santiso\"},\"url\":\"https:\/\/grupotorivac.com\/de\/author\/francoadm\/\"}]}<\/script>\n<!-- \/ Yoast SEO plugin. -->","yoast_head_json":{"title":"Erkl\u00e4rung zur Zug\u00e4nglichkeit - Torivac","description":"%","robots":{"index":"index","follow":"follow","max-snippet":"max-snippet:-1","max-image-preview":"max-image-preview:large","max-video-preview":"max-video-preview:-1"},"canonical":"https:\/\/grupotorivac.com\/de\/declaracion-de-accesibilidad\/","og_locale":"de_DE","og_type":"article","og_title":"Erkl\u00e4rung zur Zug\u00e4nglichkeit - Torivac","og_description":"%","og_url":"https:\/\/grupotorivac.com\/de\/declaracion-de-accesibilidad\/","og_site_name":"Torivac","article_modified_time":"2026-03-09T19:53:58+00:00","og_image":[{"width":250,"height":250,"url":"https:\/\/grupotorivac.com\/wp-content\/uploads\/2025\/02\/Diseno-sin-titulo-73.png","type":"image\/png"}],"twitter_card":"summary_large_image","twitter_misc":{"Gesch\u00e4tzte Lesezeit":"3\u00a0Minuten"},"schema":{"@context":"https:\/\/schema.org","@graph":[{"@type":["Article","BlogPosting"],"@id":"https:\/\/grupotorivac.com\/de\/declaracion-de-accesibilidad\/#article","isPartOf":{"@id":"https:\/\/grupotorivac.com\/de\/declaracion-de-accesibilidad\/"},"author":{"name":"Franco Santiso","@id":"https:\/\/grupotorivac.com\/#\/schema\/person\/66a7a9ac227ee4c0306e33ff34be3c24"},"headline":"Erkl\u00e4rung zur Zug\u00e4nglichkeit","datePublished":"2025-12-10T11:26:43+00:00","dateModified":"2026-03-09T19:53:58+00:00","mainEntityOfPage":{"@id":"https:\/\/grupotorivac.com\/de\/declaracion-de-accesibilidad\/"},"wordCount":676,"publisher":{"@id":"https:\/\/grupotorivac.com\/#organization"},"inLanguage":"de"},{"@type":"WebPage","@id":"https:\/\/grupotorivac.com\/de\/declaracion-de-accesibilidad\/","url":"https:\/\/grupotorivac.com\/de\/declaracion-de-accesibilidad\/","name":"Erkl\u00e4rung zur Zug\u00e4nglichkeit - Torivac","isPartOf":{"@id":"https:\/\/grupotorivac.com\/#website"},"datePublished":"2025-12-10T11:26:43+00:00","dateModified":"2026-03-09T19:53:58+00:00","description":"%","breadcrumb":{"@id":"https:\/\/grupotorivac.com\/de\/declaracion-de-accesibilidad\/#breadcrumb"},"inLanguage":"de","potentialAction":[{"@type":"ReadAction","target":["https:\/\/grupotorivac.com\/de\/declaracion-de-accesibilidad\/"]}]},{"@type":"BreadcrumbList","@id":"https:\/\/grupotorivac.com\/de\/declaracion-de-accesibilidad\/#breadcrumb","itemListElement":[{"@type":"ListItem","position":1,"name":"Portada","item":"https:\/\/grupotorivac.com\/de\/"},{"@type":"ListItem","position":2,"name":"Erkl\u00e4rung zur Zug\u00e4nglichkeit"}]},{"@type":"WebSite","@id":"https:\/\/grupotorivac.com\/#website","url":"https:\/\/grupotorivac.com\/","name":"Torivac","description":"Especializados en dise\u00f1o y fabricaci\u00f3n de variados de tensi\u00f3n","publisher":{"@id":"https:\/\/grupotorivac.com\/#organization"},"alternateName":"Torivac S.L","potentialAction":[{"@type":"SearchAction","target":{"@type":"EntryPoint","urlTemplate":"https:\/\/grupotorivac.com\/?s={search_term_string}"},"query-input":{"@type":"PropertyValueSpecification","valueRequired":true,"valueName":"search_term_string"}}],"inLanguage":"de"},{"@type":"Organization","@id":"https:\/\/grupotorivac.com\/#organization","name":"Torivac","alternateName":"Torivac S.L","url":"https:\/\/grupotorivac.com\/","logo":{"@type":"ImageObject","inLanguage":"de","@id":"https:\/\/grupotorivac.com\/#\/schema\/logo\/image\/","url":"https:\/\/grupotorivac.com\/wp-content\/uploads\/2025\/02\/Diseno-sin-titulo-73.png","contentUrl":"https:\/\/grupotorivac.com\/wp-content\/uploads\/2025\/02\/Diseno-sin-titulo-73.png","width":250,"height":250,"caption":"Torivac"},"image":{"@id":"https:\/\/grupotorivac.com\/#\/schema\/logo\/image\/"}},{"@type":"Person","@id":"https:\/\/grupotorivac.com\/#\/schema\/person\/66a7a9ac227ee4c0306e33ff34be3c24","name":"Franco Santiso","image":{"@type":"ImageObject","inLanguage":"de","@id":"https:\/\/secure.gravatar.com\/avatar\/3e691e40ad87da5eb1e273b36578b364bae76a43c3de9c1754bae6b45966b3f4?s=96&d=mm&r=g","url":"https:\/\/secure.gravatar.com\/avatar\/3e691e40ad87da5eb1e273b36578b364bae76a43c3de9c1754bae6b45966b3f4?s=96&d=mm&r=g","contentUrl":"https:\/\/secure.gravatar.com\/avatar\/3e691e40ad87da5eb1e273b36578b364bae76a43c3de9c1754bae6b45966b3f4?s=96&d=mm&r=g","caption":"Franco Santiso"},"url":"https:\/\/grupotorivac.com\/de\/author\/francoadm\/"}]}},"_links":{"self":[{"href":"https:\/\/grupotorivac.com\/de\/wp-json\/wp\/v2\/pages\/15702","targetHints":{"allow":["GET"]}}],"collection":[{"href":"https:\/\/grupotorivac.com\/de\/wp-json\/wp\/v2\/pages"}],"about":[{"href":"https:\/\/grupotorivac.com\/de\/wp-json\/wp\/v2\/types\/page"}],"author":[{"embeddable":true,"href":"https:\/\/grupotorivac.com\/de\/wp-json\/wp\/v2\/users\/3"}],"replies":[{"embeddable":true,"href":"https:\/\/grupotorivac.com\/de\/wp-json\/wp\/v2\/comments?post=15702"}],"version-history":[{"count":1,"href":"https:\/\/grupotorivac.com\/de\/wp-json\/wp\/v2\/pages\/15702\/revisions"}],"predecessor-version":[{"id":15704,"href":"https:\/\/grupotorivac.com\/de\/wp-json\/wp\/v2\/pages\/15702\/revisions\/15704"}],"wp:attachment":[{"href":"https:\/\/grupotorivac.com\/de\/wp-json\/wp\/v2\/media?parent=15702"}],"curies":[{"name":"wp","href":"https:\/\/api.w.org\/{rel}","templated":true}]}}